{"id":296,"date":"2014-01-15T00:05:37","date_gmt":"2014-01-14T22:05:37","guid":{"rendered":"http:\/\/www.comedian-harmonists.net\/?page_id=296"},"modified":"2023-09-30T16:26:49","modified_gmt":"2023-09-30T14:26:49","slug":"roman-cycowski","status":"publish","type":"page","link":"http:\/\/www.comedian-harmonists.net\/?page_id=296","title":{"rendered":"Roman Cycowski"},"content":{"rendered":"<p><strong>von Broody<\/strong><br \/>\n&nbsp;<\/p>\n<h5>\n<p style=\"text-align: center;\">Josef Berish <span style=\"text-decoration: underline;\">Roman<\/span> CYCOWSKI<\/p>\n<\/h5>\n<p><b>* 24.1.1901 in Tuszyn (RU)<br \/>\n\u2020 9.11.1998 in Palm Springs (USA)<\/b><br \/>\n&nbsp;<br \/>\nRoman Cycowski wurde am 24. Januar 1901 im damals russischen Tuszyn in der N\u00e4he von Lodz in einem j\u00fcdischen Elternhaus geboren. Von seinen Kollegen und auf Konzertank\u00fcndigungen und Programmzetteln wurde er sp\u00e4ter Roman genannt, w\u00e4hrend er in offiziellen Dokumenten meist als Josef Cycowski erschien.<br \/>\nSein Vater, Schlama Cycowski, war Textilh\u00e4ndler und -fabrikant und besa\u00df eine kleine Spinnerei. Seine Mutter stammte aus Warschau. Roman Cycowski hatte acht Geschwister, seine j\u00fcngste Schwester wurde 1908 geboren. Vier der Geschwister starben jedoch schon fr\u00fch. Mit sieben Jahren sang Roman Cycowski bereits in der Synagoge, ab 1909 besuchte er eine Talmudschule in Lodz und nachmittags eine weltliche Schule in Piotrkow. Durch seinen Kantor erhielt er eine umfangreiche Ausbildung in Musiktheorie und Harmonielehre. Ab 1914 besuchte er eine Schule in Lodz und lernte Musik bei einem j\u00fcdisch-russischen Komponisten namens Silvers.<br \/>\nW\u00e4hrend der Schlacht um Lodz zwischen russischen und deutschen Truppen im Jahr 1914 wurde die Spinnerei seines Vaters zerst\u00f6rt. Ab 1918 diente Roman Cycowski beim polnischen Milit\u00e4r in einer Kaserne in Lodz, das nun zum wiederhergestellten Polen geh\u00f6rte. 1919 wurde er auf eigenen Wunsch aus der Armee entlassen.<br \/>\n1920 ging Roman Cycowski mit dem Ausweis eines verstorbenen Cousins illegal nach Deutschland. Seine Eltern sah er nie mehr wieder. Zuerst ging er nach Beuthen in Oberschlesien (heute Bytom\/Polen) und arbeitete in einem Eisenwarengesch\u00e4ft, dass dem Vorsteher der \u00f6rtlichen Synagoge geh\u00f6rte. Er sang im dortigen Synagogenchor und wurde als S\u00e4nger f\u00fcr das Stadttheater Beuthen entdeckt. Dort trat er unter dem Pseudonym \u201eFritz M\u00fchlstein\u201c auf und vervollkommnete seine F\u00e4higkeiten nebenbei am \u00f6rtlichen Konservatorium bei Professor Kauf und dem Operettentenor Steinberger. Au\u00dferdem arbeitete er an seiner deutschen Aussprache.<br \/>\nVon Juni bis August 1921 war Roman Cycowski dann an der Waldoper in Zoppot engagiert, unter anderem als Leierkastenmann in dem Singspiel \u201eDreim\u00e4derlhaus\u201c und als Dr. Falke in der Operette \u201eDie Fledermaus\u201c. Ab September 1921 sang er an der Oper in Danzig. 1922 wechselte Roman Cycowski als lyrischer Opernbariton ans Stadttheater Stralsund und sang den Baron Oskar in der \u201eFledermaus\u201c. Er wohnte dort zur Untermiete bei Sanit\u00e4tsrat Dr. Dummrath, Alter Markt 16, und studierte bei Kammers\u00e4nger Eppert. Im Sommer 1923 war Roman Cycowski am Sommertheater Bad Oeyenhausen engagiert, ab September als Erster Bariton am Stadttheater Guben (damals Niederschlesien). Dort sang er im \u201eWaffenschmied\u201c, als Zar Peter I. in \u201eZar und Zimmermann\u201c, als Wolfram von Eschinbach in \u201eTannh\u00e4user\u201c und als Torero Escamillo in \u201eCarmen\u201c. Ab 1925 sang Roman Cycowski in Cottbus, wie immer unter dem Pseudonym \u201eFritz M\u00fchlstein\u201c bzw. \u201eErnst M\u00fchlstein\u201c. Ab Herbst 1926 war er in Rostock engagiert. u. a. als Graf von Luna im \u201eTroubadur\u201c, als Georg Germont in \u201eLa Traviata\u201c, als Graf Ren\u00e9 Ankarstr\u00f6m in \u201eMaskenball\u201c sowie in der Titelfigur des Hofnarren in \u201eRigoletto\u201c.<\/p>\n<p>Ab Ende 1926 lebte Roman Cycowski in Berlin und studierte an der dortigen Musikhochschule Gesang bei Max Barth, unter anderem gemeinsam mit Hans Rexeis, dem sp\u00e4teren ersten Tenor der Comedy Harmonists. Nebenbei tingelte er einige Monate lang durch die Provinz, als S\u00e4nger zur Begleitung von Stummfilmen. Im gleichen Jahr wurde er aus der polnischen Staatsb\u00fcrgerschaft entlassen, weil er einer Einberufung zur polnischen Armee nicht nachgekommen war. Seitdem galt Roman Cycowski als Staatenloser, was ihm sp\u00e4ter Schwierigkeiten bei der Einreise in andere Staaten und bei Auftrittsgenehmigungen f\u00fcr die Comedian Harmonists einbrachte. Die erste Adresse von Roman Cycowski in Berlin war ein winziges m\u00f6bliertes Zimmer in der Wilmersdorfer Str. 152 a in Berlin-Charlottenburg, das er zur Untermiete bewohnte. 1927 nahm er f\u00fcr ein halbes Jahr Gesangsstunden bei dem f\u00fchrenden italienischen Bariton Ricardo Stracciari in Mailand. Bei einem Engagement ab September 1927 als Chors\u00e4nger f\u00fcr das Singspiel \u201eMikado\u201c am Gro\u00dfen Schauspielhaus in Berlin lernte er Robert Biberti und Ari Leschnikoff kennen. Auch w\u00e4hrend der folgenden Monate nahm Roman Cycowski Stummfilm-Engagements an, um Geld zu verdienen.<br \/>\nIm M\u00e4rz 1928 brachte Robert Biberti Roman Cycowski mit zu den Melodiemakers, als Ersatz f\u00fcr den Bariton Theodor Steiner, ehemaliger Mitbegr\u00fcnder der Gruppe, der aus unbekannten Gr\u00fcnden aus dem Ensemble ausschied. Roman Cycowski f\u00fcgte sich mit seiner gut ausgebildeten, aber nicht dominanten Baritonstimme hervorragend in den Klang der ab September 1928 Comedian Harmonists genannten Gruppe ein. Er galt als das ruhige, ausgleichende Element in der Gruppe und freundete sich insbesondere mit Ari Leschnikoff an. Ab Mai 1929 trat er auch in offiziellen Schreiben und Vertr\u00e4gen der Gruppe in Erscheinung. Im Oktober geh\u00f6rte er zu den Unterzeichnern eines Vertrages der Comedian Harmonists f\u00fcr Schallplattenaufnahmen mit der Lindstr\u00f6m-Aktiengesellschaft. Er erlebte den wachsenden k\u00fcnstlerischen Erfolg der Gruppe und partizipierte wie die anderen Mitglieder vom ungeahnten Wohlstand durch die immensen Einnahmen.<\/p>\n<p>1929 lernte Roman Cycowski in K\u00f6ln seine sp\u00e4tere Ehefrau Maria Magdalena Panzram (*5.3.1907 in Dortmund &#8211; \u202018.1.2006 in Palm Springs, USA) kennen, die Tochter eines Maschinenmeisters. Beide wohnten sp\u00e4ter in der Kantstra\u00dfe 134 b in Berlin-Charlottenburg, und Roman Cycowski richtete ihr 1930 in der Stromstra\u00dfe 20\/21 ein Bonbongesch\u00e4ft ein, das aber offenbar nicht sehr erfolgreich war. 1933 wurden beide nach j\u00fcdischem Ritus verheiratet, wozu Maria Panzram zum j\u00fcdischen Glauben \u00fcbertrat. Sie wohnten danach gemeinsam in der Xantener Str. 14 in Berlin-Charlottenburg. Die standesamtliche Trauung fand allerdings erst 1937 in London statt. Roman Cycowski versuchte, die d\u00e4nische Staatsb\u00fcrgerschaft zu bekommen, da er immer noch Staatenloser war. Dies scheiterte jedoch daran, dass er nicht die vorgeschriebene Aufenthaltsdauer in D\u00e4nemark nachweisen konnte.<\/p>\n<p>Mit der Machtergreifung der Nationalsozialisten, insbesondere mit der Einrichtung der Reichskulturkammer, machten sich erste Restriktionen gegen j\u00fcdische K\u00fcnstler in Deutschland bemerkbar, obwohl Roman Cycowski sp\u00e4ter bekundete, davon kaum etwas gesp\u00fcrt zu haben. Als vorl\u00e4ufiges Mitglied in der Reichsmusikkammer wurde er unter der Mitglieds-Nummer 12826 als \u201eVolljude, S\u00e4nger\u201c gef\u00fchrt und wie Harry Frommermann und Erich Collin in einer \u201eListe der Nichtarier\u201c registriert.<br \/>\nMit der Aufnahme von Robert Biberti, Erwin Bootz und Ari Leschnikoff in die Reichsmusikkammer im Februar 1935 und der Ablehnung der Aufnahme der drei \u201enichtarischen\u201c Mitglieder stand Roman Cycowski vor der Entscheidung, wo und wie er sein k\u00fcnftiges Leben verbringen kann und ob er weiterhin als S\u00e4nger t\u00e4tig sein w\u00fcrde. Zusammen mit seiner Frau schloss er sich Erich Collin und Harry Frommermann an und ging mit ihnen gemeinsam nach Wien. Sein eigener endg\u00fcltiger Ablehnungsbescheid vom 4. September 1935 zum Aufnahmeantrag in die Reichsmusikkammer erreichte ihn schon nicht mehr. Zu dieser Zeit wohnten Roman Cycowski und seine Frau bereits zur Untermiete in der P\u00f6tzleinsdorfer Stra\u00dfe 56 im 18. Wiener Bezirk.<\/p>\n<p>Mit den Comedy Harmonists erlebte Roman Cycowski den schwierigen Neuanfang in Wien, die allm\u00e4hlich wieder stattfindenden Konzerte, Film- und Schallplattenaufnahmen und Tourneen in \u00d6sterreich, Skandinavien, Italien, Frankreich, in der Sowjetunion, Belgien, den Niederlanden und in der Tschechei. Ab M\u00e4rz 1937 wohnte er mit seiner Frau in der Oberen Donaustra\u00dfe 93 in Wien. W\u00e4hrend eines Aufenthaltes in London, wo Plattenaufnahmen stattfanden, heiratete Roman Cycowski am 16. Juni 1937 in Hampstead standesamtlich seine Maria, die er sp\u00e4ter nur \u201eMary\u201c nannte und mit der er bis an sein Lebensende zusammen blieb. Ihr gemeinsamer Trauzeuge war Harry Frommermann. W\u00e4hrend des Londoner Exils lebte das junge Paar in der Adamson Road in Hampstead, sp\u00e4ter dann in Australien mit den anderen Mitgliedern der Gruppe in einem von ihnen gekauften Haus in Sydney.<\/p>\n<p>Roman Cycowski versorgte seine in Polen lebende Familie mit finanziellen Zuwendungen. Nach der Besetzung Polens durch Nazi-Deutschland im Jahr 1939 bem\u00fchte er sich um Ausreisepapiere f\u00fcr seine Angeh\u00f6rigen. Bei einer geplanten USA-Tournee Anfang 1940 erfuhren die Comedy Harmonists, dass eine R\u00fcckreise per Schiff nach Europa oder Australien wegen des U-Boot-Krieges nicht mehr m\u00f6glich ist. M\u00fchsam schlugen sie sich mit Auftritten auf kleinen B\u00fchnen und in Nachtclubs durch. Im M\u00e4rz 1941 erfuhr Roman Cycowski, dass sein Vater im Ghetto von Lodz ermordet worden war. Er erinnerte sich an das Versprechen, Kantor zu werden, das er seinem Vater gegeben hatte. Also verlie\u00df er die Gruppe im Mai 1941. Dies war gleichzeitig das Ende der Comedy Harmonists.<br \/>\nRoman Cycowski fuhr mit Mary nach Los Angeles zu einem Cousin von ihm. Der hatte ihn ermuntert, von seinen Ersparnissen einen Nachtclub in Indio zu er\u00f6ffnen, um so Geld f\u00fcr die Ausreise seiner Verwandten aus dem Ghetto von Lodz zu verdienen. Da Roman Cycowski nur ein Touristenvisum f\u00fcr die Vereinigten Staaten besa\u00df, durfte er nur als stiller Teilhaber fungieren. Allerdings trat er in dem \u201eHawaiian Club\u201c auch als S\u00e4nger auf. Doch zum Jahresende 1941 war das Unternehmen bankrott.<br \/>\nUm seine Schulden zu tilgen, arbeitete Roman Cycowski noch bis zum Fr\u00fchjahr 1942 weiter. Dann nahm er eine Kantorenstelle der j\u00fcdischen Gemeinde Shaarei Tefila in Los Angeles an. W\u00e4hrend des Krieges gestaltete er Gottesdienste, die per Radio nach Europa \u00fcbertragen wurden, f\u00fcr j\u00fcdische Soldaten in den US-Streitkr\u00e4ften.<br \/>\n1947 wurde Roman Cycowski Kantor der Beth-Israel-Synagoge in San Francisco, wo er bis zu seiner Pensionierung im Jahr 1971 blieb. Er war dort S\u00e4nger, musikalischer Direktor, Chorleiter, Gesangslehrer und Komponist. Von seinen zahlreichen Fernsehauftritten ist unter anderem eine Aufnahme aus dem Jahr 1955 mit dem Gebetslied \u201eSchomer Yisrael\u201c erhalten geblieben. Am 6. M\u00e4rz 1960 sang er in der Weltpremiere des Oratoriums \u201eQueen Esther\u201c im War Memorial Opera House in San Francisco den Mordecai. Da es Roman Cycowski wirtschaftlich schnell besser ging, unterst\u00fctzte er zeitweilig Harry Frohman finanziell. Mit ihm und Erich Collin stand er weiterhin in Kontakt, allerdings lehnte er alle ihre Bitten ab, wieder in einer Gesangsgruppe im Stil der Comedian Harmonists mitzuwirken.<\/p>\n<p>1951 baute sich Familie Cycowski ein Haus in der Oak Avenue in San Rafael\/Kalifornien mit Blick auf die San Francisco Bay. Im Sommer 1954 besuchte Roman Cycowski seine Schwester in Paris, die das KZ Auschwitz \u00fcberlebt hatte. Sp\u00e4ter erfuhr er, dass alle seine \u00fcbrigen Angeh\u00f6rigen aus Polen in Auschwitz umgekommen waren.<br \/>\nIm Fr\u00fchjahr 1955 besuchte Roman Cycowski f\u00fcr ein paar Tage Eric Collin in Los Angeles. 1956 stelle auch Roman Cycowski einen Entsch\u00e4digungsantrag bei den deutschen Beh\u00f6rden und wurde dabei u. a. durch eine eidesstattliche Erkl\u00e4rung von Robert Biberti \u00fcber die Einnahmen von 1928 bis 1935 unterst\u00fctzt. Daraus entwickelte sich vor\u00fcbergehend ein Briefwechsel, und beide luden sich gegenseitig ein. Roman Cycowski erhielt eine lebenslange Entsch\u00e4digungsrente aus Deutschland. Gemeinsam mit Harry Frohman und Erich Collin meldete er 1959 auch Anspr\u00fcche wegen entgangener Lizenzeinnahmen bei der Schallplattenfirma Electrola an. Nach mehrj\u00e4hrigen Aufenthaltsgenehmigungen stellte Mary Cycowski im Mai 1960 einen Antrag auf Einb\u00fcrgerung in die USA, Roman Cycowski erst im April 1964. 1966 kaufte sich Familie Cycowski ein Grundst\u00fcck in Tilborun\/Kalifornien und baute sich ein neues Haus. Nach seiner Pensionierung zog Roman Cycowski mit seiner Frau im September 1971 nach Palm Springs\/Kalifornien. Doch auch hier setzte er sich nicht zur Ruhe, sondern wirkte bis 1991 als Kantor der dortigen Isaiah-Synagoge. Der Tempel war nur 9 Monate im Jahr ge\u00f6ffnet, die hei\u00dfen Sommermonate verbrachte Familie Cycowski meist im k\u00fchleren San Diego.<br \/>\nIn den 1970er Jahren unternahm Roman Cycowski mit seiner Frau zahlreiche Reisen, darunter auch regelm\u00e4\u00dfige Erholungsreisen nach Baden-Baden. Bei diesen Besuchen in Deutschland kam es auch zum Wiedersehen mit Harry Frohman in Bremen.<br \/>\nBereits 1973 gab es die Idee des Senats von Berlin, die Comedian Harmonists anl\u00e4sslich ihres 45-j\u00e4hrigen Gr\u00fcndungstages noch einmal auftreten zu lassen, wobei der inzwischen verstorbene Erich Collin durch Alfred Grunert ersetzt werden sollte. Robert Biberti schrieb: <em>\u201eRoman, sieh zu, da\u00df das zustande kommt. Ich kann Dir gar nicht sagen, wie ich mich freuen w\u00fcrde, Dich wiederzusehen.\u201c<\/em> Dazu kam es jedoch nicht.<br \/>\nRoman Cycowski erlebte das Comeback der Musik der Comedian Harmonists auf Schallplatten. Auch viele Autogramm-Anfragen aus Deutschland beantwortete er und empfing Besucher in seinem Haus, die sich f\u00fcr die Comedian Harmonists interessierten. Wie die anderen noch lebenden Mitglieder der Comedian Harmonists wurde auch Roman Cycowski von Eberhard Fechner interviewt, Anfang Januar 1976. Mit Fechner verband ihn fortan eine herzliche Freundschaft. Das Wiedersehen von Roman Cycowski mit Robert Biberti fand erst 1977 in Berlin statt \u2013 nach 42 Jahren. Inzwischen war auch Harry Frohman verstorben, und an einen gemeinsamen Auftritt dachte niemand mehr. Roman Cycowski besuchte gemeinsam mit seiner Frau nach einem Kuraufenthalt in Baden-Baden Eberhard Fechner in Hamburg und sah in dessen Wohnung zum ersten Mal dessen Fernsehdokumentation. Anschlie\u00dfend kam Erwin Bootz zu Besuch in das Hamburger Hotel, in dem Roman Cycowski mit seiner Frau wohnte. Auf der R\u00fcckreise machte Familie Cycowski einen Abstecher nach Bremen, um die Lebensgef\u00e4hrtin von Harry Frohman zu besuchen. 1978 flog Roman Cycowski mit seiner Frau nach Jerusalem. Wahrscheinlich besuchte Familie Cycowski im Jahr 1979 erneut Berlin.<br \/>\nNach dem Tod von Robert Biberti im Jahr 1985 war Roman Cycowski der letzte noch lebende der ehemaligen Comedian Harmonists. Im Juni 1988 schrieb er eine Widmung f\u00fcr Eberhard Fechners Buch \u201eComedian Harmonists \u2013 Sechs Lebensl\u00e4ufe\u201c und im Jahr 1993 eine weitere f\u00fcr Peter Czadas Buch \u201eComedian Harmonists \u2013 Ein Vokalensemble erobert die Welt\u201c.<\/p>\n<p>In Vorbereitung von Joseph Vilsmaiers Kinofilm \u00fcber die Comedian Harmonists im Jahr 1997 sprach Roman Cycowski mit dem Regisseur, gab ein Interview f\u00fcr das \u201eMaking of\u201c zum Film und war schlie\u00dflich das einzige ehemalige Mitglied der Gruppe, das diesen Film noch erlebte. Darin wird seine Rolle von Heino Ferch verk\u00f6rpert. Zur Filmpremiere konnte Roman Cycowski aus gesundheitlichen Gr\u00fcnden nicht mehr nach Deutschland kommen. Er wurde im Fr\u00fchjahr 1998 in seinem Haus in Palm Springs, 961 N Coronet Circle, von den Schauspielern Kai Wiesinger und Ben Becker besucht.<\/p>\n<p>Roman Cycowski war neben Erwin Bootz das einzige Mitglied der Comedian Harmonists, f\u00fcr den diese Zeit nur als eine Episode in seinem Leben galt und der seine k\u00fcnstlerische Laufbahn ein Leben lang fortsetzte. Urspr\u00fcnglich wollte er nur vor\u00fcbergehend bei den Comedian Harmonists bleiben, um seine Ausbildung als Operns\u00e4nger finanzieren zu k\u00f6nnen, damit er sp\u00e4ter seinem Vorbild Heinrich Schlusnus nacheifern k\u00f6nne. Sein Hobby war Astronomie und er besichtigte bei seinen Reisen und auf Tourneen alle m\u00f6glichen Observatorien. Roman Cycowski starb am 9. November 1998 im Alter von 97 Jahren und wurde im Desert Memorial Park in Palm Springs beigesetzt.<\/p>\n<p>Mary Cycowski litt in den folgenden Jahren an zunehmender Demenz und wurde betreut. Seit Anfang 2005 lebte sie in einem Pflegeheim. Sie starb 98-j\u00e4hrig am 18. Januar 2006 in Palm Springs als Letzte derjenigen, die die Comedian Harmonists als Mitglieder oder deren Angeh\u00f6rige selbst erlebt hatten.<br \/>\nDie \u00fcberlebende Schwester von Roman Cycowski heiratete nach dem Krieg nach Paris. Sie starb 1966 und wurde in Israel beigesetzt.<\/p>\n<p>An der letzten bekannten Adresse der Familie Cycowski in Berlin (Charlottenburg-Wilmersdorf, Xantener Str. 14) wurden im August 2023 auf Initiative von Freunden der Comedian Harmonists Stolpersteine f\u00fcr Roman und Mary Cycowski als vertriebene j\u00fcdische B\u00fcrger verlegt.<\/p>\n<p>&nbsp;<\/p>\n<hr align=\"center\" size=\"2\" width=\"100%\">\n<p style=\"text-align: center;\">Unter Verwendung von Nachl\u00e4ssen und <a href=\"http:\/\/www.comedian-harmonists.net\/?page_id=30\" title=\"Literatur\"><strong>publizierten Quellen<\/strong><\/a>.<\/p>\n<p>&nbsp;<\/p>\n","protected":false},"excerpt":{"rendered":"<p>von Broody &nbsp; Josef Berish Roman CYCOWSKI * 24.1.1901 in Tuszyn (RU) \u2020 9.11.1998 in Palm Springs (USA) &nbsp; Roman Cycowski wurde am 24. Januar 1901 im damals russischen Tuszyn&hellip; <\/p>\n","protected":false},"author":1,"featured_media":0,"parent":20,"menu_order":6,"comment_status":"closed","ping_status":"closed","template":"","meta":{"footnotes":""},"class_list":["post-296","page","type-page","status-publish","hentry"],"_links":{"self":[{"href":"http:\/\/www.comedian-harmonists.net\/index.php?rest_route=\/wp\/v2\/pages\/296","targetHints":{"allow":["GET"]}}],"collection":[{"href":"http:\/\/www.comedian-harmonists.net\/index.php?rest_route=\/wp\/v2\/pages"}],"about":[{"href":"http:\/\/www.comedian-harmonists.net\/index.php?rest_route=\/wp\/v2\/types\/page"}],"author":[{"embeddable":true,"href":"http:\/\/www.comedian-harmonists.net\/index.php?rest_route=\/wp\/v2\/users\/1"}],"replies":[{"embeddable":true,"href":"http:\/\/www.comedian-harmonists.net\/index.php?rest_route=%2Fwp%2Fv2%2Fcomments&post=296"}],"version-history":[{"count":9,"href":"http:\/\/www.comedian-harmonists.net\/index.php?rest_route=\/wp\/v2\/pages\/296\/revisions"}],"predecessor-version":[{"id":2435,"href":"http:\/\/www.comedian-harmonists.net\/index.php?rest_route=\/wp\/v2\/pages\/296\/revisions\/2435"}],"up":[{"embeddable":true,"href":"http:\/\/www.comedian-harmonists.net\/index.php?rest_route=\/wp\/v2\/pages\/20"}],"wp:attachment":[{"href":"http:\/\/www.comedian-harmonists.net\/index.php?rest_route=%2Fwp%2Fv2%2Fmedia&parent=296"}],"curies":[{"name":"wp","href":"https:\/\/api.w.org\/{rel}","templated":true}]}}