{"id":491,"date":"2014-02-26T22:30:16","date_gmt":"2014-02-26T20:30:16","guid":{"rendered":"http:\/\/www.comedian-harmonists.net\/?page_id=491"},"modified":"2023-09-30T16:23:33","modified_gmt":"2023-09-30T14:23:33","slug":"erich-collin","status":"publish","type":"page","link":"http:\/\/www.comedian-harmonists.net\/?page_id=491","title":{"rendered":"Erich Collin"},"content":{"rendered":"<p><strong>von Broody<\/strong><br \/>\n&nbsp;<\/p>\n<h5>\n<p style=\"text-align: center;\"><span style=\"text-decoration: underline;\">Erich<\/span> Max Adolf COLLIN<br \/>\n(eigtl. Erich Max Adolf Abraham)<br \/>\nab 1949 Eric Abraham Collin<\/h5>\n<p><b>* 26.8.1899 in Berlin<br \/>\n\u2020 29.4.1961 in Los Angeles (USA)<\/b><br \/>\n&nbsp;<\/p>\n<blockquote><p><span style=\"text-decoration: underline;\">Anm.<\/span>: Der Name Abraham ist Geburtsname. W\u00e4hrend sich seine Mutter nach der Scheidung durch Hinzuf\u00fcgung ihres M\u00e4dchennamens <em>Abraham-Collin<\/em>, sp\u00e4ter dann <em>Collin-Abraham<\/em> nannte, benutzte ihr Sohn als Erwachsener bis zu seiner Einb\u00fcrgerung in die USA neben dem Namen <em>Erich Collin<\/em> teilweise die Namensvarianten <em>Erich Abraham<\/em>, <em>Erich Collin Abraham<\/em>, <em>Erich Abraham-Collin<\/em> bzw. <em>Erich A. Collin<\/em> sowie <em>Erich Abraham, gen. Collin<\/em>.<\/p><\/blockquote>\n<p>Erich Collin wurde am 26. August 1899 in Berlin in seinem Elternhaus in der Magdeburger Str. 20 geboren. Sein Vater war der j\u00fcdische Kinderarzt Dr. med. Paul Hermann Abraham, Mitglied der Gesellschaft f\u00fcr Kinderheilkunde und Vorstandsmitglied der Gesellschaft f\u00fcr Mutter- und Kindesrecht e. V. Seine Mutter Johanna Elsbeth (\u201eElse\u201c) Collin war Hausfrau und evangelischer Religion. Seine Schwester Ilse Charlotte Marie wurde 1892 geboren. Die Zwillinge Bruno und Peter Paul Abraham starben 1894 bereits wenige Tage nach der Geburt. Collins Schwester Anne-Marie, genannt \u201eMimi\u201c, wurde im Jahr 1902 geboren. W\u00e4hrend der Kindheit brachte die Schweizer Gouvernante \u201eSello\u201c ihm die franz\u00f6sische Sprache, franz\u00f6sische Lieder und etwas Harmonielehre bei. Die Familie war sehr musikalisch, der Vater spielte Geige, die Mutter und die Schwestern spielten Klavier. Es ist \u00fcberliefert, dass Erich Collin mit seinem Vater und dessen Freund Albert Einstein einmal gemeinsam Geige gespielt hat.<br \/>\nIm Jahr 1906 trennten sich die Eltern, Else Collin zog mit ihren Kindern in die Maa\u00dfenstra\u00dfe 34 nahe dem L\u00fctzowplatz. Die Kinder besuchten aber den Vater regelm\u00e4\u00dfig, u. a. in dessen privatem Kindersanatorium \u201eHaus Birkeneck\u201c in der Viktoriastra\u00dfe in Neu-Babelsberg (heute zu Potsdam). Ab 1909 besuchte Erich Collin das Mommsen-Gymnasium in der Wormser Stra\u00dfe in Berlin, wo er regelm\u00e4\u00dfig bei Sch\u00fclerkonzerten sang. Au\u00dferdem nahm er privaten Geigen- und Gesangsunterricht. Nach dem Abitur wurde er kurz vor Ende des Ersten Weltkrieges noch zum Milit\u00e4r eingezogen, aber bald nach der Grundausbildung wieder entlassen. Von November 1918 bis Sommer 1922 studierte Erich Collin in Berlin und M\u00fcnchen Medizin. Er wohnte mit seiner Mutter und seinen Schwestern zu dieser Zeit in der Uhlandstra\u00dfe 31, die Familie zog 1922 in die Fichtestra\u00dfe 62 in Berlin-Steglitz. Aus unbekannten Gr\u00fcnden brach er das Studium ab und machte ab 1922 eine Lehre als Bankkaufmann und erlebte die Geldentwertung durch die Inflation bis zum November 1923. Im gleichen Jahr starb sein Vater. Von 1924 bis 1927 (laut anderen Quellen von 1925 bis 1929) studierte Erich Collin Gesang und Violine an der Musikhochschule Berlin. Dort machte er die Bekanntschaft von Erwin Bootz.<\/p>\n<p>Im Fr\u00fchjahr 1929 hatten die Comedian Harmonists k\u00fcnstlerische Probleme mit ihrem zweiten Tenor Willi Steiner, der erst seit M\u00e4rz 1929 als Nachfolger von Walter Nussbaum mitgewirkt hatte. Erwin Bootz brachte im M\u00e4rz Erich Collin zu den Comedian Harmonists, und die Gruppe probte schon mit Collin als zweitem Tenor, w\u00e4hrend sie ein Monatsengagement in Hamburg noch mit Steiner absolvierte, der dann Anfang April entlassen wurde. Am 18. April 1929 sang Erich Collin erstmalig bei einer Plattenaufnahme mit. Offenbar passte er sich hervorragend in den Ensembleklang ein und erg\u00e4nzte vor allem die hohe Stimme Leschnikoffs sehr gut. Obwohl er eine volumin\u00f6se Stimme besa\u00df, die durchaus einem Operntenor zur Ehre gereicht h\u00e4tte, besa\u00df Collin die umso wertvollere Gabe, sich stimmlich zur\u00fcckzunehmen und den harmonisch anspruchsvollen Part des zweiten Tenors vortrefflich zu beherrschen. Allm\u00e4hlich sorgten die B\u00fchnenerfolge der Comedian Harmonists in Berlin und auch gefeierte Auftritte in anderen St\u00e4dten Deutschlands f\u00fcr deren Bekanntheit. Mit der Popularit\u00e4t und der zunehmenden Verbreitung auf Schallplatten und im Rundfunk wuchsen auch die Einnahmen.<br \/>\nCollin erledigte innerhalb des Ensembles einen Gro\u00dfteil der Korrespondenz und der gesch\u00e4ftlichen Verhandlungen, insbesondere mit ausl\u00e4ndischen Konzertagenturen. Auch f\u00fcr Verhandlungen mit Film- und Schallplattenfirmen hatte er die Vollmacht seiner Kollegen. Ab 1931 besa\u00df er in der Wohnung seiner Mutter in der Fichtestr. 62 einen eigenen Telefonanschluss. Erich Collin galt als der Gentleman oder Bonvivant der Gruppe, er war gebildet, kultiviert, sprach Franz\u00f6sisch und trug zuweilen ein Monokel, hatte aber auch den Ruf, ein \u201ezerstreuter Professor\u201c zu sein.<\/p>\n<p>Im Fr\u00fchjahr 1930 lernte Erich Collin bei einer Konzertreise nach Frankfurt am Main in einem Tanzlokal Fernande Holzamer, genannt \u201eNante\u201c (*11.09.1909 in Paris, \u202017.08.1995 in Los Angeles) kennen, die Tochter eines deutschen Schneiders und einer Franz\u00f6sin. Sie machte in ihrer Heimatstadt Frankfurt gerade eine Lehre als Schneiderin. Am 30. Juni 1931 heirateten beide in Frankfurt am Main. Nach der Heirat trug sie den Familiennamen Abraham, benutzte aber sp\u00e4ter auch den Doppelnamen Abraham-Collin. Ab 1932 bewohnte Familie Collin eine gr\u00f6\u00dfere Wohnung in der Carmerstra\u00dfe 7 in Berlin-Charlottenburg, gegen\u00fcber dem Wohnhaus von Robert Biberti. Am 31. M\u00e4rz desselben Jahres wurde die gemeinsame Tochter Eva Suzanne, genannt \u201eSuse\u201c (1932\u20131994) in Berlin geboren. Ab Oktober 1934 wohnte die Familie in der Landhausstra\u00dfe 42 in Berlin-Wilmersdorf.<\/p>\n<p>Mit der Machtergreifung der Nationalsozialisten und der Einrichtung einer Reichskulturkammer wurde Erich Collin zun\u00e4chst wie alle anderen K\u00fcnstler als vorl\u00e4ufiges Mitglied aufgenommen und in der Reichsmusikkammer als <em>Erich Abraham<\/em> unter der Mitglieds-Nummer 12825 gef\u00fchrt. Auch er wurde \u2013 wie Harry Frommermann und Roman Cycowski &#8211; in einer \u201eListe der Nichtarier\u201c erfasst. Obwohl nicht religi\u00f6s und sogar getauft, war auch Erich Collin vom Rassenwahn der Nationalsozialisten betroffen. Durch den Ausschluss aus der Reichsmusikkammer im Februar 1935 verlor er die M\u00f6glichkeit, in Deutschland weiter als K\u00fcnstler t\u00e4tig zu sein.<\/p>\n<p>Nach der Emigration nach Wien und der Gr\u00fcndung der Comedy Harmonists war Erich Collin wiederum deren zweiter Tenor. Gemeinsam wohnte er mit seiner Frau Fernande und Tochter Suse in der Wallriessstra\u00dfe 102 im 18. Wiener Bezirk. Die ausgedehnten Tourneen machten Ehefrau und Tochter aber nicht mit, sp\u00e4testens seit 1938 blieben beide bei Verwandten in Paris. Ab 1939 wohnte Fernande Abraham mit ihrer Tochter zun\u00e4chst in der Rue Francis de Pressense 18 in Lyon-Villeurbann. Erich Collin versuchte, Frau und Tochter nach Australien kommen zu lassen, es gab jedoch Schwierigkeiten bei der Beschaffung von P\u00e4ssen. Seine Schwester Charlotte war schon fr\u00fcher in die Schweiz ausgewandert. Die Mutter, die zuletzt als Else Collin-Abraham in der Fasanenstra\u00dfe 42 in Berlin-Wilmersdorf gelebt hatte, folgte ihrer Tochter Charlotte 1939 nach Luzern. Als Fernande und Suzanne Abraham endlich die Papiere f\u00fcr die Ausreise bekamen, war die \u00dcberfahrt per Schiff wegen des Krieges bereits zu gef\u00e4hrlich geworden.<\/p>\n<p>Auch bei den Comedy Harmonists war Erich Collin f\u00fcr die gesch\u00e4ftlichen Dinge verantwortlich, handelte Vertr\u00e4ge, Konzerttermine und Gagen aus. Nach der Aufl\u00f6sung der Gruppe im Jahr 1941 erhielt er auf Vermittlung von Roman Cycowski eine Anstellung als Verk\u00e4ufer in der Weinhandlung von Cycowskis Cousin in Los Angeles. Er lebte mit seiner Frau in 141 W 47th Street. Als die Weinhandlung Anfang 1942 pleite ging, wurde Erich Collin arbeitslos. Durch Unterst\u00fctzung von Albert Einstein erhielt er ein Lektorat f\u00fcr deutsche Musik an der New Yorker Universit\u00e4t. Diese Anstellung war jedoch nur befristet. Danach war Erich Collin Verk\u00e4ufer f\u00fcr Enzyklop\u00e4dien und sp\u00e4ter in einer medizinischen Buchhandlung. Um seine Aufenthaltsgenehmigung zu erneuern und eine Arbeitserlaubnis zu erhalten, fuhr Erich Collin am 24. Oktober 1943 nach Vancouver in Kanada und reiste einen Tag sp\u00e4ter \u00fcber die Grenzstadt Blaine im Bundesstaat Washington wieder in die USA ein. Er belegte danach einen Ausbildungskurs f\u00fcr Kunststofftechnik in Pasadena und fand eine Anstellung in einer Fabrik f\u00fcr Plexiglas. Schlie\u00dflich wurde er Direktions-Assistent in einem Warenhaus f\u00fcr Damenbekleidung.<\/p>\n<p>Fernande und Eva Suzanne Abraham, die seit dem Krieg in einer Pension in Neuilly bei Paris wohnten, hatten keine M\u00f6glichkeit, aus dem von deutschen Truppen besetzten Frankreich nach Amerika zu emigrieren. Fernande nutzte nur noch ihren M\u00e4dchennamen Holzamer, sprach mit ihrer Tochter franz\u00f6sisch und gab beide als staatenlos aus. Auf diese Weise gelang es ihr, gegen\u00fcber den Besatzern ihre deutsche Staatsb\u00fcrgerschaft zu verbergen. Nach dem Krieg fehlten ihr die Mittel f\u00fcr eine \u00dcberfahrt nach Amerika. Das Geld, das Erich Collin seiner Familie gelegentlich schicken konnte, wurde f\u00fcr den Lebensunterhalt ben\u00f6tigt. Durch die finanzielle Hilfe von Erich Collins Arbeitgeber konnten Fernande und Suzanne schlie\u00dflich am 13. Januar 1947 mit der S.S. \u201eWashington\u201c die Passage von Le Havre nach New York antreten, wo sie am 22. Januar eintrafen. Nach acht Jahren sahen sie in Los Angeles ihren Ehemann und Vater wieder. Erich Collin wohnte zu dieser Zeit in einem winzigen Appartement in der Gregory Avenue 5819 in Hollywood.<\/p>\n<p>Etwa zur Jahresmitte 1947 wurde Collin erneut arbeitslos. Fernande Collin war bei der Warenhauskette \u201eMay-Company\u201c angestellt. Beide wohnten inzwischen in der North Las Palmas Avenue 800 in Los Angeles. Aus der Sehnsucht nach musikalischer Bet\u00e4tigung und aus der wirtschaftlichen Not heraus besch\u00e4ftigte sich Erich Collin ab dieser Zeit mit der Neugr\u00fcndung einer Gruppe im Stil der Comedian Harmonists. Gleich zu Beginn hatte Roman Cycowski eine Mitwirkung in einem solch unsicheren Unternehmen abgelehnt, weil er in San Francisco eine Festanstellung als Kantor hatte. Ebenso sagte Harry Frohman ab, da er noch beim RIAS in Berlin angestellt war. Schlie\u00dflich wurde Erich Collin Bariton der von ihm gegr\u00fcndeten amerikanischen Comedian Harmonists, mit Fred Bixler (Erster Tenor), Murray Pollack (Zweiter Tenor), Nicholas Shuteroff (Buffo), Arthur Atkins (Bass) und Jack Cathcart (Pianist und Arrangeur). Bei den Arrangements unterst\u00fctzte ihn Bert Reisfeld, der Komponist von \u201eMein kleiner gr\u00fcner Kaktus\u201c. Mit dem Programm \u201eFrom Classic To Jazz\u201c trat die Gruppe zun\u00e4chst in Kalifornien und ab Sommer 1948 in Finnland und Norwegen auf. Im September 1948 verstarb pl\u00f6tzlich der Tenor Shuteroff an einem Magendurchbruch. In seiner Not sandte Erich Collin noch am selben Tag per Telegramm einen Hilferuf aus Oslo an seinen alten Mitstreiter Harry in Z\u00fcrich, der sich inzwischen Frohman nannte. Kurze Zeit sp\u00e4ter stie\u00df Frohman hinzu und begann, mit der Gruppe zu proben. Sie setzten die Tournee \u00fcber D\u00e4nemark, Belgien, Frankreich, die Niederlande und die Schweiz fort. Dort machten sie in Basel im Februar 1949 sechs Aufnahmen f\u00fcr das Plattenlabel \u201eChant du Monde\u201c. Danach tourte die Gruppe durch Italien. Dort kam es zu Zerw\u00fcrfnissen zwischen Collin und Frohman auf der einen und den \u00fcbrigen Mitgliedern auf der anderen Seite. Da die neuen S\u00e4nger nicht bereit waren, unerm\u00fcdlich an einem neuen Repertoire zu arbeiten und sich lieber abendlichen Vergn\u00fcgungen hingaben, kam kein neuer Vertrag zustande. Wegen des ungen\u00fcgenden k\u00fcnstlerischen Niveaus und aus Angst um den Ruf des Namens Comedian Harmonists k\u00fcndigte Frohman seine Mitarbeit auf. Collin, der ebenfalls anderes gewohnt war, kehrte entt\u00e4uscht zu seiner Familie in die USA zur\u00fcck.<\/p>\n<p>Am 23. Dezember 1949 wurde Erich Collin (eigtl. Erich Abraham) als Eric Abraham Collin in den USA eingeb\u00fcrgert. Im selben Jahr schaffte er sich ein eigenes Auto an.<br \/>\n1951 wurde sein Enkel Marc geboren. Eric und Fernande Collin bezogen eine neue Wohnung am South Beverly Glen Boulevard 2101\u00bd in Los Angeles. Am 28. Dezember desselben Jahres wurde Fernande Abraham als Fernande Collin in den USA eingeb\u00fcrgert.<br \/>\n1952 war Eric Collin wieder arbeitslos. Aufgrund seiner Erfahrungen und seines handwerklichen Geschicks richtete er sich eine kleine Werkstatt f\u00fcr Design und Produktion von Kunststoffgegenst\u00e4nden ein, wo er u. a. Gestelle zur Pr\u00e4sentation von Uhren und Brillen als Schaufensterdekorationen anfertigte. Diese Besch\u00e4ftigung \u00fcbte er mehrere Jahre aus, obwohl er ab 1952 hauptberuflich als Plexiglas-Spezialist in der Endfertigung bei den Northrop-Flugzeugwerken t\u00e4tig war.<\/p>\n<p>Ab 1954 wohnte Familie Collin in der Missouri Avenue 10329\u00bd in West Los Angeles. Ab dem Sommer dieses Jahres machte sich Eric Collin erneut daran, eine Gesangsgruppe zu gr\u00fcnden, zum Teil mit Mitgliedern der amerikanischen Gruppe von 1948\/1949. Die Gruppe sollte schlicht \u201eThe Harmonists\u201c oder auch \u201eThe American Harmonists\u201c hei\u00dfen, auch um bei Auftritten in Europa jedweden Disput mit Biberti zu vermeiden. Es sollten wieder Collin als Bariton, Fred Bixler als erster Tenor, Murray Pollack als Tenor oder zweiter Bariton, zun\u00e4chst auch Bill Parsons als zweiter Tenor und Harry Frohman als Buffo mitwirken. Der fr\u00fchere Pianist und Arrangeur Jack Cathcart trat inzwischen mit einer eigenen Gruppe The Continentals auf, die teilweise Comedian-Harmonists-Titel wie \u201eThe Way With Every Sailor\u201c oder \u201eIn A Persian Market\u201c im Programm hatte. Zeitweilig probte Collin auch mit Don Kent, dem Bassisten Syngman Ree, dem Pianisten Walter L\u00f6sser, mit Bill Dyer sowie mit Phil Harvey als Bassbariton. Er erwog auch, das Ensemble auf sechs S\u00e4nger zu erweitern. Einige Gastspielpl\u00e4ne scheiterten schlicht an den Forderungen der S\u00e4nger. Zwar stimmten sie zu, einige Zeit unbezahlt zu proben, aber manche wollten einen Vertrag nur unter der Bedingung unterschreiben, dass eine Europa-Tournee stattfindet, w\u00e4hrend andere gerade dies kategorisch ausschlossen. Schlie\u00dflich gewann Eric Collin den jungen, talentierten Bob Hunter als Pianist und Arrangeur. Harry Frohman wollte sich die Arrangements vorbehalten und gesondert verg\u00fctet bekommen. Einige alte Titel wurden dem Zeitgeschmack angepasst, neue Lieder wurden f\u00fcr die Stimmen der S\u00e4nger arrangiert. Au\u00dferdem wollte Frohman mit einem Solo als Instrumenten- und Stimmenimitator die Auftritte erweitern. Auch daf\u00fcr forderte er eine Extrabezahlung. Zeitweilig erwog er, von der Ost- an die Westk\u00fcste umzuziehen und sich dort eventuell einen neuen Job zu suchen. Man versuchte auch, Fritz Kramer von den ehemaligen Comedy Harmonists f\u00fcr eine Mitwirkung zu gewinnen. Die neue Gruppe machte Probeaufnahmen, die von den Konzertagenten verlangt wurden, ehe sie sich f\u00fcr ein Engagement entschieden. Angedacht waren anf\u00e4ngliche Konzerte in den USA und Canada, dann ab Juni 1954 eine mehrmonatige Tournee durch Skandinavien, gefolgt von einer Tournee nach Australien und S\u00fcdafrika im Jahr 1955. Die Gruppe studierte ein Dutzend Nummern ein, darunter auch einige Comedian-Harmonists-Titel wie \u201eThe Way With Every Sailor\u201c, \u201eMenuett\u201c, \u201eGuitarre d\u2019Amour\u201c und \u201eIn A Persian Market\u201c. Eric Collin beschaffte sogar schon Werbematerial f\u00fcr die Agenturen.<br \/>\nZwischen Collin und Frohman war strittig, ob Collin \u00fcberhaupt mitsingen oder sich auf die Position des Managers zur\u00fcckziehen sollte. Es war schwierig, f\u00fcr die in verschiedenen T\u00e4tigkeiten hauptberuflich besch\u00e4ftigen S\u00e4nger gemeinsame Probenzeiten zu finden. Collin selbst arbeitete bei Northrop in wechselnden Schichten und verdiente 85 Dollar die Woche. Zwischenzeitlich erwog Harry Frohman sogar, mit Fritz Kramer und dem ehemaligen Bassisten der Comedy Harmonists, Rudolf Mayreder, eine eigene Gruppe in New York aufzubauen. Jedenfalls kam Frohman nie nach Los Angeles und hat keine Probe der neuen Gruppe erlebt. Im M\u00e4rz 1955 fand der Pianist Bob Hunter ein lukrativeres Engagement. Ohne einen Vertrag mit einer K\u00fcnstleragentur und ohne Bezahlung f\u00fcr die Proben war es f\u00fcr Collin unm\u00f6glich, die S\u00e4nger zu halten. Letztlich f\u00fchrten die Personalprobleme, die unterschiedlichen Auffassungen \u00fcber das Repertoire und \u00fcber die Mitwirkung Frohmans sowie die permanente Geldknappheit dazu, dass Eric Collin dieses Projekt 1955 trotz vielversprechender Probenergebnisse aufgab. Damit scheiterte auch endg\u00fcltig die Hoffnung von Collin und Frohman, jemals wieder ein Gesangsensemble im Stil der Comedian Harmonists auf die Beine stellen zu k\u00f6nnen. Eric Collin ging weiter seiner Arbeit nach, k\u00fcmmerte sich um seine herzkranke Frau, die inzwischen zur stellvertretenden Abteilungsleiterin aufgestiegen war, und wurde seinen Enkeln ein liebevoller Gro\u00dfvater.<\/p>\n<p>Ab 1956 k\u00fcmmerte sich Eric Collin auch um seine Entsch\u00e4digung als von den Nationalsozialisten Vertriebener. In dieser Angelegenheit korrespondierte er mit Robert Biberti, der eine eidesstattliche Erkl\u00e4rung bez\u00fcglich des Einkommens in den Jahren 1929 bis 1934 abgab. In den Folgejahren gab Collin seinerseits solche Erkl\u00e4rungen f\u00fcr Roman Cycowski und Harry Frohman ab, die die H\u00f6he der Einkommen bis 1935, die Aufl\u00f6sung der Comedian Harmonists, ihre Flucht aus Deutschland und den erzwungenen Verlust der deutschen Staatsb\u00fcrgerschaft sowie den Gesundheitsschaden Frohmans betrafen. Au\u00dferdem meldete Eric Collin gemeinsam mit Cycowski und Frohman seine Lizenzanspr\u00fcche bei der Electrola an, nachdem sie jahrelang nur geringf\u00fcgige Tantiemenzahlungen der His Masters Voice empfangen hatten. 1957 wurde Erich Collins Enkelin Deborah Ann geboren.<br \/>\nIm Jahr 1959 erhielt Eric Collin eine Entsch\u00e4digungszahlung, er und seine Frau empfingen ab 1960 kleine Verfolgtenrenten aus Deutschland. Die Familie wohnte inzwischen in der South Highland Avenue 1313 in Los Angeles.<br \/>\nEric Collin starb am 29. April 1961 in Los Angeles unerwartet w\u00e4hrend einer Blinddarmoperation an Herzversagen. Sein Grab befindet sich auf dem Hollywood Memorial Cemetery in Los Angeles.<\/p>\n<p>Collins Vater Paul Hermann Abraham heiratete 1906 Elisabeth Luise Laura Prausnitz. Die Ehe wurde 1915 geschieden, Paul Abraham heiratete noch ein drittes Mal, diesmal eine gewisse Klara Staude.<br \/>\nCollins Witwe Fernande heiratete am 21. Januar 1964 den Amerikaner Bruce P. Currie (1900\u20131980), der seinen Sohn Dan mit in die Ehe brachte.<br \/>\nAm 17. Dezember 1994 starb Erich Collins Tochter Eva Suzanne. Fernande Currie wohnte zuletzt am South Sepulveda Boulevard 3166 in Los Angeles. Sie starb am 17. August 1995 und wurde im Westwood Memorial Park in Los Angeles neben ihrem zweiten Ehemann beigesetzt.<br \/>\nDer Enkel von Eric Collin, Marc Alexander, ist Rechtsanwalt in Kalifornien. Er ist verheiratet und hat drei Kinder. Collins Enkelin Deborah Ann Tint ist K\u00fcnstlerin und lebt in New York.<br \/>\nIlse Charlotte Marie Abraham studierte in M\u00fcnchen Philologie und heiratete 1915 den Schweizer Arzt Martin Ernst Naef, wodurch sie die Schweizer Staatsb\u00fcrgerschaft erlangte. 1916 wurde in Leipzig ihr Sohn Paul Andreas Naef geboren, sp\u00e4ter \u00fcbersiedelte die Familie in die Schweiz.<br \/>\nAnne-Marie Abraham-Collin war bis 1939 Lehrerin an einer j\u00fcdischen Schule in Berlin und wanderte dann nach Australien aus, wo sie am 1. Oktober 1939 in Melbourne ankam. Nach Kriegsende blieb Anne-Marie Collin in Australien und arbeitete dort weiter als Lehrerin. Am 7. Dezember 1945 wurde sie australische Staatsb\u00fcrgerin. Ende 1960 besuchte sie ihren Bruder und seine Familie in Los Angeles. Eberhard Fechner interviewte Anne-Marie Collin im Dezember 1975 bei ihrer Schw\u00e4gerin Fernande Currie in Los Angeles. Anne-Marie Abraham-Collin, die zuletzt in der Roslyn Street 57 in Brighton Beach\/Victoria lebte, starb am 5. April 1980 in Hornsby\/Australien.<\/p>\n<p>An der letzten bekannten Adresse der Familie Collin in Berlin (Charlottenburg-Wilmersdorf, Landhausstra\u00dfe 42) wurden im August 2023 auf Initiative von Freunden der Comedian Harmonists Stolpersteine f\u00fcr Erich, Fernande und Suzanne Collin als vertriebene j\u00fcdische B\u00fcrger verlegt.<\/p>\n<p>&nbsp;<\/p>\n<hr width=\"100%\" size=\"2\" align=\"center\">\n<p style=\"text-align: center;\">Unter Verwendung von Nachl\u00e4ssen und <a href=\"http:\/\/www.comedian-harmonists.net\/?page_id=30\" title=\"Literatur\"><strong>publizierten Quellen<\/strong><\/a>.<\/p>\n<p>&nbsp;<\/p>\n","protected":false},"excerpt":{"rendered":"<p>von Broody &nbsp; Erich Max Adolf COLLIN (eigtl. Erich Max Adolf Abraham) ab 1949 Eric Abraham Collin * 26.8.1899 in Berlin \u2020 29.4.1961 in Los Angeles (USA) &nbsp; Anm.: Der&hellip; <\/p>\n","protected":false},"author":1,"featured_media":0,"parent":20,"menu_order":2,"comment_status":"closed","ping_status":"closed","template":"","meta":{"footnotes":""},"class_list":["post-491","page","type-page","status-publish","hentry"],"_links":{"self":[{"href":"http:\/\/www.comedian-harmonists.net\/index.php?rest_route=\/wp\/v2\/pages\/491","targetHints":{"allow":["GET"]}}],"collection":[{"href":"http:\/\/www.comedian-harmonists.net\/index.php?rest_route=\/wp\/v2\/pages"}],"about":[{"href":"http:\/\/www.comedian-harmonists.net\/index.php?rest_route=\/wp\/v2\/types\/page"}],"author":[{"embeddable":true,"href":"http:\/\/www.comedian-harmonists.net\/index.php?rest_route=\/wp\/v2\/users\/1"}],"replies":[{"embeddable":true,"href":"http:\/\/www.comedian-harmonists.net\/index.php?rest_route=%2Fwp%2Fv2%2Fcomments&post=491"}],"version-history":[{"count":14,"href":"http:\/\/www.comedian-harmonists.net\/index.php?rest_route=\/wp\/v2\/pages\/491\/revisions"}],"predecessor-version":[{"id":2433,"href":"http:\/\/www.comedian-harmonists.net\/index.php?rest_route=\/wp\/v2\/pages\/491\/revisions\/2433"}],"up":[{"embeddable":true,"href":"http:\/\/www.comedian-harmonists.net\/index.php?rest_route=\/wp\/v2\/pages\/20"}],"wp:attachment":[{"href":"http:\/\/www.comedian-harmonists.net\/index.php?rest_route=%2Fwp%2Fv2%2Fmedia&parent=491"}],"curies":[{"name":"wp","href":"https:\/\/api.w.org\/{rel}","templated":true}]}}