{"id":77,"date":"2013-09-27T03:20:46","date_gmt":"2013-09-27T01:20:46","guid":{"rendered":"http:\/\/www.comedian-harmonists.net\/?page_id=77"},"modified":"2021-11-08T18:11:30","modified_gmt":"2021-11-08T16:11:30","slug":"comedy-harmonists","status":"publish","type":"page","link":"http:\/\/www.comedian-harmonists.net\/?page_id=77","title":{"rendered":"Comedy Harmonists"},"content":{"rendered":"<h3>(Exilgruppe bzw. \u201eWiener Gruppe\u201c)<br \/>\nChronologie<\/h3>\n<p><strong>von Broody<\/strong><br \/>\n&nbsp;<\/p>\n<h5 style=\"text-align: center;\"><strong><a href=\"#1935\">1935<\/a> &#8211; <a href=\"#1936\">1936<\/a> &#8211; <a href=\"#1937\">1937<\/a> &#8211; <a href=\"#1938\">1938<\/a> &#8211; <a href=\"#1939\">1939<\/a> &#8211; <a href=\"#1940\">1940<\/a> &#8211; <a href=\"#1941\">1941<\/a><\/strong><\/h5>\n<p>&nbsp;<\/p>\n<hr width=\"100%\" size=\"2\" align=\"center\">\n<h3 align=\"center\"><a name=\"1935\"><\/a>1935<\/h3>\n<p><strong>M\u00e4rz<\/strong><\/p>\n<ul>\n<li>Nach der endg\u00fcltigen Aufl\u00f6sung der Comedian Harmonists reisen Harry und Erna Frommermann, Cycowskis Verlobte Maria Panzram, Fernande Collin und Tochter Eva Suzanne und der Sekret\u00e4r Rudolph Fischer-Maretzki und dessen Frau Lilly am 10. M\u00e4rz nach Wien. Sie gehen zun\u00e4chst einen Scheinvertrag ein, l\u00f6sen ihre Wohnungen nicht auf und reisen \u00fcber Breslau, um die endg\u00fcltige Ausreise aus Deutschland zu kaschieren. Ironie der Geschichte: Noch im Februar hatten die urspr\u00fcnglichen Comedian Harmonists eine \u00d6sterreich-Tournee im M\u00e4rz wegen zu geringer Einnahmen abgelehnt.<\/li>\n<li>Roman Cycowski verbleibt bis Ende April in Berlin. Erich Collin reist nach Paris, um dort den Namen \u201eComedian Harmonists\u201c durch Eintragung als G.m.b.H. zu sch\u00fctzen.<\/li>\n<li>Der Wiener Operns\u00e4nger Arthur Fleischer unterst\u00fctzt die Gruppe bei der Suche nach Quartieren und neuen S\u00e4ngern.<\/li>\n<li>Mit den neuen \u00f6sterreichischen Mitgliedern <span style=\"text-decoration: underline;\"><a href=\"http:\/\/www.comedian-harmonists.net\/?page_id=518\" title=\"Rudolf Mayreder Biographie\"><strong>Rudolf Mayreder<\/strong><\/a><\/span> (Bass) und <span style=\"text-decoration: underline;\"><a href=\"http:\/\/www.comedian-harmonists.net\/?page_id=521\" title=\"Hans Rexeis Biographie\"><strong>Hans Rexeis<\/strong><\/a><\/span> (Tenor) und dem aus Berlin stammenden <span style=\"text-decoration: underline;\"><a href=\"http:\/\/www.comedian-harmonists.net\/?page_id=676\" title=\"Ernst Engel Biographie\"><strong>Ernst Engel<\/strong><\/a><\/span> (Klavier) wird ein Auftrittsrepertoire einstudiert, das zun\u00e4chst im Wesentlichen aus Erfolgstiteln der Comedian Harmonists besteht.<\/li>\n<\/ul>\n<p><strong>Juli<\/strong><\/p>\n<ul>\n<li>Ein Vorsingen f\u00fcr Fred W. Gaisberg, Leiter der K\u00fcnstlerabteilung der His Masters Voice Co., Hayes, England,  f\u00fchrt zum Abschluss eines neuen Exklusivvertrages f\u00fcr Schallplattenaufnahmen. Gaisberg ist es auch, der den Namen \u201eComedy Harmonists\u201c f\u00fcr die Plattenaufnahmen vorschl\u00e4gt, weil \u201eComedian\u201c im Englischen ein Spa\u00dfmacher oder Clown ist, wohingegen \u201eComedy Harmonists\u201c dem wahren Charakter der Gruppe eher entspricht.<\/li>\n<li><strong>Erste Plattenaufnahmen<\/strong> der neuen Gruppe in Paris.<\/li>\n<li>Die fr\u00fcheren Mitglieder der Comedian Harmonists Biberti, Bootz und Leschnikoff, die inzwischen in Berlin das \u201eMeistersextett\u201c gegr\u00fcndet haben, verklagen die drei ehemaligen Mitglieder Collin, Cycowski und Frommermann auf Unterlassung der Verwendung des Namens &#8222;Comedian Harmonists&#8220; und auf L\u00f6schung des eingetragenen Namens bei der Soci\u00e9t\u00e9 d Responsabilit\u00e9 Limit\u00e9e in Paris. Das Klageverfahren zieht sich \u00fcber Monate hin, verl\u00e4uft aber im Sande, weil die Beklagten f\u00fcr die Kl\u00e4ger nicht erreichbar sind.<\/li>\n<\/ul>\n<p><strong>August<\/strong><\/p>\n<ul>\n<li><strong>Beginn der Konzertt\u00e4tigkeit<\/strong> (Schweiz, Frankreich) als \u201eComedian Harmonists\u201c.<\/li>\n<li>Schallplattenvertrag mit der Firma \u201eHis Masters Voice\u201c.<\/li>\n<\/ul>\n<p><strong>Sommer 1935<\/strong><\/p>\n<ul>\n<li>Dreharbeiten f\u00fcr den Film \u201eKatharina die Letzte\u201c (Deutsche Universal-Film GmbH) in \u00d6sterreich, das Aufnahmedatum ist unbekannt. Der Film hat im Januar 1936 in Wien Premiere.<\/li>\n<li>Frommermann und Collin wird von den Berliner Beh\u00f6rden die deutsche Staatsb\u00fcrgerschaft aberkannt sowie Besitz und Verm\u00f6gen eingezogen, da sie und ihre Ehefrauen sich weigerten, einer Vorladung der deutschen Botschaft in Wien zu folgen. Cycowski lebte bereits seit Jahren als Staatenloser in Deutschland. Als Staatenlose erhalten alle in \u00d6sterreich sogenannte Protektionsp\u00e4sse, mit denen sie auch ins Ausland reisen k\u00f6nnen.<\/li>\n<\/ul>\n<p><strong>September<\/strong><\/p>\n<ul>\n<li>Weitere Plattenaufnahmen in Paris, u. a. mit Josephine Baker.<\/li>\n<\/ul>\n<p><strong>Oktober<\/strong><\/p>\n<ul>\n<li>Rundfunkaufnahme in Br\u00fcssel.<\/li>\n<\/ul>\n<p><strong>November<\/strong><\/p>\n<ul>\n<li>Vierw\u00f6chiges Engagement im Wiener Variet\u00e9 \u201eRonacher\u201c in einem Programm mit Artisten und Akrobaten. <em>\u201eComedian Harmonists und anderes &#8211; im Ronacher. Die Comedian Harmonists machen gute Stimmung im Haus, dabei sind sie gar nicht so durchweg \u201aleicht\u2018, im Gegenteil, sie singen Mozart und singen Dvorak und ziehen auch bei allermodernster Jazzmusik dunkler get\u00f6nte ernste Piecen vor, von deren vollem Klang sich die obenauf schwebende Stimme ihres ersten Tenors pr\u00e4chtig abhebt. Sie machen ihre Sache sehr gut, ob sie deutsch, franz\u00f6sisch, englisch oder spanisch singen, sie haben Rhythmus in sich, ihre Synkopen rei\u00dfen ordentlich mit, doch bekam man gerade davon erst bei den Zugaben einiges, leider nicht sehr viel zu h\u00f6ren.\u201c<\/em><\/li>\n<li>Plattenaufnahmen in Paris, Rundfunkaufnahme in Wien.<\/li>\n<\/ul>\n<p><strong>Dezember<\/strong><\/p>\n<ul>\n<li>Platten- und Rundfunkaufnahmen in Paris.<\/li>\n<li>Konzerte in Br\u00fcnn (CZ) und mehreren \u00f6sterreichischen St\u00e4dten, Silvester- und Neujahrskonzert in Wien (letzteres im Musikvereinssaal, in dem noch heute das traditionelle Wiener Neujahrskonzert stattfindet).<\/li>\n<\/ul>\n<p>&nbsp;<\/p>\n<h3 align=\"center\"><a name=\"1936\"><\/a>1936<\/h3>\n<p><strong>Januar<\/strong><\/p>\n<ul>\n<li>Tournee Norwegen und Schweden als \u201eComedian Harmonists\u201c. W\u00e4hrend Mayreder \u00fcber Berlin und Kopenhagen reist, m\u00fcssen die j\u00fcdischen Mitglieder Deutschland umfahren, da sie dort wegen der illegalen Ausreise ihre Verhaftung bef\u00fcrchten m\u00fcssen.<\/li>\n<\/ul>\n<p><strong>Februar<\/strong><\/p>\n<ul>\n<li>Tournee Schweden und D\u00e4nemark, Plattenaufnahmen in Kopenhagen und Paris, Rundfunkaufnahmen in D\u00e4nemark, Schweden und den Niederlanden.<\/li>\n<li>Ab Monatsende Italien-Tournee.<\/li>\n<\/ul>\n<p><strong>M\u00e4rz<\/strong><\/p>\n<ul>\n<li>14-t\u00e4gige Italien-Tournee, einw\u00f6chiges Engagement am Thetaer Bobino in Paris.<\/li>\n<li>Konzerte und Rundfunkauftritt in den Niederlanden.<\/li>\n<li>Ab Ende M\u00e4rz zweiw\u00f6chiges Gastspiel im A.B.C.-Theater in Paris, geleitet von Kurt Robitschek, einem der Mitbegr\u00fcnder des \u201eKadeKo\u201c in Berlin.<\/li>\n<\/ul>\n<p><strong>April<\/strong><\/p>\n<ul>\n<li>Filmaufnahmen f\u00fcr \u201eLe Grand Refrain\u201c.<\/li>\n<li>Engagement am A.B.C.-Theater Paris.<\/li>\n<li>Plattenaufnahmen in Paris und Wien, Rundfunkaufnahmen in London.<\/li>\n<li>Proben und Schallplattenaufnahmen mit einem Pianisten namens Strasser in Wien.<\/li>\n<\/ul>\n<p><strong>Mai\u2013Juli<\/strong><\/p>\n<ul>\n<li>Russland-Tournee. Cycowski reist \u00fcber Rum\u00e4nien, da er in Polen als fahnenfl\u00fcchtig gilt und verhaftet werden k\u00f6nnte. Die anderen Mitglieder fahren \u00fcber Warschau nach Kiew, von dort geht es gemeinsam nach Tiflis. Weitere Tourneestationen sind Batumi, Rostow, Moskau, Leningrad und Odessa. Die Frauen reisen sp\u00e4ter \u00fcber Warschau nach Rostow am Don.<\/li>\n<li>Weitere Probenaufnahmen mit Strasser in Moskau.<\/li>\n<\/ul>\n<p><strong>August<\/strong><\/p>\n<ul>\n<li>Konzert und Rundfunkauftritte in London.<\/li>\n<li>Tournee Niederlande\/Belgien.<\/li>\n<\/ul>\n<p><strong>September<\/strong><\/p>\n<ul>\n<li>Tournee Belgien.<\/li>\n<\/ul>\n<p><strong>Oktober<\/strong><\/p>\n<ul>\n<li>Rundfunkauftritte Br\u00fcssel und Kopenhagen.<\/li>\n<li>Konzert in Luxemburg, Tournee D\u00e4nemark\/Norwegen.<\/li>\n<\/ul>\n<p><strong>November<\/strong><\/p>\n<ul>\n<li>Tournee Norwegen\/Schweden incl. Rundfunkauftritte und Plattenaufnahmen.<\/li>\n<\/ul>\n<p><strong>Dezember<\/strong><\/p>\n<ul>\n<li>Tournee D\u00e4nemark\/Schweden incl. Plattenaufnahmen.<\/li>\n<li>Auftritte in Belgien und Luxemburg, Silvesterkonzert in Ostende.<\/li>\n<\/ul>\n<p>&nbsp;<\/p>\n<h3 align=\"center\"><a name=\"1937\"><\/a>1937<\/h3>\n<p><strong>Januar<\/strong><\/p>\n<ul>\n<li>14-t\u00e4giges Engagement im Scala-Variet\u00e9 Den Haag (nur eine Woche zuvor war das \u201eMeistersextett\u201c in Den Haag aufgetreten).<\/li>\n<li>Zweiw\u00f6chiges Gastspiel im Theater Carr\u00e9 in Amsterdam.<\/li>\n<\/ul>\n<p><strong>Februar<\/strong><\/p>\n<ul>\n<li>Rundfunkauftritte in London und Paris.<\/li>\n<li>Konzerte in London, Paris und Colmar, zweiw\u00f6chige Tournee durch \u00d6sterreich und die Tschechoslowakei.<\/li>\n<\/ul>\n<p><strong>M\u00e4rz<\/strong><\/p>\n<ul>\n<li>Auftritte in Paris, einw\u00f6chiges Engagement am Margaretner Orpheum in Wien.<\/li>\n<\/ul>\n<p><strong>April<\/strong><\/p>\n<ul>\n<li>Auftritte in Italien, zweiw\u00f6chiges Gastspiel im A.B.C.-Theater in Paris.<\/li>\n<li>Plattenaufnahmen in Paris.<\/li>\n<\/ul>\n<p><strong>Mai<\/strong><\/p>\n<ul>\n<li>Mehrt\u00e4giges Gastspiel in Cannes, weitere Auftritte und Plattenaufnahmen in Paris.<\/li>\n<\/ul>\n<p><strong>Juni<\/strong><\/p>\n<ul>\n<li>Konzerte in der Provence, Radioauftritte und Plattenaufnahmen in London.<\/li>\n<li>Die Comedian Harmonists trennen sich von ihrem Pianisten Ernst Engel und engagieren nach Proben mit verschiedenen Kandidaten <span style=\"text-decoration: underline;\"><a href=\"http:\/\/www.comedian-harmonists.net\/?page_id=525\" title=\"Fritz Kramer Biographie\"><strong>Fritz Kramer<\/strong><\/a><\/span> als Pianisten.<\/li>\n<li>Vierw\u00f6chige \u00dcberfahrt nach Australien ab 19. Juni.<\/li>\n<\/ul>\n<p><strong>Juli-Dezember<\/strong><\/p>\n<ul>\n<li>Konzerttournee durch Australien und Neuseeland als \u201eComedy Harmonists\u201c, incl. mehrerer Rundfunkauftritte.<\/li>\n<li>Robert Biberti betreibt nach wie vor in Deutschland eine Klage gegen die Eintragung des Namens \u201eComedian Harmonists\u201c durch die Exilgruppe. Da er nach mehreren vergeblichen Versuchen deren Mitglieder nicht postalisch erreichen kann, beantragt er bei Gericht die \u00f6ffentliche Zustellung der Klage.<\/li>\n<\/ul>\n<p>&nbsp;<\/p>\n<h3 align=\"center\"><a name=\"1938\"><\/a>1938<\/h3>\n<p><strong>Januar<\/strong><\/p>\n<ul>\n<li>R\u00fcckreise von Australien.<\/li>\n<\/ul>\n<p><strong>Februar<\/strong><\/p>\n<ul>\n<li>Konzerte in Kairo und Athen am Ende der R\u00fcckreise von Australien.<\/li>\n<li>Start einer zweiw\u00f6chigen Italien-Tournee (wieder als \u201eComedian Harmonists\u201c), Abbruch am 17. Februar wegen des Auftrittsverbots f\u00fcr Nichtarier im faschistischen Italien. Die Gruppe macht Urlaub in Santa Margherita nahe Rapallo, um die Devisen auszugeben, da diese nicht ausgef\u00fchrt werden d\u00fcrfen.<\/li>\n<\/ul>\n<p><strong>M\u00e4rz<\/strong><\/p>\n<ul>\n<li>Am 11. M\u00e4rz erfahren die Mitglieder der Gruppe im Radio vom bevorstehenden Anschluss \u00d6sterreichs an das Deutsche Reich. \u00dcber Z\u00fcrich und die Niederlande fliehen sie nach London, von dort brechen sie zu einer Skandinavien-Tournee auf. Einige der Ehefrauen kehren zun\u00e4chst nach Wien zur\u00fcck, um sich aber sofort \u00fcber die Schweiz nach London abzusetzen.<\/li>\n<li>Tournee Schweden\/Norwegen ab 14. M\u00e4rz.<\/li>\n<\/ul>\n<p><strong>April<\/strong><\/p>\n<ul>\n<li>Tournee Norwegen\/D\u00e4nemark\/Schweden.<\/li>\n<\/ul>\n<p><strong>Mai-November<\/strong><\/p>\n<ul>\n<li>Mittelamerika-Tournee mit Konzerten in Rio, Sao Paulo, Buenos Aires, Montevideo, Santiago de Chile und Valparaiso.<\/li>\n<li>In Rio Einladung durch den Pr\u00e4sidenten der Musikgesellschaft, wenige Tage sp\u00e4ter einer der Putschisten gegen Pr\u00e4sident Vargas. In Sao Paolo wird Rudolf Mayreder verhaftet, weil er ein Hemd in den Farben der Revolution\u00e4re tr\u00e4gt.<\/li>\n<li>Fernande und Suzanne Collin bleiben in Paris.<\/li>\n<\/ul>\n<p><strong>November<\/strong><\/p>\n<ul>\n<li>Auftritte, Rundfunk- und wahrscheinlich auch Fernsehaufnahmen in London.<\/li>\n<\/ul>\n<p><strong>Dezember<\/strong><\/p>\n<ul>\n<li>Plattenaufnahmen und Konzerte in London. Beim Aufenthalt in London erwerben die staatenlosen S\u00e4nger sogenannte \u201eNansen-P\u00e4sse\u201c, die ihnen Reise in die USA und nach Australien erm\u00f6glichen.<\/li>\n<li>Auftritte in Lyon und Monte Carlo.<\/li>\n<\/ul>\n<p>&nbsp;<\/p>\n<h3 align=\"center\"><a name=\"1939\"><\/a>1939<\/h3>\n<p><strong>Januar<\/strong><\/p>\n<ul>\n<li><strong>Letzte Plattenaufnahme der Comedy Harmonists<\/strong> in London.<\/li>\n<li>Konzerte und Rundfunkauftritte in Belgien.<\/li>\n<\/ul>\n<p><strong>Februar-April<\/strong><\/p>\n<ul>\n<li>Tournee USA\/Kanada.<\/li>\n<li>Fernande Collin  bleibt mit Tochter Eva Suzanne bei Verwandten in Neuilly bei Paris.<\/li>\n<\/ul>\n<p><strong>April\/Mai<\/strong><\/p>\n<ul>\n<li>Konzerte in S\u00fcdafrika (Johannesburg, Durban, Kapstadt)<\/li>\n<\/ul>\n<p><strong>Juni-Dezember<\/strong><\/p>\n<ul>\n<li>Australien-Tournee als \u201eComedy Harmonists\u201c. Hier erfahren die Mitglieder vom Kriegsausbruch in Europa und vom Kriegsbeitritt Australiens am 3. September. Sie bef\u00fcrchten, wie andere Deutsche als \u201efeindliche Ausl\u00e4nder\u201c interniert zu werden.<\/li>\n<\/ul>\n<p><strong>August<\/strong><\/p>\n<ul>\n<li>Collins Schwester Annemarie verl\u00e4sst Deutschland und st\u00f6\u00dft in Melbourne zur Gruppe.<\/li>\n<\/ul>\n<p>&nbsp;<\/p>\n<h3 align=\"center\"><a name=\"1940\"><\/a>1940<\/h3>\n<p><strong>Februar<\/strong><\/p>\n<ul>\n<li>R\u00fcckfahrt von Australien \u00fcber die Fidschi-Inseln nach Hawaii, Konzerte in Honolulu.<\/li>\n<li>Annemarie Collin bleibt in Sydney.<\/li>\n<\/ul>\n<p><strong>M\u00e4rz-April<\/strong><\/p>\n<ul>\n<li>USA-Tournee als \u201eComedian Harmonists\u201c, die Ehefrauen bleiben in San Francisco.<\/li>\n<\/ul>\n<p><strong>Mai<\/strong><\/p>\n<ul>\n<li>Die R\u00fcckreise nach Australien ist wegen des Kriegseintritts der USA unm\u00f6glich geworden. Die Comedian Harmonists geben am 1. Mai 1940 ihr <strong>letztes Konzert in der Originalbesetzung der Exilgruppe<\/strong> in Richmond (Indiana) und k\u00f6nnen eine anschlie\u00dfend geplante weitere Tourneereise nach Australien nicht antreten. Die anschlie\u00dfenden Versuche, in den USA k\u00fcnstlerisch Fu\u00df zu fassen, scheitern. Rudolf  Mayreder k\u00fcndigt aufgrund pers\u00f6nlicher Differenzen mit Collin. Die Gruppe probt mit dem Bassisten <strong>Philip Blackman<\/strong> und tritt gelegentlich in Nachtklubs auf.<\/li>\n<\/ul>\n<p>&nbsp;<\/p>\n<h3 align=\"center\"><a name=\"1941\"><\/a>1941<\/h3>\n<p><strong>M\u00e4rz-Mai<\/strong><\/p>\n<ul>\n<li>Vier Auftritte in New York mit dem \u201eKabarett der Komiker\u201c von Kurt Robitschek in der Besetzung mit Philip Blackman als Bass, <strong>zuletzt am 10. Mai 1941<\/strong>.<\/li>\n<li>Roman Cycowski verl\u00e4sst nach dem Tod seines Vaters die Gruppe.<\/li>\n<li>Aus k\u00fcnstlerischen und finanziellen Gr\u00fcnden l\u00f6st sich die Gruppe endg\u00fcltig auf.<\/li>\n<\/ul>\n<p>&nbsp;<\/p>\n<hr width=\"100%\" size=\"2\" align=\"center\">\n<p style=\"text-align: center;\">Unter Verwendung von Nachl\u00e4ssen und <a href=\"http:\/\/www.comedian-harmonists.net\/?page_id=30\" title=\"Literatur\"><strong>publizierten Quellen<\/strong><\/a>.<\/p>\n<p>&nbsp;<\/p>\n","protected":false},"excerpt":{"rendered":"<p>(Exilgruppe bzw. \u201eWiener Gruppe\u201c) Chronologie von Broody &nbsp; 1935 &#8211; 1936 &#8211; 1937 &#8211; 1938 &#8211; 1939 &#8211; 1940 &#8211; 1941 &nbsp; 1935 M\u00e4rz Nach der endg\u00fcltigen Aufl\u00f6sung der Comedian&hellip; <\/p>\n","protected":false},"author":1,"featured_media":0,"parent":18,"menu_order":2,"comment_status":"closed","ping_status":"closed","template":"","meta":{"footnotes":""},"class_list":["post-77","page","type-page","status-publish","hentry"],"_links":{"self":[{"href":"http:\/\/www.comedian-harmonists.net\/index.php?rest_route=\/wp\/v2\/pages\/77","targetHints":{"allow":["GET"]}}],"collection":[{"href":"http:\/\/www.comedian-harmonists.net\/index.php?rest_route=\/wp\/v2\/pages"}],"about":[{"href":"http:\/\/www.comedian-harmonists.net\/index.php?rest_route=\/wp\/v2\/types\/page"}],"author":[{"embeddable":true,"href":"http:\/\/www.comedian-harmonists.net\/index.php?rest_route=\/wp\/v2\/users\/1"}],"replies":[{"embeddable":true,"href":"http:\/\/www.comedian-harmonists.net\/index.php?rest_route=%2Fwp%2Fv2%2Fcomments&post=77"}],"version-history":[{"count":17,"href":"http:\/\/www.comedian-harmonists.net\/index.php?rest_route=\/wp\/v2\/pages\/77\/revisions"}],"predecessor-version":[{"id":1874,"href":"http:\/\/www.comedian-harmonists.net\/index.php?rest_route=\/wp\/v2\/pages\/77\/revisions\/1874"}],"up":[{"embeddable":true,"href":"http:\/\/www.comedian-harmonists.net\/index.php?rest_route=\/wp\/v2\/pages\/18"}],"wp:attachment":[{"href":"http:\/\/www.comedian-harmonists.net\/index.php?rest_route=%2Fwp%2Fv2%2Fmedia&parent=77"}],"curies":[{"name":"wp","href":"https:\/\/api.w.org\/{rel}","templated":true}]}}