{"id":1121,"date":"2014-08-21T20:59:05","date_gmt":"2014-08-21T18:59:05","guid":{"rendered":"http:\/\/www.comedian-harmonists.net\/?page_id=1121"},"modified":"2014-08-21T21:15:19","modified_gmt":"2014-08-21T19:15:19","slug":"rulands","status":"publish","type":"page","link":"https:\/\/www.comedian-harmonists.net\/?page_id=1121","title":{"rendered":"Rulands"},"content":{"rendered":"<p><strong>von Josef Westner<\/strong><br \/>\n&nbsp;<br \/>\n<div id=\"attachment_1124\" style=\"width: 710px\" class=\"wp-caption aligncenter\"><a href=\"http:\/\/www.comedian-harmonists.net\/wp-content\/uploads\/RU1.jpg\"><img loading=\"lazy\" decoding=\"async\" aria-describedby=\"caption-attachment-1124\" src=\"http:\/\/www.comedian-harmonists.net\/wp-content\/uploads\/RU1-846x1024.jpg\" alt=\"In voller Aktion im Berliner Wintergarten, v.l.n.r.: Manfred Dlugi, Wilhelm Mei\u00dfner, Helmut Buth\" width=\"700\" height=\"847\" class=\"size-large wp-image-1124\" srcset=\"https:\/\/www.comedian-harmonists.net\/wp-content\/uploads\/RU1-846x1024.jpg 846w, https:\/\/www.comedian-harmonists.net\/wp-content\/uploads\/RU1-248x300.jpg 248w, https:\/\/www.comedian-harmonists.net\/wp-content\/uploads\/RU1.jpg 907w\" sizes=\"auto, (max-width: 700px) 100vw, 700px\" \/><\/a><p id=\"caption-attachment-1124\" class=\"wp-caption-text\">In voller Aktion im Berliner Wintergarten, v.l.n.r.: Manfred Dlugi, Wilhelm Mei\u00dfner, Helmut Buth<\/p><\/div><\/p>\n<h3 style=\"text-align: center;\">\u201eNette und kluge Jungens\u201c im Dritten Reich<\/h3>\n<p>&nbsp;<br \/>\n<strong>Die Drei Rulands haben einiges an zeitgeschichtlichem Z\u00fcndstoff zu bieten: Googelt man ihren Namen, wird unter anderem ein Vortragsskript mit dem Titel \u201eHineinh\u00f6ren in die Zeit\u201c von Anke Leenings zug\u00e4nglich. Dort kann man \u00fcber den Wandel hin zur nationalsozialistischen Kulturpolitik unter anderem lesen: \u201eBald verboten die Nazis die Auftritte der Comedian Harmonists im Jahre 1935 \u2013 und ahmten sie gleichzeitig zynisch mit den Drei Rulands nach, einem Gesangstrio, das im November 1938 den Stil der Ersteren zu Hassliedern um die Pogromnacht verzerrte, aber schon 1939 selbst in Ungnade fiel.\u201c Dass diese Aussage trotz eines wahren Kerns den Rulands in keiner Weise gerecht wird, mag die folgende Darstellung belegen.<\/strong><\/p>\n<p>Die Drei Rulands traten erstmals im Sommer 1933 in Bad Lauterbach in Erscheinung, wo sie im Kaffee Roseneck w\u00f6chentliche Kabarettauftritte gaben. Wilhelm Mei\u00dfner (Tenor), Heinz Woezel (Bariton) und Manfred Dlugi (Bass) \u2013 allesamt Schulkameraden \u2013 sangen damals noch unter dem Namen Teddies. Von der Geschichte ihrer Entdeckung gibt es zwei Versionen \u2013 einmal ist es Rudolf Platte, einmal Edmund Nick, der sie auf Urlaub in Bad Lauterbach h\u00f6rte und sofort engagierte. Wie die Geschichte nun auch gelaufen sein mag \u2013 letztere ist wohl wesentlich wahrscheinlicher \u2013, das Ergebnis bleibt unumstritten: Am 20. September 1933 gaben die drei Kabarettisten ihr Deb\u00fct in Werner Fincks Katakombe. \u201eEnge. Hitze. Rauchgeschw\u00e4ngerte Luft. Aber Stimmung. Und daher Erfolg, gro\u00dfer verdienter Erfolg. Bravo!\u201c, war anderntags in der Presse zu lesen. Die Drei Katakomben-Jungs, wie sie sich fortan nannten, hatten den Durchbruch geschafft. Noch 1933 entstand die erste Plattenaufnahme des Ensembles, am Fl\u00fcgel begleitet von Edmund Nick, dem bereits erw\u00e4hnten musikalischen Leiter der Katakombe. Der Text von Joachim Ringelnatz mag eine Ahnung von der parodistischen Ausrichtung der Gruppe geben:<\/p>\n<p style=\"text-align: center;\">\u201eWenn ich zwei V\u00f6glein w\u00e4r\u2019 und auch vier Fl\u00fcgel h\u00e4tt\u2019,<br \/>\nfl\u00f6g die eine H\u00e4lfte zu dir, mein Schatz, fl\u00f6g die eine H\u00e4lfte zu dir.<br \/>\nUnd die andere, die ging auch zu Bett, aber hier zu Hause bei mir. [&#8230;]<br \/>\nWenn ich ein Fl\u00fcgel w\u00e4r\u2019, linker Fl\u00fcgel beim Milit\u00e4r,<br \/>\nund auch keinen Vogel h\u00e4tt\u2019, fl\u00f6g ich zu dir.<br \/>\nWeil\u2019s aber nicht kann sein, bleib ich im eignen Bett allein.\u201c<\/p>\n<p>1934 bauten sich die Katakomben-Jungs neben dem Kabarett ein zweites Standbein auf \u2013 sie traten als gew\u00f6hnliche Refrains\u00e4nger ins Musikgesch\u00e4ft ein. Mit dem Orchester Fritz Domina entstanden zun\u00e4chst zwei Platten mit Titeln, die die S\u00e4nger wohl besser parodiert h\u00e4tten. F\u00fcr den Plattensammler bleiben die Rulands auch in der Folgezeit eine ambivalente Sache: Den gelungenen parodistischen Einspielungen stehen bestenfalls zweitklassige Orchesterrefrains gegen\u00fcber. Dass dazwischen Welten liegen, l\u00e4sst sich schon an den Titeln der Orchestereinspielungen erkennen: \u201eAuf der Heide bl\u00fch\u2019n die letzten Rosen\u201c, \u201eMarienk\u00e4ferlein\u201c, \u201eIn meinem alten M\u00e4rchenbuch\u201c, \u201eMit meiner kleinen Laterne\u201c oder \u201eViele gold\u2019ne Sternlein steh\u2019n am blauen Himmelszelt\u201c \u2013 um nur einige zu nennen \u2013 stehen im scharfen Kontrast zu den geistreichen Kabarettaufnahmen der Gruppe. Anders, als durch einen lukrativen Zugewinn aus der T\u00e4tigkeit als Refrains\u00e4nger, l\u00e4sst sich dieser Widerspruch wohl kaum erkl\u00e4ren.<\/p>\n<p>Bei einem Auftritt in Greifswald kam es zur Trennung von Heinz Woezel und der Verpflichtung von Helmut Buth, der mit einem Kollegen als Klavierduo \u201eDur und Moll\u201c dort gerade gastierte \u2013 wann genau der Besetzungswechsel stattfand, lie\u00df sich nicht mehr mit letzter Gewissheit ermitteln. Mit der amtlichen Schlie\u00dfung der Katakombe am 10. Mai 1935 kam f\u00fcr die Gruppe eine weitere, einschneidende Ver\u00e4nderung, war damit doch nicht nur die Haupteinnahmequelle versiegt, sondern auch der alte Name hinf\u00e4llig. Man verst\u00e4ndigte sich zun\u00e4chst auf Drei Rolands \u2013 um wie Roland-Statuen \u00fcber Berlin zu wachen \u2013, hatte man doch schon 1934 erste Aufnahmen als \u201eRolands Lautens\u00e4nger\u201c f\u00fcr Telefunken eingespielt. Auf Bitten der Artistenfamilie Roland, den Namen alleine nutzen zu d\u00fcrfen, \u00e4nderte man die Gruppenbezeichnung kurzerhand noch einmal in Rulands um.<\/p>\n<p><a href=\"http:\/\/www.comedian-harmonists.net\/wp-content\/uploads\/RU3.jpg\"><img loading=\"lazy\" decoding=\"async\" src=\"http:\/\/www.comedian-harmonists.net\/wp-content\/uploads\/RU3.jpg\" alt=\"Rulands - 3\" width=\"1009\" height=\"931\" class=\"aligncenter size-full wp-image-1126\" srcset=\"https:\/\/www.comedian-harmonists.net\/wp-content\/uploads\/RU3.jpg 1009w, https:\/\/www.comedian-harmonists.net\/wp-content\/uploads\/RU3-300x276.jpg 300w\" sizes=\"auto, (max-width: 1009px) 100vw, 1009px\" \/><\/a><\/p>\n<p>Unter diesem neuen Namen war man in Berlin in den n\u00e4chsten Jahren nahezu allgegenw\u00e4rtig. Ob im Kabarett der Komiker oder im Wintergarten, die Auftritte der Drei Rulands fanden durchweg begeisterten Anklang beim Publikum. 1936 begann man nun auch wieder, Orchesterrefrains einzusingen, nun vornehmlich f\u00fcr Tempo, bzw. Brillant-Special. Leider sind heute lediglich drei Platten der Firma Grammophon erhalten, die das parodistische Potential der Gruppe dokumentieren: Sie ver\u00e4ppeln Schlager (\u201eNachts ging das Telefon\u201c, H\u00f6r\u2019 mein Lied, Violetta\u201c), dichten Volkslieder zur Satire um (\u201eWenn einer eine Reise tut&#8230;\u201c) oder f\u00fchren in komischen Szenen ihre eigene Kunst ad absurdum (\u201eMinnes\u00e4ngers Lust und Leid\u201c). Auch in der Filmbranche fand des Terzett Beachtung \u2013 erstmals wurde es 1936 f\u00fcr den Harry-Piel-Film \u201eSein bester Freund\u201c verpflichtet. 1937 folgte der Kurztonfilm \u201eDie drei Windhunde\u201c, 1938 ein Streifen mit dem Arbeitstitel \u201eFarbrevue\u201c.<\/p>\n<p>Im Rundfunk bekamen die Rulands in der monatlich vom Reichssender Leipzig ausgestrahlten Sendung \u201eDas interessiert auch dich!\u201c mit dem \u201eRulands-Eck\u201c ihren eigenen Programmabschnitt.  F\u00fcr die Novembersendung 1938 wurde ihnen ein Text nach der Melodie von \u201eHab\u2019n Sie nicht den kleinen Cohn geseh\u2019n?\u201c vorgeschrieben: \u00dcber \u201ej\u00fcdische Schieber und Raffende\u201c hatten sie zu singen und dar\u00fcber, dass diese \u201ein fr\u00fcheren Zeiten ein Monopol auf Kunst, Konfektion und Musik\u201c besessen h\u00e4tten. \u201eDamit ist es heute vorbei\u201c, proklamierte der Text in Anspielung auf die Reichskristallnacht weiter. Die Rulands sangen den Titel \u2013 aus welchen Gr\u00fcnden, bleibt reine Spekulation. \u00dcberzeugt von der nationalsozialistischen Herren-Ideologie d\u00fcrften die Kabarettisten nicht gewesen sein, sonst h\u00e4tten sie sich wenige Wochen sp\u00e4ter wohl kaum mit markigen Worten an den Pl\u00e4nen der Machthaber vergangen. Den Jahreswechsel 1938-39 kommentierten sie im 12-Uhr-Blatt noch frisch-fr\u00f6hlich:<\/p>\n<p style=\"text-align: center;\">\u201eWir schreiben dies \u2013 zu dritt vereint \u2013<br \/>\nder Zeitung, die zumeist<br \/>\nfr\u00fchmorgens um 8 Uhr erscheint<br \/>\nund drum \u201e12 Uhr Blatt\u201c hei\u00dft.<br \/>\nDa dieses Schema, wohl durchdacht,<br \/>\ndurchaus nach unser\u2019m Wunsch,<br \/>\nso feiern wir Silvesternacht<br \/>\nschon jetzt bei Sekt und Punsch.<br \/>\nWir ziehen auch den \u201eKarpfen blau\u201c<br \/>\nuns jetzt schon zu Gem\u00fcte<br \/>\nund k\u00fcssen jetzt schon jede Frau<br \/>\nund tragen bunte H\u00fcte<br \/>\nund schrei\u2019n \u201eProst Neujahr\u201c unentwegt.<br \/>\nDie Stimmung \u00fcberspannt sich,<br \/>\nobwohl es jetzt erst dreizehn schl\u00e4gt<br \/>\nund noch nicht vierundzwanzig. &#8211; &#8211; &#8211;<\/p>\n<p>Als sie im Januarprogramm des KadeKos als \u201eBerliner Stadtbauarchitekten\u201c auftraten und das utopische \u201eGermania\u201c-Projekt Hitlers in Grund und Boden sangen, konnten sie nicht mehr mit der Nachsicht des Regimes rechnen. Die erhaltene Testpressung dieser Szene erschreckt mit ihren geradezu prophetischen Details:<\/p>\n<div id=\"attachment_1127\" style=\"width: 710px\" class=\"wp-caption aligncenter\"><a href=\"http:\/\/www.comedian-harmonists.net\/wp-content\/uploads\/RU4.jpg\"><img loading=\"lazy\" decoding=\"async\" aria-describedby=\"caption-attachment-1127\" src=\"http:\/\/www.comedian-harmonists.net\/wp-content\/uploads\/RU4-1024x727.jpg\" alt=\"Als \u201eStadtbauarchitekten\u201c \u2013 die Nummer, die zum Ausschluss aus der Reichskulturkammer f\u00fchrte\" width=\"700\" height=\"496\" class=\"size-large wp-image-1127\" srcset=\"https:\/\/www.comedian-harmonists.net\/wp-content\/uploads\/RU4-1024x727.jpg 1024w, https:\/\/www.comedian-harmonists.net\/wp-content\/uploads\/RU4-300x213.jpg 300w, https:\/\/www.comedian-harmonists.net\/wp-content\/uploads\/RU4.jpg 1256w\" sizes=\"auto, (max-width: 700px) 100vw, 700px\" \/><\/a><p id=\"caption-attachment-1127\" class=\"wp-caption-text\">Als \u201eStadtbauarchitekten\u201c \u2013 die Nummer, die zum Ausschluss aus der Reichskulturkammer f\u00fchrte<\/p><\/div>\n<p style=\"text-align: center;\">\u201eWillst du unsern Plan hier einmal kurz umrei\u00dfen. Kurz: Wir rei\u00dfen alles um. [&#8230;]<br \/>\nIn Berlin fehlt\u2019s an Sch\u00f6nheit und Schimmer,<br \/>\ndrum war\u2019s immer schon verp\u00f6nt.<br \/>\nDoch jetzt wird es durch Bauschutt und Tr\u00fcmmer<br \/>\nund durch Sandhaufen herrlich versch\u00f6nt. [&#8230;]<br \/>\nLasst uns Bahnhof um Bahnhof verschrotten,<br \/>\nauch die Schienen \u2013 weg mit ihnen.<br \/>\nNeues Leben bl\u00fcht nur aus Ruinen<br \/>\nund Ruinen sind so sch\u00f6n.\u201c<\/p>\n<p>Als die Rulands dieses satirische Meisterwerk auf die B\u00fchne brachten, standen sie am Zenit ihres Erfolges \u2013 Rundfunkanfragen h\u00e4uften sich, bis Ende November 1939 war das Ensemble v\u00f6llig ausgebucht, die Presse reagierte begeistert: \u201e[D]ann f\u00e4hrt das erste schwere Gesch\u00fctz des Abends auf und l\u00e4\u00dft seine Lachgranaten platzen: die drei Rulands sind wieder da! Als Umbauer Berlins singen sie uns ein herrlich-freches parodistisches Lied von der \u201averr\u00fcckten\u2019 Siegess\u00e4ule und der nerv\u00f6s-gewordenen Spree. Donnerwetter, sind das nette und kluge Jungens!\u201c Und das Donnerwetter brach \u00fcber die Jungens herein: Am 3. Februar 1939 wurden die Drei Rulands aus der Reichsmusikkammer ausgeschlossen \u2013 \u00f6ffentlich, \u00fcber eine Pressemitteilung: \u201eDer Reichsminister f\u00fcr Volksaufkl\u00e4rung und Propaganda, Dr. Goebbels, hat den Schauspieler und Schriftsteller Werner Finck, den Conferencier Peter Sachse sowie die unter dem Namen \u201aDie drei Rulands\u2019 auftretenden Helmut Buth, Wilhelm Mei\u00dfner und Manfred Dluge aus der Reichskulturkammer ausgeschlossen. Damit ist ihnen f\u00fcr die Zukunft jedes weitere \u00f6ffentliche Auftreten in Deutschland verboten.\u201c Allen K\u00fcnstlern wird vorgeworden, sie h\u00e4tten \u201ejede positive Einstellung zum Nationalsozialismus vermissen lassen\u201c.<\/p>\n<div id=\"attachment_1128\" style=\"width: 912px\" class=\"wp-caption aligncenter\"><a href=\"http:\/\/www.comedian-harmonists.net\/wp-content\/uploads\/RU5.jpg\"><img loading=\"lazy\" decoding=\"async\" aria-describedby=\"caption-attachment-1128\" src=\"http:\/\/www.comedian-harmonists.net\/wp-content\/uploads\/RU5.jpg\" alt=\"Die offizielle Pressenotiz zum Verbot\" width=\"902\" height=\"489\" class=\"size-full wp-image-1128\" srcset=\"https:\/\/www.comedian-harmonists.net\/wp-content\/uploads\/RU5.jpg 902w, https:\/\/www.comedian-harmonists.net\/wp-content\/uploads\/RU5-300x162.jpg 300w\" sizes=\"auto, (max-width: 902px) 100vw, 902px\" \/><\/a><p id=\"caption-attachment-1128\" class=\"wp-caption-text\">Die offizielle Pressenotiz zum Verbot<\/p><\/div>\n<p>Willi Schaeffers, Leiter des KadeKos, hatte den Rulands den Ausschluss aus der Kulturkammer mitteilen m\u00fcssen, das zu einem v\u00f6lligen Berufsverbot ausgeweitet wurde. Helmut Buths Vater, der an diesem Abend zuf\u00e4llig die Vorstellung seines Sohnes besucht hatte, musste mitansehen, wie den K\u00fcnstlern die P\u00e4sse abgenommen wurden. Sie \u201ezitterten, ob sie nicht auch noch ins KZ m\u00fcssten\u201c, so Ingeborg Niedlich, Helmut Buths Schwester. Im Sommer des Jahres schickten die K\u00fcnstler des Kabaretts den ehemaligen Kollegen einen formlosen Scheck \u00fcber 900 Reichsmark, damit diese sich wenigstens halbwegs \u00fcber Wasser halten konnten. Helmut Buth wurde schlie\u00dflich zum Milit\u00e4rdienst eingezogen, Wilhelm Mei\u00dfner und Manfred Dlugi schickte man in die R\u00fcstungsindustrie. Ein nach dem Krieg gestarteter Comeback-Versuch der Rulands mit Helmut Buth in Ost-Berlin scheiterte, w\u00e4hrend in Westdeutschland die spitzen Zungen von Wilhelm Mei\u00dfner und Manfred Dlugi noch bis in die 1950er Jahre zu h\u00f6ren waren.<br \/>\n&nbsp;<\/p>\n<p style=\"text-align: center;\"><a href=\"http:\/\/www.comedian-harmonists.net\/wp-content\/uploads\/RULabel-1.jpg\"><img loading=\"lazy\" decoding=\"async\" src=\"http:\/\/www.comedian-harmonists.net\/wp-content\/uploads\/RULabel-1-150x150.jpg\" alt=\"RULabel 1\" width=\"150\" height=\"150\" class=\"alignnone size-thumbnail wp-image-1129\" srcset=\"https:\/\/www.comedian-harmonists.net\/wp-content\/uploads\/RULabel-1-150x150.jpg 150w, https:\/\/www.comedian-harmonists.net\/wp-content\/uploads\/RULabel-1-330x330.jpg 330w\" sizes=\"auto, (max-width: 150px) 100vw, 150px\" \/><\/a><a href=\"http:\/\/www.comedian-harmonists.net\/wp-content\/uploads\/RULabel-2.jpg\"><img loading=\"lazy\" decoding=\"async\" src=\"http:\/\/www.comedian-harmonists.net\/wp-content\/uploads\/RULabel-2-150x150.jpg\" alt=\"RULabel 2\" width=\"150\" height=\"150\" class=\"alignnone size-thumbnail wp-image-1130\" srcset=\"https:\/\/www.comedian-harmonists.net\/wp-content\/uploads\/RULabel-2-150x150.jpg 150w, https:\/\/www.comedian-harmonists.net\/wp-content\/uploads\/RULabel-2-330x330.jpg 330w\" sizes=\"auto, (max-width: 150px) 100vw, 150px\" \/><\/a><a href=\"http:\/\/www.comedian-harmonists.net\/wp-content\/uploads\/RULabel-3.jpg\"><img loading=\"lazy\" decoding=\"async\" src=\"http:\/\/www.comedian-harmonists.net\/wp-content\/uploads\/RULabel-3-150x150.jpg\" alt=\"RULabel 3\" width=\"150\" height=\"150\" class=\"alignnone size-thumbnail wp-image-1131\" srcset=\"https:\/\/www.comedian-harmonists.net\/wp-content\/uploads\/RULabel-3-150x150.jpg 150w, https:\/\/www.comedian-harmonists.net\/wp-content\/uploads\/RULabel-3-330x330.jpg 330w\" sizes=\"auto, (max-width: 150px) 100vw, 150px\" \/><\/a><\/p>\n<p>&nbsp;<\/p>\n<hr align=\"center\" size=\"2\" width=\"100%\">\n&nbsp;<br \/>\n<em>F\u00fcr ihre Unterst\u00fctzung bei m\u00f6chte ich zun\u00e4chst Goetz Kronburger und Alfred Wagner danken, die die im Booklet zur Duophon-CD \u201eDie Drei Rulands \u2013 Lachen ist Trumpf\u201c enthaltenen Informationen bereitwillig zur Verf\u00fcgung gestellt haben. Die CD ist nach wie vor erh\u00e4ltlich und sei an dieser Stelle \u2013 schon aufgrund der Ver\u00f6ffentlichung der \u201eStadtbauarchitekten\u201c \u2013 jedem Interessenten w\u00e4rmstens empfohlen. Mein herzlicher Dank gilt au\u00dferdem Rosemarie Buth, Traudel Dlugi, Klaus Kr\u00fcger, Karsten Lehl, Dagmar Nick, Ingeborg Niedlich, Hans-Joachim Schr\u00f6er, Uwe Steinle und Jens-Uwe V\u00f6lmecke.<\/em><br \/>\n&nbsp;<\/p>\n<p style=\"text-align: center;\">(Dieser Artikel ist urspr\u00fcnglich im Rahmen der Internetpr\u00e4senz <a href=\"http:\/\/grammophon-platten.de\/page.php?287\" title=\"Die drei Rulands\" target=\"_blank\"><strong>Grammophon-Platten.de<\/strong><\/a> erschienen.)<\/p>\n<p>&nbsp;<\/p>\n","protected":false},"excerpt":{"rendered":"<p>von Josef Westner &nbsp; \u201eNette und kluge Jungens\u201c im Dritten Reich &nbsp; Die Drei Rulands haben einiges an zeitgeschichtlichem Z\u00fcndstoff zu bieten: Googelt man ihren Namen, wird unter anderem ein&hellip; <\/p>\n","protected":false},"author":1,"featured_media":0,"parent":42,"menu_order":0,"comment_status":"closed","ping_status":"closed","template":"","meta":{"footnotes":""},"class_list":["post-1121","page","type-page","status-publish","hentry"],"_links":{"self":[{"href":"https:\/\/www.comedian-harmonists.net\/index.php?rest_route=\/wp\/v2\/pages\/1121","targetHints":{"allow":["GET"]}}],"collection":[{"href":"https:\/\/www.comedian-harmonists.net\/index.php?rest_route=\/wp\/v2\/pages"}],"about":[{"href":"https:\/\/www.comedian-harmonists.net\/index.php?rest_route=\/wp\/v2\/types\/page"}],"author":[{"embeddable":true,"href":"https:\/\/www.comedian-harmonists.net\/index.php?rest_route=\/wp\/v2\/users\/1"}],"replies":[{"embeddable":true,"href":"https:\/\/www.comedian-harmonists.net\/index.php?rest_route=%2Fwp%2Fv2%2Fcomments&post=1121"}],"version-history":[{"count":8,"href":"https:\/\/www.comedian-harmonists.net\/index.php?rest_route=\/wp\/v2\/pages\/1121\/revisions"}],"predecessor-version":[{"id":1137,"href":"https:\/\/www.comedian-harmonists.net\/index.php?rest_route=\/wp\/v2\/pages\/1121\/revisions\/1137"}],"up":[{"embeddable":true,"href":"https:\/\/www.comedian-harmonists.net\/index.php?rest_route=\/wp\/v2\/pages\/42"}],"wp:attachment":[{"href":"https:\/\/www.comedian-harmonists.net\/index.php?rest_route=%2Fwp%2Fv2%2Fmedia&parent=1121"}],"curies":[{"name":"wp","href":"https:\/\/api.w.org\/{rel}","templated":true}]}}