{"id":1224,"date":"2014-10-23T02:29:39","date_gmt":"2014-10-23T00:29:39","guid":{"rendered":"http:\/\/www.comedian-harmonists.net\/?page_id=1224"},"modified":"2016-04-15T21:49:27","modified_gmt":"2016-04-15T19:49:27","slug":"foren","status":"publish","type":"page","link":"https:\/\/www.comedian-harmonists.net\/?page_id=1224","title":{"rendered":"Foren"},"content":{"rendered":"<ul>\n&rarr; <a href=\"http:\/\/20134.forums.motigo.com\/\" title=\"Comedian-Harmonists.de-Forum\" target=\"_blank\"><strong>Comedian-Harmonists.de-Forum<\/strong><\/a><br \/>\n&rarr; <a href=\"http:\/\/76894.forumromanum.com\/member\/forum\/forum.php?action=std_tindex&#038;USER=user_76894&#038;threadid=2\" title=\"The Web's Ressources-Forum\" target=\"_blank\"><strong>The Web&#8217;s Ressources-Forum<\/strong><\/a>\n<\/ul>\n<p>Die Webpr\u00e4senzen, zu denen diese Foren eigentlich geh\u00f6ren, sind online leider nicht mehr verf\u00fcgbar, die Foren selbst somit nur noch als Archive anzusehen. Ein eigenes Comedian-Harmonists.net-Forum soll in naher Zukunft noch folgen.<br \/>\n&nbsp;<\/p>\n","protected":false},"excerpt":{"rendered":"<p>&rarr; Comedian-Harmonists.de-Forum &rarr; The Web&#8217;s Ressources-Forum Die Webpr\u00e4senzen, zu denen diese Foren eigentlich geh\u00f6ren, sind online leider nicht mehr verf\u00fcgbar, die Foren selbst somit nur noch als Archive anzusehen. Ein&hellip; <\/p>\n","protected":false},"author":1,"featured_media":0,"parent":0,"menu_order":4,"comment_status":"closed","ping_status":"closed","template":"","meta":{"footnotes":""},"class_list":["post-1224","page","type-page","status-publish","hentry"],"_links":{"self":[{"href":"https:\/\/www.comedian-harmonists.net\/index.php?rest_route=\/wp\/v2\/pages\/1224","targetHints":{"allow":["GET"]}}],"collection":[{"href":"https:\/\/www.comedian-harmonists.net\/index.php?rest_route=\/wp\/v2\/pages"}],"about":[{"href":"https:\/\/www.comedian-harmonists.net\/index.php?rest_route=\/wp\/v2\/types\/page"}],"author":[{"embeddable":true,"href":"https:\/\/www.comedian-harmonists.net\/index.php?rest_route=\/wp\/v2\/users\/1"}],"replies":[{"embeddable":true,"href":"https:\/\/www.comedian-harmonists.net\/index.php?rest_route=%2Fwp%2Fv2%2Fcomments&post=1224"}],"version-history":[{"count":9,"href":"https:\/\/www.comedian-harmonists.net\/index.php?rest_route=\/wp\/v2\/pages\/1224\/revisions"}],"predecessor-version":[{"id":1560,"href":"https:\/\/www.comedian-harmonists.net\/index.php?rest_route=\/wp\/v2\/pages\/1224\/revisions\/1560"}],"wp:attachment":[{"href":"https:\/\/www.comedian-harmonists.net\/index.php?rest_route=%2Fwp%2Fv2%2Fmedia&parent=1224"}],"curies":[{"name":"wp","href":"https:\/\/api.w.org\/{rel}","templated":true}]}}