{"id":1289,"date":"2015-07-10T02:01:37","date_gmt":"2015-07-10T00:01:37","guid":{"rendered":"http:\/\/www.comedian-harmonists.net\/?page_id=1289"},"modified":"2016-01-06T03:54:09","modified_gmt":"2016-01-06T01:54:09","slug":"unveroeffentlichtes","status":"publish","type":"page","link":"https:\/\/www.comedian-harmonists.net\/?page_id=1289","title":{"rendered":"Unver\u00f6ffentlichtes"},"content":{"rendered":"<h3>Unver\u00f6ffentlichte Titel der Comedian Harmonists und ihrer Nachfolgeformationen<\/h3>\n<p><strong>von Broody<\/strong><br \/>\n&nbsp;<\/p>\n<ul>\n&rarr; <a href=\"#COMHAR\"><strong>Comedian Harmonists<\/strong><\/a><br \/>\n&rarr; <a href=\"#CYHAR\"><strong>Comedy Harmonists<\/strong><\/a><br \/>\n&rarr; <a href=\"#MEIST\"><strong>Meistersextett<\/strong><\/a>\n<\/ul>\n<p>Es handelt sich um Titel, die laut bekannt gewordenen Ver\u00f6ffentlichungen (Konzertprogramme) bzw. laut Repertoirelisten und Vertragsangeboten aus dem Nachlass Biberti von den jeweiligen Gruppen bei Konzerten gesungen wurden, jedoch nicht in der jeweiligen Besetzung oder \u00fcberhaupt nicht auf Schallplatte aufgenommen wurden. Zum Beleg der Aufnahme durch eine andere Formation ist jeweils eine Plattennummer angegeben. Blau geschriebene Titel existieren nur als Filmaufnahme. Die Jahreszahl bezeichnet das Jahr der erstmaligen Erw\u00e4hnung.<br \/>\n&nbsp;<\/p>\n<hr align=\"center\" size=\"2\" width=\"100%\" \/>\n<h3 align=\"center\"><a name=\"COMHAR\"><\/a>Comedian Harmonists<\/h3>\n<p>&nbsp;<\/p>\n<ul>\n<li>\u201eArbeitssong\u201c (aus: \u201eDer Sieger\u201c, 1932)<\/li>\n<li>\u201eAuf Wiedersehn\u201c<\/li>\n<\/ul>\n<p>Schreiben der Electrola an die C. H. v. 30.01.32: <em>\u201eSehr geehrte Herren, in der letzten Zeit werden h\u00e4ufig Aufnahmen von \u201eAuf Wiedersehn\u201c, gesungen von den Comedian Harmonists, verlangt. Wollen Sie bitte in Erw\u00e4gung ziehen, ob Sie diesen Titel in einem entsprechenden Arrangement und mit einer passenden Kopplung f\u00fcr eine Aufnahme vorbereiten k\u00f6nnen.\u201c<\/em><br \/>\nSchreiben Biberti an Gr\u00fcger, Stuttgart, nach Bitte um \u00dcbersendung von Bandaufnahmen: <em>\u201eIn Ihrem Schreiben vom 25.2.70 m\u00f6chten Sie u. a. \u201eAuf Wiedersehn\u201c. Dieser Schlussgesang unserer jeweiligen Konzerte ist niemals aufgenommen worden.\u201c<\/em><\/p>\n<ul>\n<li>\u201eBisschen dies und Bisschen das\u201c (aus: \u201eIhre Hoheit befiehlt\u201c, 1932)<\/li>\n<li>\u201eBlue River\u201c, 1929<\/li>\n<li>\u201eB\u00f6hmische Polka\u201c, 1929<\/li>\n<li>\u201eChiquita\u201c (aus: \u201eDer Durchschnittsmann\u201c, 1931)<\/li>\n<li>\u201eDas Lieben bringt gro\u00df\u2019 Freud\u201c (aus: \u201eDie Comedian Harmonists singen Volkslieder\u201c, 1934; Meistersextett: EG 6103)<\/li>\n<li>\u201eDie M\u00e4dis vom Chantant\u201c, 1931<\/li>\n<li>\u201eEint\u00e4nzersong\u201c (aus: \u201eDer Sieger\u201c, 1932)<\/li>\n<li>\u201eEs geht bei ged\u00e4mpftem Trommelklang\u201c (aus: \u201eDie Comedian Harmonists singen Volkslieder\u201c, 1934)<\/li>\n<li>\u201eEs gibt (nur) eine Frau, die Dich niemals vergisst\u201c (auch \u201eMutterlied\u201c, 1929, nur Testaufnahme)<\/li>\n<li>\u201eHallo, Du s\u00fc\u00dfe Frau\u201c (aus \u201eDie Drei von der Tankstelle\u201c, 1930)<\/li>\n<li>\u201eHasch mich\u201c (aus: \u201eDer falsche Ehemann\u201c bzw. \u201eTohuwabohu\u201c, 1931)<\/li>\n<li>\u201eHeimweh\u201c, ?<\/li>\n<li>\u201eIch bin so furchtbar gl\u00fccklich\u201c (aus: \u201eSpione im Savoy-Hotel\u201c, 1932)<\/li>\n<li>\u201eI know that you know\u201c (Revellers-Imitation), 1930<\/li>\n<li>\u201eIn der Eisenbahn\u201c aus &#8222;Zwei Krawatten&#8220; (Ger\u00e4uschimitationen), 1929<\/li>\n<li>\u201eJigg-Walk\u201c (nur Testaufnahme 10.05.28; Czada 1998 MDR)<\/li>\n<li>\u201eLuise\u201c, Solo Frommermann (Rundfunk, lt. R.B.)<\/li>\n<li>\u201eMach mir\u2019s nicht so schwer\u201c (aus: \u201eSpione im Savoy-Hotel\u201c, 1932)<\/li>\n<li>\u201eMiss Annabelle Lee\u201c (1929\/1939, nur Testaufnahme)<\/li>\n<li>\u201eO, Stra\u00dfburg\u201c (aus: \u201eDie Comedian Harmonists singen Volkslieder\u201c, 1934)<\/li>\n<li>\u201eScheinbar liebst Du mich\u201c, russische Version, 1931<\/li>\n<li>\u201eSchlemmersong\u201c (aus: \u201eDer Sieger\u201c, 1932)<\/li>\n<li>\u201eSonny Boy\u201c, 1929<\/li>\n<li>\u201eSpiel mir mein Liebeslied\u201c (= \u201eRoses of yesterday\u201c, Irving Berlin, nur Testaufnahme), 1929<\/li>\n<li>\u201eSpoliansky-Potpourri\u201c, 1930<\/li>\n<li>\u201eSt. Pauli\u201c (aus \u201eKabarett-Programm Nr. 6\u201c, 1931)<\/li>\n<li>\u201eVariationen \u00fcber verschiedene Wolgalieder\u201c (Imitierung der \u201eDon-Kosaken\u201c)<\/li>\n<li>\u201eVarsity Drag\u201c (= \u201eAnna hat Geld\u201c, nur Testaufnahme, deutsch?), 1929<\/li>\n<li>\u201eVirginia\u201c, englisch<\/li>\n<li>\u201eWalzertraum\u201c (Oscar Strau\u00df), 1930<\/li>\n<li>\u201eWarum weinst Du, holde G\u00e4rtnersfrau?\u201c (Rundfunk), 1930<\/li>\n<li>\u201eWenn der Himmel voller schwarzer Wolken h\u00e4ngt\u201c (Ba\u00df-Solo von Biberti in der \u201eFunkstunde\u201c, Deutschlandsender 15.11.1930)<\/li>\n<li>\u201eWenn die Sterne mit dem Mond spazieren geh&#8217;n\u201c (aus: \u201eDas Nachtgespenst von Berlin\u201c, 1930)<\/li>\n<li>\u201eWenn ich sonntags in mein Kino geh\u2019\u201c (aus \u201eIch bei Tag und Du bei Nacht\u201c, 1932)<\/li>\n<li>\u201eWiener Blut\u201c (J. Strau\u00df), 1933<\/li>\n<li>\u201eZu Stra\u00dfburg auf der Schanz\u2019\u201c (aus: \u201eDie Comedian Harmonists singen Volkslieder\u201c, 1934)<\/li>\n<li>\u201eZwei rote Rosen\u201c (W. Kollo; s. a. Meistersextett)<\/li>\n<\/ul>\n<p>sowie eine Instrumentenimitation und eine a-capella-Begleitung aus dem Film \u201eZwei Krawatten\u201c mit Michael Bohnen, 1930.<br \/>\n&nbsp;<br \/>\n&nbsp;<\/p>\n<hr align=\"center\" size=\"2\" width=\"100%\" \/>\n<h3 align=\"center\"><a name=\"CYHAR\"><\/a>Comedy Harmonists<\/h3>\n<p>&nbsp;<\/p>\n<ul>\n<li>\u201eAli Baba\u201c (Comedian Harmonists: HMV-K 7093), 1937<\/li>\n<li>\u201eAllegra Conga en el Rancho grande\u201c (M. Matamoros), 1938<\/li>\n<li>\u201eA Marechiare\u201c (Paolo Tosti; Meistersextett: EG 3965)<\/li>\n<li>\u201eAn der sch\u00f6nen blauen Donau\u201c (Joh. Strau\u00df; Comedian Harmonists: EG 2870; Meistersextett: EG 6683), 1937<\/li>\n<li>\u201eAnnie Laurie\u201c, 1937<\/li>\n<li>\u201eBarcarole corse\u201c, 1936<\/li>\n<li>\u201eCaprice Viennois\u201c (Fritz Kreisler), 1937<\/li>\n<li>\u201eCheek To Cheek\u201c (= \u201eTr\u00e4umen\u201c o. \u201eHand in Hand\u201c, Irving Berlin; Meistersextett: EG 3763 auf deutsch), 1936<\/li>\n<li>\u201eCradle Song\u201c (= \u201eWiegenlied\u201c = \u201eSchlafe mein Prinzchen, schlaf ein\u201c, Mozart; Comedian Harmonists: EG 2865; Meistersextett: EG 6509), 1939<\/li>\n<li>\u201eCreole love call\u201c (Duke Ellington; Comedian Harmonists: EG 2929), 1937<\/li>\n<li>\u201eDanny Boy\u201c (Old Irish Air), 1940<\/li>\n<li>\u201eDas alte Spinnrad\u201c (Billy Hill; Comedian Harmonists: EG 3047), 1937<\/li>\n<li>\u201eDorfmusik\u201c (Fryberg; Comedian Harmonists: EG 2744)<\/li>\n<li>\u201eDrink to me only with thine eyes\u201c (Air Traditional) 1937<\/li>\n<li>\u201eEl Rancho Grande\u201c (M. Matamoros), 1938<\/li>\n<li>\u201eGuter Mond, Du gehst so stille\u201c (Comedian Harmonists: EG 2865; Meistersextett: EG 6487), 1940<\/li>\n<li>\u201eHen te\u2019 Kommoden\u201c, 1936<\/li>\n<li>\u201eHumoresque\u201c (Dvorak; Comedian Harmonists: EG 2874, deutsch; Meistersextett: nur Testaufnahme, deutsch), 1937<\/li>\n<li>\u201eHungarian Dance No. 5\u201c (Brahms; Comedian Harmonists: EG 3303 auf deutsch, Meistersextett: EG 6496 auf deutsch), 1937<\/li>\n<li>\u201eIn stiller Nacht\u201c, 1936<\/li>\n<li>\u201eIn einem k\u00fchlen Grunde\u201c (Comedian Harmonists: EG 2483; Meistersextett: EG 6682), 1937<\/li>\n<li>\u201eJ\u2019ai quelqu\u2019un dans mon coer\u201c (nur in: \u201eLe Grand Refrain\u201c, 1936)<\/li>\n<li>\u201eLebe wohl, gute Reise\u201c (Comedian Harmonists: EG 3204), 1936<\/li>\n<li>\u201eLes Gars de la Marine\u201c \u2013 siehe \u201eVoila, \u2026\u201c<\/li>\n<li>\u201eLet\u2019s call the whole thing off\u201c (Gershwin), 1937<\/li>\n<li>\u201eLiebesleid\u201c (Fritz Kreisler), 1937<\/li>\n<li>\u201eMein kleiner gr\u00fcner Kaktus\u201c (Reisfeld &amp; Marbot), 1937<\/li>\n<li>\u201eMein Onkel Bumba\u201c (Hupfeld), 1937<\/li>\n<li>\u201eMenuett in G\u201c (Beethoven), 1940<\/li>\n<li>\u201eMusic makes me\u201c (1936)<\/li>\n<li>\u201eNight and Day\u201c (Cole Porter) 1937<\/li>\n<li>\u201eNoches de Paraguay\u201c, 1938<\/li>\n<li>\u201eNo taboleiro da Bahiana\u201c (Ary Baroso) 1940<\/li>\n<li>\u201eOh! Ma-Ma\u201c (R. Vallee and P. Citorello) 1937<\/li>\n<li>\u201eOverture to \u00abPoet and Peasant\u00bb\u201c (Franz von Supp\u00e9) 1937<\/li>\n<li>\u201ePepita\u201c (A. M\u00fcller), 1939<\/li>\n<li>\u201eQuand la brise vagabonde\u201c (W. R. Heymann, 1936)<\/li>\n<li>\u201eSchlafe mein Prinzchen\u201c (= \u201eWiegenlied\u201c, Mozart) 1937<\/li>\n<li>\u201eSouth American Joe\u201c, 1936<\/li>\n<li>\u201eLouis Blues\u201c (Handy), 1937<\/li>\n<li>\u201eTarantella Sincera\u201c (de Crescenzo), 1937<\/li>\n<li>\u201eTarantula\u201c (Phillips), 1937<\/li>\n<li>\u201eThe umbrella man (Stock and Rose), 1937<\/li>\n<li>\u201eThere\u2019s a new world\u201c (Carr and Kennedy), 1937<\/li>\n<li>\u201eToreadors in Madrid\u201c (J. de Barro and A. Ribeiro), 1937<\/li>\n<li>\u201eTorna Piccina\u201c (C. A. Bixio), 1937<\/li>\n<li>\u201eTyrekampen\u201c (= \u201eStierkampf\u201c), 1936<\/li>\n<li>\u201eVienna, city of my dreams\u201c (Sieczynsky), 1937<\/li>\n<li>\u201eVoila les Gars de la Marine\u201c (W. R. Heymann; Comedian Harmonists: u. a. HMV K-6375) ,1937<\/li>\n<li>\u201eWaltzing Matilda\u201c (Marie Cowan), 1937<\/li>\n<li>\u201eWalzertraum\u201c (Oscar Strau\u00df), 1937<\/li>\n<li>\u201eWenn der alte Brunnen rauscht\u201c (Altmann), 1936<\/li>\n<li>\u201eWenn die Sonja russisch tanzt\u201c (Koetscher &amp; Plessow; Comedian Harmonists: EG 3110), 1937<\/li>\n<li>\u201eWhen my dreamboat comes home\u201c (C. Friend and D. Franklin), 1937<\/li>\n<li>\u201eWhispering\u201c (Schonberger; Comedian Harmonists: HMV B.8274), 1937<\/li>\n<li>\u201eWie w\u00e4r\u2019s mit Lissabon\u201c (W. Bochmann; Comedian Harmonists: EG 3117)<\/li>\n<li>\u201eYou are my lucky star\u201c (Nacio Herb. Brown), 1936<\/li>\n<\/ul>\n<p>&nbsp;<\/p>\n<hr align=\"center\" size=\"2\" width=\"100%\" \/>\n<h3 align=\"center\"><a name=\"MEIST\"><\/a>Meister-Sextett<\/h3>\n<p>&nbsp;<\/p>\n<p><strong>1935\/36 <\/strong>(altes Repertoire)<\/p>\n<ul>\n<li>\u201eAuf Wiedersehn\u201d (s. oben)<\/li>\n<li>\u201eDas alte Spinnrad\u201c (Billy Hill; Comedian Harmonists: EG 3047)<\/li>\n<li>\u201eHolzhackerlied\u201c (Comedian Harmonists: EG 3273)<\/li>\n<li>\u201eEin bisschen Leichtsinn kann nicht schaden\u201c (Comedian Harmonists: EG 3110)<\/li>\n<li>\u201eTante bleib hier\u201c (Comedian Harmonists: EG 3273),<\/li>\n<li>\u201eWie w\u00e4rs mal mit Lissabon\u201c (Comedian Harmonists: EG 3117)<\/li>\n<li>\u201eLiebesleid\u201c (Comedian Harmonists: EG 2856)<\/li>\n<li>\u201eLebe wohl, gute Reise\u201c (Comedian Harmonists: EG 3204)<\/li>\n<li>\u201eIn der Bar zum Krokodil\u201c (Comedian Harmonists: EG 3117)<\/li>\n<li>\u201eMein kleiner gr\u00fcner Kaktus\u201c (Comedian Harmonists: EG 3204)<\/li>\n<li>\u201ePuppenhochzeit\u201c (Comedian Harmonists: EG 1647)<\/li>\n<li>\u201eStille Nacht, heilige Nacht\u201c (Comedian Harmonists: EG 2613)<\/li>\n<li>\u201eWenn die Sonja russisch tanzt\u201c (Comedian Harmonists: EG 3110)<\/li>\n<\/ul>\n<p>&nbsp;<\/p>\n<p><strong>1936-1939<\/strong><\/p>\n<ul>\n<li>\u201eDie Welt ist sch\u00f6n, Herr Kapit\u00e4n\u201c (Matrosenlied aus: \u201eDie Entf\u00fchrung\u201c, 1936)<\/li>\n<li>\u201eHeut bin ich gl\u00fccklicher als gl\u00fccklich\u201c (aus: \u201eDie un-erh\u00f6rte Frau\u201c, 1936)<\/li>\n<li>\u201eIrgendwo mit Dir ganz allein\u201c (aus: \u201eUnd Du mein Schatz f\u00e4hrst mit\u201c, 1936)<\/li>\n<li>\u201eSarie Marais\u201c (niederl. Volkslied), 1936<\/li>\n<li>\u201ePiet Hein\u201c (niederl. Volkslied), 1936<\/li>\n<li>\u201eDer K\u00e4fer und die Blume\u201c \u2013 1936<\/li>\n<li>\u201eUnsere Heimat\u201c (K\u00fcnneke) &#8211; 1936<\/li>\n<li>\u201eDas Fr\u00e4ulein Gerda\u201c, 1938<\/li>\n<li>\u201eK\u00fcss mich, bitte bitte k\u00fcss mich\u201c (Karste-Richter), 1938<\/li>\n<li>\u201eTag und Nacht\u201c (= Night And Day; Comedian Harmonists: EG 2848), 1938<\/li>\n<li>\u201eKinder, wie die Zeit vergeht\u201c, 1938<\/li>\n<li>\u201eWhispering\u201c (Comedian Harmonists: HMV B.8274), 1938<\/li>\n<li>\u201eDas Leben ist ein Karussell\u201c (aus: \u201eGl\u00fcckliche Reise\u201c), 1939<\/li>\n<li>\u201eInseratensong\u201c (aus: \u201eGl\u00fcckliche Reise\u201c), 1939<\/li>\n<li>\u201eDas Schiff streicht durch die Wellen\u201c (aus: \u201eGl\u00fcckliche Reise\u201c), 1939<\/li>\n<li>\u201eMadeira\u201c (aus: \u201eGl\u00fcckliche Reise\u201c), 1939,<\/li>\n<li>\u201eNacht muss es sein\u201c (aus: \u201eGl\u00fcckliche Reise\u201c), 1939<\/li>\n<\/ul>\n<p>&nbsp;<\/p>\n<p><strong>1940<\/strong><\/p>\n<ul>\n<li>\u201eBist Du&#8217;s, lachendes Gl\u00fcck\u201c (L\u00e8har)<\/li>\n<li>\u201eAm Abend auf der Heide\u201c (Eldo di Lazarro)<\/li>\n<li>\u201eAuf nach Madrid\u201c (Spanischer Marsch, v. Bruno Seidler-Winkler)<\/li>\n<li>\u201eEs war in Sch\u00f6neberg\u201c \u2013 s. \u201eKollo-Potpourri\u201c<\/li>\n<li>\u201eGute Nacht, Mutter\u201c (Werner Bochmann)<\/li>\n<li>\u201eIm sch\u00f6nsten Wiesengrunde\u201c<\/li>\n<li>\u201eKleine M\u00e4dchen m\u00fcssen schlafen gehen\u201c \u2013 s. \u201eKollo-Potpourri\u201c<\/li>\n<li>\u201eKollo-Potpourri\u201c Teil 1 und 2 (Walter Kollo: Untern Linden; Zwei rote Rosen; Es war in Sch\u00f6neberg; Was eine Frau im Fr\u00fchling tr\u00e4umt; Kind, ich schlafe so schlecht; Warte, warte nur ein Weilchen; Kleine M\u00e4dchen m\u00fcssen schlafen gehen; So lang noch untern Linden)<\/li>\n<li>\u201eM\u00e4del fein, M\u00e4del klein\u201c (L\u00e8har)<\/li>\n<li>\u201eMusik, Musik, Musik\u201c (Peter Kreuder)<\/li>\n<li>\u201ePenny Serenade\u201c (nur Testaufnahme)<\/li>\n<li>\u201eRosamunde\u201c<\/li>\n<li>\u201eSo lang noch untern Linden\u201c \u2013 s. \u201eKollo-Potpourri\u201c<\/li>\n<li>\u201eTango Bolero\u201c (Llossas) (s. Text)<\/li>\n<li>\u201eTr\u00e4umerei\u201c (Schumann)<\/li>\n<li>\u201eUntern Linden\u201c \u2013 s. \u201eKollo-Potpourri\u201c<\/li>\n<li>\u201e\u00dcber die Pr\u00e4rie&#8220; (Rudolf Friml, aus \u201eRosemarie\u201c)<\/li>\n<li>\u201eKind, ich schlafe so schlecht\u201c \u2013 s. \u201eKollo-Potpourri\u201c<\/li>\n<li>\u201eWarte, warte nur ein Weilchen\u201c \u2013 s. \u201eKollo-Potpourri\u201c<\/li>\n<li>\u201eWas eine Frau im Fr\u00fchling tr\u00e4umt\u201c \u2013 s. \u201eKollo-Potpourri\u201c<\/li>\n<li>\u201eWeibermarsch\u201c aus \u201eDie lustige Witwe\u201c (L\u00e9har)<\/li>\n<li>\u201eWolgalied\u201c (L\u00e8har)<\/li>\n<li>\u201eZwei rote Rosen\u201c \u2013 s. \u201eKollo-Potpourri\u201c (s. a. Comedian Harmonists)<\/li>\n<\/ul>\n<p>&nbsp;<\/p>\n<p><strong>o. Jgg.<\/strong><\/p>\n<ul>\n<li>\u201eGraf von Luxemburg\u201c<\/li>\n<li>\u201eGute Nacht, auf Wiedersehen\u201c<\/li>\n<li>\u201eIm Wald und auf der Heide\u201c<\/li>\n<li>\u201eIndian love call\u201c<\/li>\n<li>\u201eJede Frau hat ein Geheimnis\u201c<\/li>\n<li>\u201eKastanienbaum\u201c<\/li>\n<li>\u201eKomm zur\u00fcck\u201c<\/li>\n<li>\u201eLiebes Gretelein\u201c (= \u201eSt\u00e4ndchen\u201c, Jonny Heykens)<\/li>\n<\/ul>\n<p>&nbsp;<\/p>\n","protected":false},"excerpt":{"rendered":"<p>Unver\u00f6ffentlichte Titel der Comedian Harmonists und ihrer Nachfolgeformationen von Broody &nbsp; &rarr; Comedian Harmonists &rarr; Comedy Harmonists &rarr; Meistersextett Es handelt sich um Titel, die laut bekannt gewordenen Ver\u00f6ffentlichungen (Konzertprogramme)&hellip; <\/p>\n","protected":false},"author":1,"featured_media":0,"parent":22,"menu_order":6,"comment_status":"closed","ping_status":"closed","template":"","meta":{"footnotes":""},"class_list":["post-1289","page","type-page","status-publish","hentry"],"_links":{"self":[{"href":"https:\/\/www.comedian-harmonists.net\/index.php?rest_route=\/wp\/v2\/pages\/1289","targetHints":{"allow":["GET"]}}],"collection":[{"href":"https:\/\/www.comedian-harmonists.net\/index.php?rest_route=\/wp\/v2\/pages"}],"about":[{"href":"https:\/\/www.comedian-harmonists.net\/index.php?rest_route=\/wp\/v2\/types\/page"}],"author":[{"embeddable":true,"href":"https:\/\/www.comedian-harmonists.net\/index.php?rest_route=\/wp\/v2\/users\/1"}],"replies":[{"embeddable":true,"href":"https:\/\/www.comedian-harmonists.net\/index.php?rest_route=%2Fwp%2Fv2%2Fcomments&post=1289"}],"version-history":[{"count":12,"href":"https:\/\/www.comedian-harmonists.net\/index.php?rest_route=\/wp\/v2\/pages\/1289\/revisions"}],"predecessor-version":[{"id":1533,"href":"https:\/\/www.comedian-harmonists.net\/index.php?rest_route=\/wp\/v2\/pages\/1289\/revisions\/1533"}],"up":[{"embeddable":true,"href":"https:\/\/www.comedian-harmonists.net\/index.php?rest_route=\/wp\/v2\/pages\/22"}],"wp:attachment":[{"href":"https:\/\/www.comedian-harmonists.net\/index.php?rest_route=%2Fwp%2Fv2%2Fmedia&parent=1289"}],"curies":[{"name":"wp","href":"https:\/\/api.w.org\/{rel}","templated":true}]}}