{"id":1571,"date":"2016-05-07T10:51:23","date_gmt":"2016-05-07T08:51:23","guid":{"rendered":"http:\/\/www.comedian-harmonists.net\/?page_id=1571"},"modified":"2022-10-16T01:04:48","modified_gmt":"2022-10-15T23:04:48","slug":"willkommen-2","status":"publish","type":"page","link":"https:\/\/www.comedian-harmonists.net\/","title":{"rendered":"Willkommen"},"content":{"rendered":"<h5>\n<table width=\"100%\" cellspacing=\"0\" cellpadding=\"5\" border=\"0\" align=\"left\">\n<tbody>\n<tr>\n<td width=\"50%\">\n<ul>\u2192 <strong><a href=\"http:\/\/www.comedian-harmonists.net\/?page_id=15\" title=\"Comedian Harmonists\">Comedian Harmonists<\/a><\/strong><br \/>\n\u2192 <strong><a href=\"http:\/\/www.comedian-harmonists.net\/?page_id=42\" title=\"Vokalgruppen\">Vokalgruppen<\/a><\/strong><br \/>\n&nbsp;<br \/>\n\u2192 <strong><a href=\"http:\/\/www.comedian-harmonists.net\/?page_id=221\" title=\"Aktuelles\">Aktuelles<\/a><\/strong><br \/>\n\u2192 <strong><a href=\"http:\/\/www.comedian-harmonists.net\/?page_id=224\" title=\"Danksagung\">Danksagung<\/a><\/strong><\/ul>\n<\/td>\n<td width=\"50%\">\n<ul>\u2192 <strong><a href=\"http:\/\/www.comedian-harmonists.net\/?page_id=46\" title=\"Links\">Links<\/a><\/strong><br \/>\n\u2192 <strong><a href=\"http:\/\/www.comedian-harmonists.net\/?page_id=50\" title=\"Kontakt\">Kontakt<\/a><\/strong><br \/>\n&nbsp;<br \/>\n\u2192 <strong><a href=\"http:\/\/www.comedian-harmonists.net\/?page_id=50#DSGVO\" title=\"Datenschutzerkl\u00e4rung\">Datenschutzerkl\u00e4rung<\/a><\/strong><br \/>\n&nbsp;<br \/>\n\u2192 <strong><a href=\"http:\/\/www.comedian-harmonists.net\/?page_id=1224\" title=\"Foren\">Foren<\/a><\/strong><\/ul>\n<\/td>\n<\/tr>\n<\/tbody>\n<\/table>\n<\/h5>\n<p>&nbsp;<br \/>\nHerzlich willkommen auf dieser Webpr\u00e4senz, die sich mit dem Leben und Wirken der Comedian Harmonists, ihrer Nachfolgegruppen und auch einigen ausgew\u00e4hlten anderen Vokalgruppen aus dieser Zeit befasst. Hier wird nach und nach ein Pool an Informationen und Materialien \u00fcber diese Gruppen aufgebaut, der allen Interessierten zur Verf\u00fcgung stehen soll.<br \/>\n&nbsp;<br \/>\nVielen Dank f\u00fcr Ihr Interesse!<br \/>\n&nbsp;<\/p>\n","protected":false},"excerpt":{"rendered":"<p>\u2192 Comedian Harmonists \u2192 Vokalgruppen &nbsp; \u2192 Aktuelles \u2192 Danksagung \u2192 Links \u2192 Kontakt &nbsp; \u2192 Datenschutzerkl\u00e4rung &nbsp; \u2192 Foren &nbsp; Herzlich willkommen auf dieser Webpr\u00e4senz, die sich mit dem&hellip; <\/p>\n","protected":false},"author":1,"featured_media":0,"parent":0,"menu_order":1,"comment_status":"closed","ping_status":"closed","template":"","meta":{"footnotes":""},"class_list":["post-1571","page","type-page","status-publish","hentry"],"_links":{"self":[{"href":"https:\/\/www.comedian-harmonists.net\/index.php?rest_route=\/wp\/v2\/pages\/1571","targetHints":{"allow":["GET"]}}],"collection":[{"href":"https:\/\/www.comedian-harmonists.net\/index.php?rest_route=\/wp\/v2\/pages"}],"about":[{"href":"https:\/\/www.comedian-harmonists.net\/index.php?rest_route=\/wp\/v2\/types\/page"}],"author":[{"embeddable":true,"href":"https:\/\/www.comedian-harmonists.net\/index.php?rest_route=\/wp\/v2\/users\/1"}],"replies":[{"embeddable":true,"href":"https:\/\/www.comedian-harmonists.net\/index.php?rest_route=%2Fwp%2Fv2%2Fcomments&post=1571"}],"version-history":[{"count":7,"href":"https:\/\/www.comedian-harmonists.net\/index.php?rest_route=\/wp\/v2\/pages\/1571\/revisions"}],"predecessor-version":[{"id":2410,"href":"https:\/\/www.comedian-harmonists.net\/index.php?rest_route=\/wp\/v2\/pages\/1571\/revisions\/2410"}],"wp:attachment":[{"href":"https:\/\/www.comedian-harmonists.net\/index.php?rest_route=%2Fwp%2Fv2%2Fmedia&parent=1571"}],"curies":[{"name":"wp","href":"https:\/\/api.w.org\/{rel}","templated":true}]}}