{"id":1609,"date":"2016-05-16T19:57:35","date_gmt":"2016-05-16T17:57:35","guid":{"rendered":"http:\/\/www.comedian-harmonists.net\/?page_id=1609"},"modified":"2026-01-24T20:33:54","modified_gmt":"2026-01-24T18:33:54","slug":"amerikanische-gruppe","status":"publish","type":"page","link":"https:\/\/www.comedian-harmonists.net\/?page_id=1609","title":{"rendered":"Amerikanische Gruppe"},"content":{"rendered":"<p><strong>von Broody<\/strong><br \/>\n&nbsp;<\/p>\n<table class=\"bordered\" width=\"100%\" border=\"1\" cellspacing=\"0\" cellpadding=\"5\" align=\"left\">\n<tr>\n<td width=\"13%\"><strong>Datum<\/strong><\/td>\n<td width=\"15%\"><strong>Ort<\/strong><\/td>\n<td width=\"36%\"><strong>Einrichtung<\/strong><\/td>\n<td width=\"36%\"><strong>Anmerkungen<\/strong><\/td>\n<\/tr>\n<tr>\n<td width=\"13%\"><em>30.07.1948<\/em><\/td>\n<td width=\"15%\"><em>Stockholm (S)<\/em><\/td>\n<td width=\"36%\">&nbsp;<\/td>\n<td width=\"36%\"><em>Ankunft mit SAS auf Flughafen Stockholm-Bromma<\/em><\/td>\n<\/tr>\n<tr>\n<td width=\"13%\">02.08.1948<\/td>\n<td width=\"15%\">Stockholm (S)<\/td>\n<td width=\"36%\">China-Variet\u00e9<\/td>\n<td width=\"36%\">Variet\u00e9programm, dem Tanzduo Riber &amp; Dantzer, den Akrobaten Lai Foun aus China, dem Xylophonisten Sid Plummer, der Stept\u00e4nzerin Fratelli Sereno, dem Ballonskulpteur Senor Carlos, den Jongleuen Vivian &amp; Tassi, dem brasilian. S\u00e4nger Don Kenito sowie Borra, \u201eK\u00f6nig der Taschendiebe\u201c, Kapellmeister Eckert-Lundin.<\/td>\n<\/tr>\n<tr>\n<td width=\"13%\">05.08.1948<\/td>\n<td width=\"15%\">Stockholm (S)<\/td>\n<td width=\"36%\">Universit\u00e4t<\/td>\n<td width=\"36%\">&nbsp;<\/td>\n<\/tr>\n<tr>\n<td width=\"13%\">06.08.1948<\/td>\n<td width=\"15%\">Stockholm (S)<\/td>\n<td width=\"36%\">Konservatorium<\/td>\n<td width=\"36%\">&nbsp;<\/td>\n<\/tr>\n<tr>\n<td width=\"13%\">08.08.1948<\/td>\n<td width=\"15%\">Enk\u00f6ping (S)<\/td>\n<td width=\"36%\">Sportmesse<\/td>\n<td width=\"36%\">14:30 Uhr<\/td>\n<\/tr>\n<tr>\n<td width=\"13%\">12.08.1948<\/td>\n<td width=\"15%\">Stockholm (S)<\/td>\n<td width=\"36%\">China-Variet\u00e9<\/td>\n<td width=\"36%\">zwei Auftritte<\/td>\n<\/tr>\n<tr>\n<td width=\"13%\">13.08.1948<\/td>\n<td width=\"15%\">Stockholm (S)<\/td>\n<td width=\"36%\">China-Variet\u00e9<\/td>\n<td width=\"36%\">zwei Auftritte<\/td>\n<\/tr>\n<tr>\n<td width=\"13%\">16.08.1948<\/td>\n<td width=\"15%\">Stockholm (S)<\/td>\n<td width=\"36%\">China-Variet\u00e9<\/td>\n<td width=\"36%\">&nbsp;<\/td>\n<\/tr>\n<tr>\n<td width=\"13%\">18.08.1948<\/td>\n<td width=\"15%\">Stockholm (S)<\/td>\n<td width=\"36%\">St. G\u00f6ran Hospital<\/td>\n<td width=\"36%\">&nbsp;<\/td>\n<\/tr>\n<tr>\n<td width=\"13%\">19.08.1948<\/td>\n<td width=\"15%\">Stockholm (S)<\/td>\n<td width=\"36%\">China-Variet\u00e9<\/td>\n<td width=\"36%\">&nbsp;<\/td>\n<\/tr>\n<tr>\n<td width=\"13%\">20.08.1948<\/td>\n<td width=\"15%\">Stockholm (S)<\/td>\n<td width=\"36%\">China-Variet\u00e9<\/td>\n<td width=\"36%\">&nbsp;<\/td>\n<\/tr>\n<tr>\n<td width=\"13%\">23.08.1948<\/td>\n<td width=\"15%\">Stockholm (S)<\/td>\n<td width=\"36%\">China-Variet\u00e9<\/td>\n<td width=\"36%\">&nbsp;<\/td>\n<\/tr>\n<tr>\n<td width=\"13%\">01.09.1948 &#8211;<br \/>\n08.09.1948<\/td>\n<td width=\"15%\">G\u00f6teborg (S)<\/td>\n<td width=\"36%\">Cabar\u00e9t-Halle<\/td>\n<td width=\"36%\">&nbsp;<\/td>\n<\/tr>\n<tr>\n<td width=\"13%\">10.09.1948<\/td>\n<td width=\"15%\">Helsinki (FI)<\/td>\n<td width=\"36%\">Restaurant Adlon<\/td>\n<td width=\"36%\">&nbsp;<\/td>\n<\/tr>\n<tr>\n<td width=\"13%\">11.09.1948<\/td>\n<td width=\"15%\">Helsinki (FI)<\/td>\n<td width=\"36%\">Universit\u00e4tsaula<\/td>\n<td width=\"36%\">&nbsp;<\/td>\n<\/tr>\n<tr>\n<td width=\"13%\">12.09.1948<\/td>\n<td width=\"15%\">Helsinki (FI)<\/td>\n<td width=\"36%\">&nbsp;<\/td>\n<td width=\"36%\">&nbsp;<\/td>\n<\/tr>\n<tr>\n<td width=\"13%\">13.09.1948<\/td>\n<td width=\"15%\">V\u00e4ster\u00e5s (S)<\/td>\n<td width=\"36%\">Gymnasium, Aula; 20:00 Uhr<\/td>\n<td width=\"36%\">&nbsp;<\/td>\n<\/tr>\n<tr>\n<td width=\"13%\">14.09.1948<\/td>\n<td width=\"15%\">Uppsala (S)<\/td>\n<td width=\"36%\">Universit\u00e4tsaula<\/td>\n<td width=\"36%\">&nbsp;<\/td>\n<\/tr>\n<tr>\n<td width=\"13%\"><em>20.09.1948<\/em><\/td>\n<td width=\"15%\"><em>Bergen (N)<\/em><\/td>\n<td width=\"36%\">&nbsp;<\/td>\n<td width=\"36%\"><em><strong>Shuteroff stirbt in Bergen\/Norwegen<\/strong><\/em><\/td>\n<\/tr>\n<tr>\n<td width=\"13%\">21.09.1948<\/td>\n<td width=\"15%\">Stavanger (N)<\/td>\n<td width=\"36%\">&nbsp;<\/td>\n<td width=\"36%\">mit Collin, Pollack, Bixler, Akins, Cathcart<\/td>\n<\/tr>\n<tr>\n<td width=\"13%\">25.09.1949<\/td>\n<td width=\"15%\">Moss (N)<\/td>\n<td width=\"36%\">Parktheater<\/td>\n<td width=\"36%\"><em>Frohman reist per Flug \u00fcber Kopenhagen nach Oslo<\/em><\/td>\n<\/tr>\n<tr>\n<td width=\"13%\">26.09.1948<\/td>\n<td width=\"15%\">Oslo (N)<\/td>\n<td width=\"36%\">Universit\u00e4tsaula<\/td>\n<td width=\"36%\">Konzertaufnahme, Sendedatum 29.10.48 im norw. Rundfunk; <strong>Erster Auftritt Harry M. Frohman<\/strong><\/td>\n<\/tr>\n<tr>\n<td width=\"13%\">27.09.1948<\/td>\n<td width=\"15%\">Fredrikstad (N)<\/td>\n<td width=\"36%\">Bibliothek<\/td>\n<td width=\"36%\">&nbsp;<\/td>\n<\/tr>\n<tr>\n<td width=\"13%\">28.09.1948<\/td>\n<td width=\"15%\">Halden (N)<\/td>\n<td width=\"36%\">Kino Aladin<\/td>\n<td width=\"36%\">&nbsp;<\/td>\n<\/tr>\n<tr>\n<td width=\"13%\">30.09.1948<\/td>\n<td width=\"15%\">Drammen (N)<\/td>\n<td width=\"36%\">&nbsp;<\/td>\n<td width=\"36%\">&nbsp;<\/td>\n<\/tr>\n<tr>\n<td width=\"13%\">01.10.1948<\/td>\n<td width=\"15%\">Notodden (N)<\/td>\n<td width=\"36%\">&nbsp;<\/td>\n<td width=\"36%\">&nbsp;<\/td>\n<\/tr>\n<tr>\n<td width=\"13%\">06.10.1948<\/td>\n<td width=\"15%\">Kopenhagen (DK)<\/td>\n<td width=\"36%\">Odd Fellow Palaets, Store Sal<\/td>\n<td width=\"36%\">Lt. Reisepass Reise von Malm\u00f6 nach Kopenhagen<\/td>\n<\/tr>\n<tr>\n<td width=\"13%\">07.10.1948<\/td>\n<td width=\"15%\">Kopenhagen (DK)<\/td>\n<td width=\"36%\">Odd Fellow Palaets, Store Sal<\/td>\n<td width=\"36%\">&nbsp;<\/td>\n<\/tr>\n<tr>\n<td width=\"13%\">08.10.1948<\/td>\n<td width=\"15%\">Kopenhagen (DK)<\/td>\n<td width=\"36%\">Odd Fellow Palaets, Store Sal<\/td>\n<td width=\"36%\">&nbsp;<\/td>\n<\/tr>\n<tr>\n<td width=\"13%\">09.10.1948<\/td>\n<td width=\"15%\">Vejle (DK)<\/td>\n<td width=\"36%\">&nbsp;<\/td>\n<td width=\"36%\">&nbsp;<\/td>\n<\/tr>\n<tr>\n<td width=\"13%\">10.10.1948<\/td>\n<td width=\"15%\">Randers (DK)<\/td>\n<td width=\"36%\">&nbsp;<\/td>\n<td width=\"36%\">&nbsp;<\/td>\n<\/tr>\n<tr>\n<td width=\"13%\">11.10.1948<\/td>\n<td width=\"15%\">Aalborg (DK)<\/td>\n<td width=\"36%\">&nbsp;<\/td>\n<td width=\"36%\">2 Konzerte<\/td>\n<\/tr>\n<tr>\n<td width=\"13%\">12.10.1948<\/td>\n<td width=\"15%\">Aarhus (DK)<\/td>\n<td width=\"36%\">Aarhushallen<\/td>\n<td width=\"36%\">&nbsp;<\/td>\n<\/tr>\n<tr>\n<td width=\"13%\">13.10.1948<\/td>\n<td width=\"15%\">Hosltebro (DK)<\/td>\n<td width=\"36%\">Badmintonhallen<\/td>\n<td width=\"36%\">&nbsp;<\/td>\n<\/tr>\n<tr>\n<td width=\"13%\">14.10.1948<\/td>\n<td width=\"15%\">Viborg (DK)<\/td>\n<td width=\"36%\">&nbsp;<\/td>\n<td width=\"36%\">&nbsp;<\/td>\n<\/tr>\n<tr>\n<td width=\"13%\">15.10.1948<\/td>\n<td width=\"15%\">Nyborg (DK)<\/td>\n<td width=\"36%\">&nbsp;<\/td>\n<td width=\"36%\">&nbsp;<\/td>\n<\/tr>\n<tr>\n<td width=\"13%\">16.10.1948<\/td>\n<td width=\"15%\">Svendborg (DK)<\/td>\n<td width=\"36%\">&nbsp;<\/td>\n<td width=\"36%\">&nbsp;<\/td>\n<\/tr>\n<tr>\n<td width=\"13%\">17.10.1948<\/td>\n<td width=\"15%\">Nykobing (DK)<\/td>\n<td width=\"36%\">Teatersalen<\/td>\n<td width=\"36%\">&nbsp;<\/td>\n<\/tr>\n<tr>\n<td width=\"13%\">18.10.1948<\/td>\n<td width=\"15%\">Esbjerg (DK)<\/td>\n<td width=\"36%\">&nbsp;<\/td>\n<td width=\"36%\">&nbsp;<\/td>\n<\/tr>\n<tr>\n<td width=\"13%\">19.10.1948<\/td>\n<td width=\"15%\">Haderslev (DK)<\/td>\n<td width=\"36%\">&nbsp;<\/td>\n<td width=\"36%\">&nbsp;<\/td>\n<\/tr>\n<tr>\n<td width=\"13%\">20.10.1948<\/td>\n<td width=\"15%\">Horsens (DK)<\/td>\n<td width=\"36%\">&nbsp;<\/td>\n<td width=\"36%\">2 Konzerte<\/td>\n<\/tr>\n<tr>\n<td width=\"13%\">22.10.1949<\/td>\n<td width=\"15%\">Kopenhagen (DK)<\/td>\n<td width=\"36%\">Odd Fellow Palaetes, Store Sal<\/td>\n<td width=\"36%\">Abschiedskonzert<\/td>\n<\/tr>\n<tr>\n<td width=\"13%\">28.10.1948<\/td>\n<td width=\"15%\">Malm\u00f6 (S)<\/td>\n<td width=\"36%\">Realschule<\/td>\n<td width=\"36%\">20:00 Uhr<\/td>\n<\/tr>\n<tr>\n<td width=\"13%\">30.10.1948<\/td>\n<td width=\"15%\">G\u00f6teborg (S)<\/td>\n<td width=\"36%\">Konzerthaus<\/td>\n<td width=\"36%\">20:00 Uhr<\/td>\n<\/tr>\n<tr>\n<td width=\"13%\">31.10.1948<\/td>\n<td width=\"15%\">Bor\u00e5s (S)<\/td>\n<td width=\"36%\">Realschule<\/td>\n<td width=\"36%\">20:00 Uhr Solo Frohman mit Instrumenten-Imitationen (Violine, Blasinstrumente)<\/td>\n<\/tr>\n<tr>\n<td width=\"13%\">02.11.1948<\/td>\n<td width=\"15%\">Stockholm (S)<\/td>\n<td width=\"36%\">Konzerthaus Gro\u00dfer Saal<\/td>\n<td width=\"36%\">20:00 Uhr<\/td>\n<\/tr>\n<tr>\n<td width=\"13%\">04.11.1948<\/td>\n<td width=\"15%\">Sandefjord (N)<\/td>\n<td width=\"36%\">&nbsp;<\/td>\n<td width=\"36%\">&nbsp;<\/td>\n<\/tr>\n<tr>\n<td width=\"13%\">05.11.1948<\/td>\n<td width=\"15%\">T\u00f6nsberg (N)<\/td>\n<td width=\"36%\">&nbsp;<\/td>\n<td width=\"36%\">&nbsp;<\/td>\n<\/tr>\n<tr>\n<td width=\"13%\">06.11.1948<\/td>\n<td width=\"15%\">Oslo (N)<\/td>\n<td width=\"36%\">&nbsp;<\/td>\n<td width=\"36%\">&nbsp;<\/td>\n<\/tr>\n<tr>\n<td width=\"13%\">07.11.1948<\/td>\n<td width=\"15%\">Askim (N)<\/td>\n<td width=\"36%\">&nbsp;<\/td>\n<td width=\"36%\">&nbsp;<\/td>\n<\/tr>\n<tr>\n<td width=\"13%\">08.11.1948<\/td>\n<td width=\"15%\">Hamar (N)<\/td>\n<td width=\"36%\">&nbsp;<\/td>\n<td width=\"36%\">&nbsp;<\/td>\n<\/tr>\n<tr>\n<td width=\"13%\">11.11.1948<\/td>\n<td width=\"15%\">Trondheim (N)<\/td>\n<td width=\"36%\">&nbsp;<\/td>\n<td width=\"36%\">&nbsp;<\/td>\n<\/tr>\n<tr>\n<td width=\"13%\">13.11.1948<\/td>\n<td width=\"15%\">Lillehammer (N)<\/td>\n<td width=\"36%\">&nbsp;<\/td>\n<td width=\"36%\">&nbsp;<\/td>\n<\/tr>\n<tr>\n<td width=\"13%\">15.11.1948?<\/td>\n<td width=\"15%\">Sandefjord (N)?<\/td>\n<td width=\"36%\">&nbsp;<\/td>\n<td width=\"36%\">geplant<\/td>\n<\/tr>\n<tr>\n<td width=\"13%\">23.11.1948<\/td>\n<td width=\"15%\">Lugano (CH)<\/td>\n<td width=\"36%\">Kursaal<\/td>\n<td width=\"36%\">Radiosendung und -aufnahme (sieben 30-cm-Platten Acetat auf Metall)<\/td>\n<\/tr>\n<tr>\n<td width=\"13%\">25.11.1948<\/td>\n<td width=\"15%\">Lausanne (CH)<\/td>\n<td width=\"36%\">&nbsp;<\/td>\n<td width=\"36%\">\u201eCe Soir A Old India\u201c<\/td>\n<\/tr>\n<tr>\n<td width=\"13%\">26.11.1948<\/td>\n<td width=\"15%\">Genf (CH)<\/td>\n<td width=\"36%\">Palais d\u2018Hiver<\/td>\n<td width=\"36%\">m. d. Orchester Boyd Bachmann<\/td>\n<\/tr>\n<tr>\n<td width=\"13%\">28.11.1948<\/td>\n<td width=\"15%\">Genf (CH)<\/td>\n<td width=\"36%\">Palais d\u2018Hiver<\/td>\n<td width=\"36%\">&nbsp;<\/td>\n<\/tr>\n<tr>\n<td width=\"13%\">04.12.1948<\/td>\n<td width=\"15%\">Paris (F)<\/td>\n<td width=\"36%\">Theater A.B.C.<\/td>\n<td width=\"36%\">&nbsp;<\/td>\n<\/tr>\n<tr>\n<td width=\"13%\">&nbsp;<\/td>\n<td width=\"15%\">Paris (F)<\/td>\n<td width=\"36%\">T\u00e9atre des Champs Elys\u00e9es<\/td>\n<td width=\"36%\">&nbsp;<\/td>\n<\/tr>\n<tr>\n<td width=\"13%\">08.01.1949<\/td>\n<td width=\"15%\">Amsterdam (NL)<\/td>\n<td width=\"36%\">De kleine Comedie; 24:00 Uhr<\/td>\n<td width=\"36%\">Nachtvorstellung (m. d. Conf\u00e9rencier Alex de Haas, dem Tanzpaar Edwina &amp; Resco, dem Magier Niberco und dem Imitator Oradi)<\/td>\n<\/tr>\n<tr>\n<td width=\"13%\">&nbsp;<\/td>\n<td width=\"15%\">Rotterdam (NL)<\/td>\n<td width=\"36%\">&nbsp;<\/td>\n<td width=\"36%\">&nbsp;<\/td>\n<\/tr>\n<tr>\n<td width=\"13%\">&nbsp;<\/td>\n<td width=\"15%\">Den Haag (NL)<\/td>\n<td width=\"36%\">&nbsp;<\/td>\n<td width=\"36%\">&nbsp;<\/td>\n<\/tr>\n<tr>\n<td width=\"13%\">15.01.1949<\/td>\n<td width=\"15%\">L\u00fcttich (B)<\/td>\n<td width=\"36%\">Casino de Chaudfontaine<\/td>\n<td width=\"36%\">&nbsp;<\/td>\n<\/tr>\n<tr>\n<td width=\"13%\">16.01.1949<\/td>\n<td width=\"15%\">L\u00fcttich (B)<\/td>\n<td width=\"36%\">Casino de Chaudfontaine<\/td>\n<td width=\"36%\">&nbsp;<\/td>\n<\/tr>\n<tr>\n<td width=\"13%\">17.01.1949<\/td>\n<td width=\"15%\">L\u00fcttich (B)<\/td>\n<td width=\"36%\">Casino de Chaudfontaine<\/td>\n<td width=\"36%\">&nbsp;<\/td>\n<\/tr>\n<tr>\n<td width=\"13%\">18.01.1949<\/td>\n<td width=\"15%\">L\u00fcttich (B)<\/td>\n<td width=\"36%\">Casino de Chaudfontaine<\/td>\n<td width=\"36%\">&nbsp;<\/td>\n<\/tr>\n<tr>\n<td width=\"13%\">20.01.1949<\/td>\n<td width=\"15%\">L\u00fcttich (B)<\/td>\n<td width=\"36%\">Casino de Chaudfontaine<\/td>\n<td width=\"36%\">&nbsp;<\/td>\n<\/tr>\n<tr>\n<td width=\"13%\">01.02.1949<\/td>\n<td width=\"15%\">Basel (B)<\/td>\n<td width=\"36%\">K\u00fcchlin<\/td>\n<td width=\"36%\">&nbsp;<\/td>\n<\/tr>\n<tr>\n<td width=\"13%\">02.02.1949<\/td>\n<td width=\"15%\">Basel (B)<\/td>\n<td width=\"36%\">K\u00fcchlin<\/td>\n<td width=\"36%\">&nbsp;<\/td>\n<\/tr>\n<tr>\n<td width=\"13%\">04.02.1949<\/td>\n<td width=\"15%\">Fleurier (CH)<\/td>\n<td width=\"36%\">Salle Fleurisia<\/td>\n<td width=\"36%\">&nbsp;<\/td>\n<\/tr>\n<tr>\n<td width=\"13%\">05.02.1949<\/td>\n<td width=\"15%\">Z\u00fcrich (CH)<\/td>\n<td width=\"36%\">Klubhaus Stockerstra\u00dfe<\/td>\n<td width=\"36%\">20:15 Uhr<\/td>\n<\/tr>\n<tr>\n<td width=\"13%\">06.02.1949<\/td>\n<td width=\"15%\">Z\u00fcrich (CH)<\/td>\n<td width=\"36%\">Klubhaus Stockerstra\u00dfe<\/td>\n<td width=\"36%\">15:15 und 20:15 Uhr<\/td>\n<\/tr>\n<tr>\n<td width=\"13%\">08.02.1949<\/td>\n<td width=\"15%\">Basel (CH)<\/td>\n<td width=\"36%\"><em>Plattenaufnahmen &#8222;Chant du Monde&#8220;<\/em><\/td>\n<td width=\"36%\"><em>\u201eY&#8217;a d&#8217;la joie\u201c (frz.)<br \/>\n\u201eTout le long des rues\u201c (frz.)<br \/>\n\u201eLa Danza\u201c (ital.)<br \/>\n\u201eThe birch tree\u201c (russ.)<br \/>\n\u201eThe Donkey Serenade\u201c (engl.)<br \/>\n\u201eYou and the night and the music\u201c (engl.)<\/em><\/td>\n<\/tr>\n<tr>\n<td width=\"13%\">08.02.1949?<\/td>\n<td width=\"15%\">Z\u00fcrich (CH)<\/td>\n<td width=\"36%\">&nbsp;<\/td>\n<td width=\"36%\">&nbsp;<\/td>\n<\/tr>\n<tr>\n<td width=\"13%\">09.02.1949 &#8211;<br \/>\n13.02.1949<\/td>\n<td width=\"15%\">Crans sur Sierre (CH)<\/td>\n<td width=\"36%\">Sporting Bar<\/td>\n<td width=\"36%\">&nbsp;<\/td>\n<\/tr>\n<tr>\n<td width=\"13%\">18.02.1949<\/td>\n<td width=\"15%\">Padua (I)<\/td>\n<td width=\"36%\">Salle della Societ\u00e0<\/td>\n<td width=\"36%\">&nbsp;<\/td>\n<\/tr>\n<tr>\n<td width=\"13%\">19.02.1949<\/td>\n<td width=\"15%\">Mailand (I)<\/td>\n<td width=\"36%\">Teatro Lirico<\/td>\n<td width=\"36%\">&nbsp;<\/td>\n<\/tr>\n<tr>\n<td width=\"13%\">21.02.1949<\/td>\n<td width=\"15%\">Lecco (I)<\/td>\n<td width=\"36%\">Teatro Sociale<\/td>\n<td width=\"36%\">&nbsp;<\/td>\n<\/tr>\n<tr>\n<td width=\"13%\">22.02.1949<\/td>\n<td width=\"15%\">Florenz (I)<\/td>\n<td width=\"36%\">Teatro Communale<\/td>\n<td width=\"36%\">&nbsp;<\/td>\n<\/tr>\n<tr>\n<td width=\"13%\">23.02.1949<\/td>\n<td width=\"15%\">Florenz (I)<\/td>\n<td width=\"36%\">Radio 20:30 &#8211; 21:15 Uhr<\/td>\n<td width=\"36%\">nur Sendung?<\/td>\n<\/tr>\n<tr>\n<td width=\"13%\">25.02.1949<\/td>\n<td width=\"15%\">Rom (I)<\/td>\n<td width=\"36%\">Radio 17:30 &#8211; 18:30 Uhr<\/td>\n<td width=\"36%\">nur Sendung?<\/td>\n<\/tr>\n<tr>\n<td width=\"13%\">01.03.1949<\/td>\n<td width=\"15%\">Bienne (CH)<\/td>\n<td width=\"36%\">Hotel Elite, 21:00 Uhr<\/td>\n<td width=\"36%\">&nbsp;<\/td>\n<\/tr>\n<tr>\n<td width=\"13%\">02.03.1949<\/td>\n<td width=\"15%\">La Chaux-de Fonds (CH)<\/td>\n<td width=\"36%\">Stadttheater, 20:30 Uhr<\/td>\n<td width=\"36%\">&nbsp;<\/td>\n<\/tr>\n<tr>\n<td width=\"13%\">03.03.1949<\/td>\n<td width=\"15%\">Neuchatel (CH)<\/td>\n<td width=\"36%\">Casino de la Rotonde, 20:30 Uhr<\/td>\n<td width=\"36%\">&nbsp;<\/td>\n<\/tr>\n<tr>\n<td width=\"13%\">04.03.1949<\/td>\n<td width=\"15%\">Montreux (CH)<\/td>\n<td width=\"36%\">Salle de Th\u00e9atre, 20:30 Uhr<\/td>\n<td width=\"36%\">&nbsp;<\/td>\n<\/tr>\n<tr>\n<td width=\"13%\">05.03.1949<\/td>\n<td width=\"15%\">Lausanne (CH)<\/td>\n<td width=\"36%\">Cin\u00e9ma M\u00e9tropol, 17:30 Uhr<\/td>\n<td width=\"36%\">&nbsp;<\/td>\n<\/tr>\n<tr>\n<td width=\"13%\">05.03.1949<\/td>\n<td width=\"15%\">Vevey (CH)<\/td>\n<td width=\"36%\">La Riviera, 21:30 Uhr<\/td>\n<td width=\"36%\">&nbsp;<\/td>\n<\/tr>\n<tr>\n<td width=\"13%\">&nbsp;<\/td>\n<td width=\"15%\">&nbsp;<\/td>\n<td width=\"36%\">&nbsp;<\/td>\n<td width=\"36%\">R\u00fcckkehr in die USA (ohne Frohman) auf der \u201eQueen Mary\u201c, Ankunft in New York am 14. M\u00e4rz.<\/td>\n<\/tr>\n<\/tbody>\n<\/table>\n<p>&nbsp;<\/p>\n<hr align=\"center\" size=\"2\" width=\"100%\" \/>\n<p><span style=\"text-decoration: underline;\">Quellen<\/span>: Nachlass Robert Biberti, Staatsbibliothek zu Berlin, Sign. N.Mus.Nachl. 86 (CD-ROM Fot. 39 927-1 und -2); Andreas Schmauder &#8211; Irgendwo auf der Welt: Die Schallplatten der Comedian Harmonists und ihrer Nachfolgegruppen (1999); verschiedene Zeitungsartikel. Mit besonderem Dank an Roger Alderstrand, Schweden.<br \/>\n&nbsp;<\/p>\n","protected":false},"excerpt":{"rendered":"<p>von Broody &nbsp; Datum Ort Einrichtung Anmerkungen 30.07.1948 Stockholm (S) &nbsp; Ankunft mit SAS auf Flughafen Stockholm-Bromma 02.08.1948 Stockholm (S) China-Variet\u00e9 Variet\u00e9programm, dem Tanzduo Riber &amp; Dantzer, den Akrobaten Lai&hellip; <\/p>\n","protected":false},"author":1,"featured_media":0,"parent":26,"menu_order":4,"comment_status":"closed","ping_status":"closed","template":"","meta":{"footnotes":""},"class_list":["post-1609","page","type-page","status-publish","hentry"],"_links":{"self":[{"href":"https:\/\/www.comedian-harmonists.net\/index.php?rest_route=\/wp\/v2\/pages\/1609","targetHints":{"allow":["GET"]}}],"collection":[{"href":"https:\/\/www.comedian-harmonists.net\/index.php?rest_route=\/wp\/v2\/pages"}],"about":[{"href":"https:\/\/www.comedian-harmonists.net\/index.php?rest_route=\/wp\/v2\/types\/page"}],"author":[{"embeddable":true,"href":"https:\/\/www.comedian-harmonists.net\/index.php?rest_route=\/wp\/v2\/users\/1"}],"replies":[{"embeddable":true,"href":"https:\/\/www.comedian-harmonists.net\/index.php?rest_route=%2Fwp%2Fv2%2Fcomments&post=1609"}],"version-history":[{"count":12,"href":"https:\/\/www.comedian-harmonists.net\/index.php?rest_route=\/wp\/v2\/pages\/1609\/revisions"}],"predecessor-version":[{"id":2526,"href":"https:\/\/www.comedian-harmonists.net\/index.php?rest_route=\/wp\/v2\/pages\/1609\/revisions\/2526"}],"up":[{"embeddable":true,"href":"https:\/\/www.comedian-harmonists.net\/index.php?rest_route=\/wp\/v2\/pages\/26"}],"wp:attachment":[{"href":"https:\/\/www.comedian-harmonists.net\/index.php?rest_route=%2Fwp%2Fv2%2Fmedia&parent=1609"}],"curies":[{"name":"wp","href":"https:\/\/api.w.org\/{rel}","templated":true}]}}