{"id":221,"date":"2013-10-21T19:38:51","date_gmt":"2013-10-21T17:38:51","guid":{"rendered":"http:\/\/www.comedian-harmonists.net\/?page_id=221"},"modified":"2023-09-30T23:58:33","modified_gmt":"2023-09-30T21:58:33","slug":"aktuelles","status":"publish","type":"page","link":"https:\/\/www.comedian-harmonists.net\/?page_id=221","title":{"rendered":"Aktuelles"},"content":{"rendered":"<ul>\n<li><span style=\"text-decoration: underline;\">30.09.2023:<\/span> die <a title=\"Biographien\" href=\"http:\/\/www.comedian-harmonists.net\/?page_id=20\"><strong>Biographien<\/strong><\/a> von <a title=\"Harry Frommermann\" href=\"http:\/\/www.comedian-harmonists.net\/?page_id=275\"><strong>Harry Frommermann<\/strong><\/a>, <a title=\"Erich Collin\" href=\"http:\/\/www.comedian-harmonists.net\/?page_id=491\"><strong>Erich Collin<\/strong><\/a> und <a title=\"Roman Cycowski\" href=\"http:\/\/www.comedian-harmonists.net\/?page_id=296\"><strong>Roman Cycowski<\/strong><\/a> erg\u00e4nzt; die Seite <a title=\"Radio, TV &amp; Theater\" href=\"http:\/\/www.comedian-harmonists.net\/?page_id=28\"><strong>Radio, TV &amp; Theater<\/strong><\/a> umfassend \u00fcberarbeitet und erg\u00e4nzt<\/li>\n<li><span style=\"text-decoration: underline;\">31.10.2022:<\/span> das Buch <a href=\"https:\/\/www.bod.de\/buchshop\/herr-kardosch-und-seine-saenger-martina-wunsch-9783756206049\" title=\"Herr Kardosch und seine S\u00e4nger\" target=\"_blank\" rel=\"noopener noreferrer\"><strong>&#8222;Herr Kardosch und seine S\u00e4nger&#8220;<\/strong><\/a> von <a href=\"https:\/\/kardosch-saenger.de\/\" title=\"Die Kardosch-S\u00e4nger\" target=\"_blank\" rel=\"noopener noreferrer\"><strong>Martina Wunsch<\/strong><\/a> bei der <a href=\"http:\/\/www.comedian-harmonists.net\/?page_id=1711\" title=\"Literatur\"><strong>Literatur<\/strong><\/a> eingef\u00fcgt<\/li>\n<li><span style=\"text-decoration: underline;\">31.10.2022:<\/span> einen <a href=\"http:\/\/www.dragomir-dimitrov.net\/leschnikoff\/\" title=\"Ari Leschnikoff (Diskographie der Soloaufnahmen von Dr. Dragomir Dimitrov)\" target=\"_blank\" rel=\"noopener noreferrer\"><strong>Link zur Diskographie der Soloaufnahmen von Ari Leschnikoff (von Dr. Dragomir Dimitrov)<\/strong><\/a> bei den <a href=\"http:\/\/www.comedian-harmonists.net\/?page_id=329\" title=\"Soloaufnahmen\"><strong>Soloaufnahmen<\/strong><\/a> eingef\u00fcgt<\/li>\n<li><span style=\"text-decoration: underline;\">16.10.2022:<\/span> die Webpr\u00e4senz <a href=\"http:\/\/www.Comedian-Harmonists.net\" title=\"www.comedian-harmonists.net\"><strong>www.comedian-harmonists.net<\/strong><\/a> ist nach einer mehrw\u00f6chigen Pause wieder erreichbar<\/li>\n<li><span style=\"text-decoration: underline;\">08.11.2021:<\/span> die <a href=\"http:\/\/www.comedian-harmonists.net\/?page_id=20\" title=\"Biographien\"><strong>Biographien<\/strong><\/a> sowie die <a href=\"http:\/\/www.comedian-harmonists.net\/?page_id=77\" title=\"Chronologie der Comedy Harmonists\"><strong>Chronologie der Comedy Harmonists<\/strong><\/a> \u00fcberarbeitet und erg\u00e4nzt<\/li>\n<li><span style=\"text-decoration: underline;\">12.10.2021:<\/span> die neue <a href=\"http:\/\/www.kardosch-saenger.de\" title=\"Die Kardosch-S\u00e4nger\" target=\"_blank\" rel=\"noopener noreferrer\"><strong>Homepage von Martina Wunsch \u00fcber die Kardosch-S\u00e4nger<\/strong><\/a> bei den <a href=\"http:\/\/www.comedian-harmonists.net\/?page_id=46\" title=\"Links\"><strong>Links<\/strong><\/a> eingef\u00fcgt<\/li>\n<li><span style=\"text-decoration: underline;\">23.11.2020:<\/span> die <a href=\"http:\/\/www.comedian-harmonists.net\/?page_id=20\" title=\"Biographien\"><strong>Biographie<\/strong><\/a> von <a href=\"http:\/\/www.comedian-harmonists.net\/?page_id=781\" title=\"Walther Blanke\"><strong>Walther Blanke<\/strong><\/a> \u00fcberarbeitet und erg\u00e4nzt<\/li>\n<li><span style=\"text-decoration: underline;\">08.05.2019:<\/span> die <a href=\"http:\/\/www.comedian-harmonists.net\/?page_id=20\" title=\"Biographien\"><strong>Biographien<\/strong><\/a> der <a href=\"http:\/\/www.comedian-harmonists.net\/?page_id=1465\" title=\"weitere Mitglieder\"><strong>weiteren Mitglieder<\/strong><\/a> und die <a href=\"http:\/\/www.comedian-harmonists.net\/?page_id=26\" title=\"Konzerte\"><strong>Konzertliste<\/strong><\/a> der <a href=\"http:\/\/www.comedian-harmonists.net\/?page_id=1609\" title=\"Amerikanische Gruppe\"><strong>Amerikanischen Gruppe<\/strong><\/a> erg\u00e4nzt<\/li>\n<li><span style=\"text-decoration: underline;\">22.02.2019:<\/span> die <a href=\"http:\/\/www.comedian-harmonists.net\/?page_id=20\" title=\"Biographien\"><strong>Biographie<\/strong><\/a> von <a href=\"http:\/\/www.comedian-harmonists.net\/?page_id=676\" title=\"Ernst Engel\"><strong>Ernst Engel<\/strong><\/a> \u00fcberarbeitet und erg\u00e4nzt<\/li>\n<li><span style=\"text-decoration: underline;\">21.02.2019:<\/span> die <a href=\"http:\/\/www.comedian-harmonists.net\/?page_id=20\" title=\"Biographien\"><strong>Biographie<\/strong><\/a> von <a href=\"http:\/\/www.comedian-harmonists.net\/?page_id=292\" title=\"Erwin Bootz\"><strong>Erwin Bootz<\/strong><\/a> \u00fcberarbeitet und erg\u00e4nzt sowie die Biographie von <a href=\"http:\/\/www.comedian-harmonists.net\/?page_id=1465#STRASSER\" title=\"Paul Strasser\"><strong>Paul Strasser<\/strong><\/a> eingef\u00fcgt<\/li>\n<li><span style=\"text-decoration: underline;\">02.04.2018:<\/span> die <a href=\"http:\/\/www.comedian-harmonists.net\/?page_id=20\" title=\"Biographien\"><strong>Biographie<\/strong><\/a> von <a href=\"http:\/\/www.comedian-harmonists.net\/?page_id=1465#FISCHER\" title=\"Rudolph Fischer-Maretzky\"><strong>Rudolph Fischer-Maretzky<\/strong><\/a> \u00fcberarbeitet und erg\u00e4nzt<\/li>\n<li><span style=\"text-decoration: underline;\">30.01.2018:<\/span> die <a href=\"http:\/\/www.comedian-harmonists.net\/?page_id=20\" title=\"Biographien\"><strong>Biographie<\/strong><\/a> von <a href=\"http:\/\/www.comedian-harmonists.net\/?page_id=284\" title=\"Robert Biberti\"><strong>Robert Biberti<\/strong><\/a> \u00fcberarbeitet und erg\u00e4nzt<\/li>\n<li><span style=\"text-decoration: underline;\">31.03.2017:<\/span> die <a href=\"http:\/\/www.comedian-harmonists.net\/?page_id=20\" title=\"Biographien\"><strong>Biographie<\/strong><\/a> von <a href=\"http:\/\/www.comedian-harmonists.net\/?page_id=1465#FISCHER\" title=\"Rudolf Fischer-Maretzky\"><strong>Rudolf Fischer-Maretzky<\/strong><\/a> \u00fcberarbeitet und erg\u00e4nzt<\/li>\n<li><span style=\"text-decoration: underline;\">27.03.2017:<\/span> die <a href=\"http:\/\/www.comedian-harmonists.net\/?page_id=20\" title=\"Biographien\"><strong>Biographien<\/strong><\/a> von <a href=\"http:\/\/www.comedian-harmonists.net\/?page_id=275\" title=\"Harry Frommermann\"><strong>Harry Frommermann<\/strong><\/a> und <a href=\"http:\/\/www.comedian-harmonists.net\/?page_id=362\"><strong>Ari Leschnikoff<\/strong><\/a> \u00fcberarbeitet<\/li>\n<li><span style=\"text-decoration: underline;\">26.03.2017:<\/span> die <a href=\"http:\/\/www.comedian-harmonists.net\/?page_id=18\" title=\"Geschichte(n)\"><strong>Geschichte<\/strong><\/a> der <a href=\"http:\/\/www.comedian-harmonists.net\/?page_id=75\" title=\"Comedian Harmonists Zeitleiste\"><strong>Comedian Harmonists<\/strong><\/a> und die <a href=\"http:\/\/www.comedian-harmonists.net\/?page_id=20\" title=\"Biographien\"><strong>Biographie<\/strong><\/a> von <a href=\"http:\/\/www.comedian-harmonists.net\/?page_id=1465#JARETZKI\" title=\"Hellmut Jaretzki\"><strong>Hellmut Jaretzki<\/strong><\/a> erg\u00e4nzt<\/li>\n<li><span style=\"text-decoration: underline;\">12.10.2016:<\/span> am 110. Geburtstag von Harry Frommermann geht <a href=\"http:\/\/www.comedian-harmonists.net\"><strong>www.Comedian-Harmonists.net<\/strong><\/a> online<\/li>\n<li><span style=\"text-decoration: underline;\">04.\/05.09.2016:<\/span> die <a href=\"http:\/\/www.comedian-harmonists.net\/?page_id=26\" title=\"Konzerte\"><strong>Konzertlisten<\/strong><\/a> vervollst\u00e4ndigt, viele Kleinigkeiten \u00fcberarbeitet und erg\u00e4nzt<\/li>\n<li><span style=\"text-decoration: underline;\">10.09. &amp; 25.\/26.12.2015:<\/span> <a href=\"http:\/\/www.comedian-harmonists.net\/?page_id=18\"><strong>Geschichte<\/strong><\/a> und <a href=\"http:\/\/www.comedian-harmonists.net\/?page_id=20\"><strong>Biographien<\/strong><\/a> aktualisiert, erweitert und erg\u00e4nzt<\/li>\n<li><span style=\"text-decoration: underline;\">08.07.2015:<\/span> die <a href=\"http:\/\/www.comedian-harmonists.net\/?page_id=18\" title=\"Geschichte(n)\"><strong>Geschichte(n)<\/strong><\/a> der <a href=\"http:\/\/www.comedian-harmonists.net\/?page_id=75\" title=\"Comedian Harmonists Zeitleiste\"><strong>Comedian Harmonists<\/strong><\/a> und der <a href=\"http:\/\/www.comedian-harmonists.net\/?page_id=77\" title=\"Comedy Harmonists Zeitleiste\"><strong>Comedy Harmonists<\/strong><\/a> eingef\u00fcgt<\/li>\n<li><span style=\"text-decoration: underline;\">21.08.2014:<\/span> die <a href=\"http:\/\/www.comedian-harmonists.net\/?page_id=1121\" title=\"Rulands\"><strong>Rulands<\/strong><\/a>, die <a href=\"http:\/\/www.comedian-harmonists.net\/?page_id=1138\" title=\"Vier Nachrichter\"><strong>Vier Nachrichter<\/strong><\/a> und die <a href=\"http:\/\/www.comedian-harmonists.net\/?page_id=1159\" title=\"Vier Richters\"><strong>Vier Richters<\/strong><\/a> zu den <a href=\"http:\/\/www.comedian-harmonists.net\/?page_id=42\" title=\"Vokalgruppen\"><strong>Vokalgruppen<\/strong><\/a> hinzugef\u00fcgt<\/li>\n<li><span style=\"text-decoration: underline;\">25.06.2014:<\/span> die <a href=\"http:\/\/www.comedian-harmonists.net\/?page_id=1011\" title=\"Revelers\"><strong>Revelers<\/strong><\/a> zu den <a href=\"http:\/\/www.comedian-harmonists.net\/?page_id=42\" title=\"Vokalgruppen\"><strong>Vokalgruppen<\/strong><\/a> hinzugef\u00fcgt<\/li>\n<li><span style=\"text-decoration: underline;\">20.06.2014:<\/span> die <a href=\"http:\/\/www.comedian-harmonists.net\/?page_id=897\" title=\"Kardosch-S\u00e4nger\"><strong>Kardosch-S\u00e4nger<\/strong><\/a>, die <a href=\"http:\/\/www.comedian-harmonists.net\/?page_id=914\" title=\"Melodisten\"><strong>Melodisten<\/strong><\/a> und die <a href=\"http:\/\/www.comedian-harmonists.net\/?page_id=932\" title=\"Metropol-Vokalisten\"><strong>Metropol-Vokalisten<\/strong><\/a> zu den <a href=\"http:\/\/www.comedian-harmonists.net\/?page_id=42\" title=\"Vokalgruppen\"><strong>Vokalgruppen<\/strong><\/a> hinzugef\u00fcgt<\/li>\n<li><span style=\"text-decoration: underline;\">19.06.2014:<\/span> die <a href=\"http:\/\/www.comedian-harmonists.net\/?page_id=823\" title=\"Harmony Boys (Fidelios)\"><strong>Harmony Boys (Fidelios)<\/strong><\/a> und die <a href=\"http:\/\/www.comedian-harmonists.net\/?page_id=840\" title=\"Humoresk Meloios\"><strong>Humoresk Melodios<\/strong><\/a> zu den <a href=\"http:\/\/www.comedian-harmonists.net\/?page_id=42\" title=\"Vokalgruppen\"><strong>Vokalgruppen<\/strong><\/a> hinzugef\u00fcgt<\/li>\n<li><span style=\"text-decoration: underline;\">28.04.2014:<\/span> die <a href=\"http:\/\/www.comedian-harmonists.net\/?page_id=769\" title=\"Biographien der Mitglieder des Meistersextetts\"><strong>Biographien der Mitglieder des Meistersextetts<\/strong><\/a> hinzugef\u00fcgt<\/li>\n<li><span style=\"text-decoration: underline;\">30.03.2014:<\/span> die bisherige Kategorie &#8222;TV &amp; Radio&#8220; zu <a title=\"Radio, TV &amp; Theater\" href=\"http:\/\/www.comedian-harmonists.net\/?page_id=28\"><strong>&#8222;Radio, TV &amp; Theater&#8220;<\/strong><\/a> erweitert<\/li>\n<li><span style=\"text-decoration: underline;\">07.03.2014:<\/span> die Kategorie <a title=\"Interessantes &amp; Kurioses\" href=\"http:\/\/www.comedian-harmonists.net\/?page_id=408\"><strong>&#8222;Interessantes &amp; Kurioses&#8220;<\/strong><\/a> fertiggestellt<\/li>\n<li><span style=\"text-decoration: underline;\">10.03.2014<\/span>: die <a href=\"http:\/\/www.comedian-harmonists.net\/?page_id=20\" title=\"Biographien\"><strong>Biographie<\/strong><\/a> von <a href=\"http:\/\/www.comedian-harmonists.net\/?page_id=676\" title=\"Ernst Engel\"><strong>Ernst Engel<\/strong><\/a> hinzugef\u00fcgt<\/li>\n<li><span style=\"text-decoration: underline;\">02.03.2014<\/span>: die <a href=\"http:\/\/www.comedian-harmonists.net\/?page_id=20\" title=\"Biographien\"><strong>Biographie<\/strong><\/a> von <a href=\"http:\/\/www.comedian-harmonists.net\/?page_id=525\" title=\"Fritz Kramer\"><strong>Fritz Kramer<\/strong><\/a> \u00fcberarbeitet und erg\u00e4nzt<\/li>\n<li><span style=\"text-decoration: underline;\">27.02.2014<\/span>: die <a href=\"http:\/\/www.comedian-harmonists.net\/?page_id=46\" title=\"Links\"><strong>Linkliste<\/strong><\/a> \u00fcberarbeitet und erg\u00e4nzt<\/li>\n<li><span style=\"text-decoration: underline;\">26.02.2014<\/span>: die Auflistung der <a href=\"http:\/\/www.comedian-harmonists.net\/?page_id=443\" title=\"Noten\"><strong>Noten<\/strong><\/a> vervollst\u00e4ndigt, weitere <a href=\"http:\/\/www.comedian-harmonists.net\/?page_id=20\" title=\"Biographien\"><strong>Biographien<\/strong><\/a> hinzugef\u00fcgt<\/li>\n<li><span style=\"text-decoration: underline;\">25.02.2014<\/span>: die <a title=\"Filmographie\" href=\"http:\/\/www.comedian-harmonists.net\/?page_id=24\"><strong>Filmographie<\/strong><\/a> aktualisiert (genauere Informationen zum Film &#8222;Der Sieger&#8220;)<\/li>\n<li><span style=\"text-decoration: underline;\">27.01.2014<\/span>: die <a title=\"Biographien\" href=\"http:\/\/www.comedian-harmonists.net\/?page_id=20\"><strong>Biographie<\/strong><\/a> von <a title=\"Ari Leschnikoff\" href=\"http:\/\/www.comedian-harmonists.net\/?page_id=362\"><strong>Ari Leschnikoff<\/strong><\/a> hinzugef\u00fcgt, die <a title=\"Filmographie\" href=\"http:\/\/www.comedian-harmonists.net\/?page_id=24\"><strong>Filmographie<\/strong><\/a> ist online<\/li>\n<li><span style=\"text-decoration: underline;\">14.01.2014<\/span>: die <a title=\"Biographien\" href=\"http:\/\/www.comedian-harmonists.net\/?page_id=20\"><strong>Biographien<\/strong><\/a> von <a title=\"Harry Frommermann\" href=\"http:\/\/www.comedian-harmonists.net\/?page_id=275\"><strong>Harry Frommermann<\/strong><\/a>, <a title=\"Robert Biberti\" href=\"http:\/\/www.comedian-harmonists.net\/?page_id=284\"><strong>Robert Biberti<\/strong><\/a>, <a title=\"Erwin Bootz\" href=\"http:\/\/www.comedian-harmonists.net\/?page_id=292\"><strong>Erwin Bootz<\/strong><\/a> und <a title=\"Roman Cycowski\" href=\"http:\/\/www.comedian-harmonists.net\/?page_id=296\"><strong>Roman Cycowski<\/strong><\/a> hinzugef\u00fcgt<\/li>\n<li><span style=\"text-decoration: underline;\">21.10.2013<\/span>: neue Unterseiten f\u00fcr <a title=\"Aktuelles\" href=\"http:\/\/www.comedian-harmonists.net\/?page_id=221\"><strong>Aktuelles<\/strong><\/a> und <a title=\"Danksagung\" href=\"http:\/\/www.comedian-harmonists.net\/?page_id=224\"><strong>Danksagung<\/strong><\/a> erstellt<\/li>\n<li><span style=\"text-decoration: underline;\">08.10.2013<\/span>: die <a title=\"CD-Discographie\" href=\"http:\/\/www.comedian-harmonists.net\/?page_id=10\"><strong>CD-Discographie<\/strong><\/a> fertiggestellt<\/li>\n<li><span style=\"text-decoration: underline;\">27.09.2013<\/span>: Umzug der bisherigen Testseiten auf die neue Domain: <a title=\"www.Comedian-Harmonists.net\" href=\"http:\/\/www.comedian-harmonists.net\"><strong>www.Comedian-Harmonists.net<\/strong><\/a><\/li>\n<\/ul>\n<p>&nbsp;<\/p>\n","protected":false},"excerpt":{"rendered":"<p>30.09.2023: die Biographien von Harry Frommermann, Erich Collin und Roman Cycowski erg\u00e4nzt; die Seite Radio, TV &amp; Theater umfassend \u00fcberarbeitet und erg\u00e4nzt 31.10.2022: das Buch &#8222;Herr Kardosch und seine S\u00e4nger&#8220;&hellip; <\/p>\n","protected":false},"author":1,"featured_media":0,"parent":1571,"menu_order":1,"comment_status":"closed","ping_status":"closed","template":"","meta":{"footnotes":""},"class_list":["post-221","page","type-page","status-publish","hentry"],"_links":{"self":[{"href":"https:\/\/www.comedian-harmonists.net\/index.php?rest_route=\/wp\/v2\/pages\/221","targetHints":{"allow":["GET"]}}],"collection":[{"href":"https:\/\/www.comedian-harmonists.net\/index.php?rest_route=\/wp\/v2\/pages"}],"about":[{"href":"https:\/\/www.comedian-harmonists.net\/index.php?rest_route=\/wp\/v2\/types\/page"}],"author":[{"embeddable":true,"href":"https:\/\/www.comedian-harmonists.net\/index.php?rest_route=\/wp\/v2\/users\/1"}],"replies":[{"embeddable":true,"href":"https:\/\/www.comedian-harmonists.net\/index.php?rest_route=%2Fwp%2Fv2%2Fcomments&post=221"}],"version-history":[{"count":78,"href":"https:\/\/www.comedian-harmonists.net\/index.php?rest_route=\/wp\/v2\/pages\/221\/revisions"}],"predecessor-version":[{"id":2490,"href":"https:\/\/www.comedian-harmonists.net\/index.php?rest_route=\/wp\/v2\/pages\/221\/revisions\/2490"}],"up":[{"embeddable":true,"href":"https:\/\/www.comedian-harmonists.net\/index.php?rest_route=\/wp\/v2\/pages\/1571"}],"wp:attachment":[{"href":"https:\/\/www.comedian-harmonists.net\/index.php?rest_route=%2Fwp%2Fv2%2Fmedia&parent=221"}],"curies":[{"name":"wp","href":"https:\/\/api.w.org\/{rel}","templated":true}]}}