{"id":275,"date":"2014-01-14T23:38:45","date_gmt":"2014-01-14T21:38:45","guid":{"rendered":"http:\/\/www.comedian-harmonists.net\/?page_id=275"},"modified":"2023-09-30T16:28:11","modified_gmt":"2023-09-30T14:28:11","slug":"harry-frommermann","status":"publish","type":"page","link":"https:\/\/www.comedian-harmonists.net\/?page_id=275","title":{"rendered":"Harry Frommermann"},"content":{"rendered":"<p><strong>von Broody<\/strong><br \/>\n&nbsp;<\/p>\n<h5>\n<p style=\"text-align: center;\">Max <span style=\"text-decoration: underline;\">Harry<\/span> FROMMERMANN<br \/>\n(ab 1944 Harry Maxim Frohman)<\/h5>\n<\/p>\n<p><b>* 12.10.1906 in Berlin<br \/>\n\u2020 29.10.1975 in Bremen<\/b><br \/>\n&nbsp;<br \/>\nHarry Frommermann wurde am 12. Oktober 1906 in seinem Elternhaus in Berlin-Mitte, Rosenthaler Stra\u00dfe 45, geboren. Sein Vater Alexander Frommermann, geboren am  12. April 1856 in Zwanitz (Ukraine), war j\u00fcdischer Abstammung und kam \u00fcber Wien, Frankfurt am Main und Leipzig nach Berlin. Er war studierter S\u00e4nger und Kantor einer j\u00fcdischen Gemeinde in Berlin sowie seit 1894 Inhaber einer Kantorenschule. Harry Frommermanns Mutter Maria Leonie Frommermann, geborene Emsheimer, geboren am 7. M\u00e4rz 1874 in Neuhausen bei Worms, war ebenfalls j\u00fcdischer Abstammung und gelernte Putzmacherin. Sein im Jahre 1911 geborener Bruder Kurt Leo starb bereits kurz nach der Geburt. Aus der ersten Ehe seines Vaters stammten Harry Frommermanns \u00e4ltere Stiefschwestern Anna und Rosa.<br \/>\nDer Vater begeisterte den jungen Harry schon fr\u00fch f\u00fcr Musik, brachte ihm Musiktheorie und Harmonielehre bei, nahm ihn mit zu Proben der Berliner Philharmoniker unter Arthur Nikisch und sorgte daf\u00fcr, dass er Klavierunterricht erhielt.<br \/>\nHarry Frommermann besuchte von 1912 bis 1922 die Mittelschule der J\u00fcdischen Gemeinde zu Berlin in der Gro\u00dfen Hamburger Strasse. W\u00e4hrend der  Schulzeit wirkte er bei Theaterauff\u00fchrungen mit und besuchte immer \u00f6fter Theatervorstellungen. Sein Vater verwehrte ihm jedoch zeitlebens den Wunsch, Schauspieler zu werden, und gab Harry nach dem Schulabschluss in eine kaufm\u00e4nnische Lehre in einem Gesch\u00e4ft f\u00fcr Damenbekleidung.<\/p>\n<p>Nachdem sein Vater am 14. Oktober 1924 in Berlin gestorben war, brach Harry Frommermann die Lehre ab und bewarb sich zum 1. Oktober 1925 an der Staatlichen Schauspielschule Berlin. Dort wurde er aber wegen schlechten Betragens bereits nach einem halben Jahr entlassen. In dieser Zeit lernte er Jesta Nielsen kennen, die Tochter der Schauspielerin Asta Nielsen.<br \/>\nDanach erhielt Harry Frommermann Engagements an der Berliner Volksb\u00fchne als Darsteller von Kleinrollen. Nach dem Tod der Mutter am 18. Januar 1927 stand der noch minderj\u00e4hrige Harry Frommermann vor\u00fcbergehend unter der Vormundschaft seines Schwagers. Ende 1927 zog er in eine eigene Wohnung in Berlin-Friedenau, Stubenrauchstra\u00dfe 47. Er begeisterte sich f\u00fcr die Musik der amerikanischen Gruppe The Revelers und schrieb Arrangements in deren Stil in der Absicht, ein \u00e4hnliches Gesangsensemble zu gr\u00fcnden. Unterst\u00fctzt wurde er dabei von seinem Freund, dem Chors\u00e4nger und Pianisten Theodor Steiner (1905-1970), mit dem er Ende 1927 die Melodiemakers gr\u00fcndete. Im Dezember 1927 ver\u00f6ffentlichte Harry Frommermann eine Anzeige im Berliner Lokalanzeiger, mit der er Gleichgesinnte als S\u00e4nger suchte. Nach ersten Proben nahmen Frommermann und Steiner im April 1928 Robert Biberti, Ari Leschnikoff und Walter Nussbaum bei ihrer Gruppe unter Vertrag, die sie im September 1928 in Comedian Harmonists umbenannten. Nach einigen Umbesetzungen feierte die Gruppe mit Robert Biberti, Ari Leschnikoff, Erich Collin, Roman Cycowski und Erwin Bootz als Pianisten erste Erfolge auf Kleinkunstb\u00fchnen und in Revuen in Berlin und nahm erste Schallplatten auf. Ab Januar 1930 folgten eigene abendf\u00fcllende Konzerte, zahlreiche Plattenaufnahmen und die Mitwirkung in mehreren Spielfilmen. Im Mai 1931 heiratete Frommermann Marie Erna Elise Linn Eggstein (* 20. Juni 1905 in Hannover &#8211; \u2020 August 1992 in New York), und zog mit ihr in die erste gemeinsame Wohnung in der Bamberger Stra\u00dfe 8.<br \/>\nMit der Machtergreifung der Nationalsozialisten begegneten der Gruppe erste Widerst\u00e4nde, auch Schm\u00e4hkritiken, antisemitische Anw\u00fcrfe, schlie\u00dflich offene Anfeindungen und erste Auftrittsverbote, unter anderem im Rundfunk und beim Film. Nach der neuen Gesetzgebung durften in Deutschland nur K\u00fcnstler auftreten, die Mitglieder der Reichskulturkammer waren \u2013 dies wurde Juden aber verwehrt. Der Versuch, im gesamten Jahr 1934 ausschlie\u00dflich Engagements au\u00dferhalb Deutschlands zu bestreiten, verbesserte die Situation nicht. Harry Frommermann wurde von der Reichskulturkammer \u2013 ebenso wie Erich Collin und Roman Cycowski \u2013 als vorl\u00e4ufiges Mitglied in einer \u201eListe der Nichtarier\u201c gef\u00fchrt und erhielt die Mitgliedsnummer 12823. Als Biberti, Bootz und Leschnikoff im Februar 1935 die schriftliche Mitteilung erhielten, dass sie offiziell in die Reichskulturkammer aufgenommen worden sind, die Aufnahme der \u201enichtarischen\u201c Mitglieder aber abgelehnt wurde, trennte sich die Gruppe, und Frommermann, Collin und Cycowski verlie\u00dfen Deutschland gemeinsam mit ihren Ehefrauen, um in Wien eine neue Gruppe gleichen Namens zu gr\u00fcnden. Harry und Erna Frommermann lie\u00dfen den gr\u00f6\u00dften Teil ihres Verm\u00f6gens sowie ihre gesamte Wohnungseinrichtung in der Paulsborner Stra\u00dfe 20 in Berlin zur\u00fcck.<br \/>\nFamilie Frommermann wohnte zun\u00e4chst zur Untermiete in der Fischerstiege 5\/6 in der Wiener Innenstadt, sp\u00e4ter in der Gustav-Mahler-Stra\u00dfe 7 und schlie\u00dflich in einer eigenen Wohnung in der Wurzingergasse 4 im 18. Bezirk. Nach der Annexion \u00d6sterreichs durch Hitlerdeutschland konnte Harry Frommermann nicht mehr nach Wien zur\u00fcckkehren und musste erneut Hab und Gut zur\u00fccklassen. Die Gruppe fand zun\u00e4chst in London Asyl, Harry und Erna Frommermann wohnten in einer Pension in der Fitzjohns Avenue. Die neue Gruppe trat inzwischen in der ganzen Welt sowohl als Comedian Harmonists als auch als Comedy Harmonists auf und kehrte nie mehr nach Deutschland zur\u00fcck. Bei einer Tournee vom Sommer bis zum Jahresende 1937 durch Australien und Neuseeland entstand die Idee, sich in Australien niederzulassen. Doch die Gruppe reiste erneut um die Welt und kehrte erst im Juni 1939 nach Australien zur\u00fcck. Nach einer Tournee in den USA bis Anfang 1940 konnte die Gruppe wegen des Seekrieges nicht nach Europa oder Australien zur\u00fcckkehren und musste sich mit Engagements in Nachtclubs durchschlagen. Aufgrund verschiedener k\u00fcnstlerischer und auch zwischenmenschlicher Probleme kam es zu ersten Aufl\u00f6sungserscheinungen. Nach dem Ausscheiden von Rudolf Mayreder im Sommer 1940 wurde ein neuer Bass eingearbeitet. Als dann im Fr\u00fchjahr 1941 auch Roman Cycowski ausschied, l\u00f6ste sich die Gruppe endg\u00fcltig auf. Harry Frommermann zog mit seiner Frau nach New York und arbeitete zun\u00e4chst in einer Radiofabrik. Gleichzeitig versuchte er mit Unterst\u00fctzung von Hilfsorganisationen eine neue Gruppe aufzubauen, die Harmony Singers. Doch diese Gruppe hatte nur einen einzigen Auftritt, Anfang Februar 1943 im New Yorker Waldorf Astoria Hotel mit Rossinis Ouvert\u00fcre zum \u201eBarbier von Sevilla\u201c.<\/p>\n<p>Am 15. Mai 1943 trat Harry Frommermann in die US Army ein und diente in Jackson\/Mississippi, wo er auf Antrag vom 13. Januar 1944 eingeb\u00fcrgert wurde. Dabei \u00e4nderte er seinen Familiennamen, Max Harry Frommermann nannte sich seitdem Harry Maxim Frohman. Im August 1945 wurde Harry Frohman als Private First Class aus der US Army entlassen. Im Oktober erhielt er eine Stelle als \u00dcbersetzer bei den N\u00fcrnberger Prozessen und konnte auf diese Weise nach Deutschland zur\u00fcckkehren. Ab dem 25. April 1946 bis Dezember 1947 war Harry Frohman Kontrolloffizier der US-Administration beim Rundfunksender RIAS Berlin. Hier k\u00fcmmerte er sich um die Programmgestaltung und um die Belange der deutschen Mitarbeiter des Senders. In dieser Zeit nahm er auch wieder Kontakt zu Robert Biberti auf und lernte seine sp\u00e4tere Lebensgef\u00e4hrtin Erika von Sp\u00e4th kennen.<br \/>\nAb Anfang 1948 versuchte sich Harry Frohman als Makler in der Schweiz und lebte in Z\u00fcrich. F\u00fcr die Anbahnung von Vertr\u00e4gen reiste er im Fr\u00fchjahr erneut nach Deutschland. Im September erhielt er jedoch ein Telegramm von Erich Collin. Dessen neue, amerikanische Comedian Harmonists ben\u00f6tigten dringend einen Tenor-Buffo, um ihre Skandinavien-Tournee fortsetzen zu k\u00f6nnen. So reiste Harry Frohman nach D\u00e4nemark und trat ab September mit der amerikanischen Gruppe in D\u00e4nemark, Belgien, den Niederlanden, Frankreich und in der Schweiz auf, wo im Februar 1949 auch einige neue Plattenaufnahmen entstanden. Wegen k\u00fcnstlerischer Differenzen l\u00f6ste sich die Gruppe unmittelbar danach in Italien auf.<br \/>\nFrohman ging nach Rom und arbeitete als k\u00fcnstlerischer Beirat beim Rundfunksender RAI.<br \/>\nIm M\u00e4rz 1950 gr\u00fcndete er die Gruppe \u201eHarry Frohman And His Harmonists\u201c, mit der er h\u00e4ufig im Rundfunk auftrat. Doch auch diese Gruppe brach bald danach wieder auseinander. Anfang 1951 reiste Harry Frohman in die Schweiz zur\u00fcck, wo er in Lausanne vergeblich ein Ex- und Importgesch\u00e4ft aufzubauen versuchte. Er wohnte dort in der Avenue B\u00e9thusy 75. Schlie\u00dflich kehrte er im Juli 1951 nach New York zur\u00fcck. Er hatte sich inzwischen mit seiner Frau, die sich seit ihrer Einb\u00fcrgerung Marion Frohman nannte, auseinander gelebt. Die Ehe wurde im Januar 1952 geschieden.<\/p>\n<p>Harry Frohman war Fabrikarbeiter mit einem Einkommen von 60 Dollar pro Woche. Er montierte Alarmanlagen oder bearbeitete Formteile an einer Presse. In dieser Zeit lebte er in einer Wohngemeinschaft in New York. Die wenigen Dollar, die ihm die His Masters Voice halbj\u00e4hrlich an Tantiemen f\u00fcr die Aufnahmen der alten Gruppen \u00fcberwies, waren kaum der Rede wert. Im Gegensatz zu den luxuri\u00f6sen Zeiten Anfang der 1930er Jahre lebte Harry Frohman in kargen Verh\u00e4ltnissen und war oft verzweifelt. Ab Herbst 1953 experimentierte er mit Tonbandaufnahmen. Er wollte mit selbst aufgenommenen und zusammenkopierten Stimmen und Instrumenten-Imitationen ein Ein-Mann-Orchester auf die B\u00fchne bringen. Erhalten geblieben ist von diesen Experimenten eine Aufnahme von Rimsky-Korsakoffs \u201eHummelflug\u201c.<br \/>\nAb 1954 wurde Harry Frohman von Erich Collin bedr\u00e4ngt, erneut eine amerikanische Gruppe auf die Beine zu stellen. Diese \u00dcberlegungen scheiterten jedoch an k\u00fcnstlerischen und finanziellen Meinungsverschiedenheiten. 1954 besorgte Frohman die deutsche \u00dcbersetzung von \u201eThe Audition\u201c (\u201eDer Schauspieler\u201c), Oper in einem Akt von Alfred Goodman (eigtl. Guttmann), Libretto Elliot Arluck.<br \/>\nSilvester 1955 lernte Harry Frohman die deutschst\u00e4mmige Amerikanerin Olga Bertha Wolff (1925-1964) kennen, die als Telefonistin arbeitete und die er bereits Ende Februar 1956 heiratete. Frohman arbeitete als Taxifahrer, M\u00f6belverk\u00e4ufer, Buchhalter einer Fotofabrik und verrichtete verschiedene Aushilfst\u00e4tigkeiten, immer wieder unterbrochen von Krankheit und Arbeitslosigkeit. Nebenher belegte er Kurse f\u00fcr Radio- und Fernsehproduktionen und verdiente sich nach Feierabend mit Buchhaltung noch etwas dazu. Au\u00dferdem war er freischaffend als Komponist t\u00e4tig, zusammen mit Adam Garner komponierte er den Titel \u201eSirocco\u201c, der jedoch nie ver\u00f6ffentlicht wurde.<br \/>\n1958 stellte er in Deutschland einen Entsch\u00e4digungsantrag f\u00fcr die erlittenen materiellen, beruflichen und gesundheitlichen Sch\u00e4den durch die Verfolgung und Vertreibung durch die Nationalsozialisten. 1959 trennte er sich ohne Scheidung von seiner zweiten Ehefrau. Ende der 1950er Jahre k\u00fcmmerte sich Frohman gemeinsam mit Collin und Cycowski auch um den Verbleib der Nachkriegs-Tantiemen ihrer Schallplattenaufnahmen.<\/p>\n<p>Im Juli 1962 kehrte Harry Frohman per Schiff nach Deutschland zur\u00fcck. Seine Bekannte Erika von Sp\u00e4th, mit der er einen lebhaften Briefwechsel gef\u00fchrt hatte, organisierte ihm eine erste Unterkunft in Bremen, von wo aus sich Harry Frohman um seine Entsch\u00e4digungsangelegenheiten k\u00fcmmerte. Dazu hielt er sich auch zeitweilig bei seinem Neffen in Berlin auf. Schlie\u00dflich erhielt er eine Entsch\u00e4digungszahlung und eine Rentennachzahlung sowie ab M\u00e4rz 1964 eine Altersrente. Einen Teil der Gelder nutzte er, um seine Tonbandversuche fortzusetzen. Es gelang ihm nicht mehr, eine bezahlte T\u00e4tigkeit aufzunehmen. In den folgenden Jahren besuchte er u. a. auch Robert Biberti in Berlin. Ab 1968 lebte Harry Frohman im Hause von Erika von Sp\u00e4th. Zwischen 1966 und 1975 war er an mehreren Radioproduktionen \u00fcber die Comedian Harmonists beteiligt. 1969 f\u00fchrte Frohman einen Rechtsstreit mit Biberti \u00fcber die Nachkriegstantiemen, den er aber verlor. Danach kam es zu einer au\u00dfergerichtlichen Einigung zwischen Frohman und der Plattenfirma Electrola.<br \/>\n1975 wandte sich dann Eberhard Fechner an Harry Frohman und vereinbarte mit ihm Interviews f\u00fcr seine geplante Fernsehsendung \u00fcber die Comedian Harmonists. Daraufhin kam es zwischen Frohman und Biberti zu einem erbitterten Streit \u00fcber die Urheberschaft der Comedian Harmonists. Frohman drohte sogar, seine Zusage gegen\u00fcber Fechner zur\u00fcckzuziehen, wenn Biberti weiter darauf beharren w\u00fcrde, Mitbegr\u00fcnder der Comedian Harmonists gewesen zu sein, wie er das in Rundfunksendungen und auf Plattenh\u00fcllen verbreitet hatte. Kurz vor den geplanten Interviews lenkte Biberti ein und versprach, sich nicht l\u00e4nger als Gr\u00fcnder der Gruppe bezeichnen zu wollen. Zu dieser Zeit befand sich Harry Frohman zum Kuraufenthalt in Badenweiler. Nach seiner R\u00fcckkehr nach Bremen, unmittelbar vor dem vereinbarten Interviewtermin mit Fechner, verstarb Harry Frohman am 29. Oktober 1975 in Bremen. Sein Grab befindet sich auf dem Friedhof Bremen-Riensberg.<\/p>\n<p>Marion Frohman hatte in New York eine Ausbildung in einem Sch\u00f6nheitssalon gemacht und arbeitete fortan in diesem Beruf. Nach der Scheidung von Harry Frohman holte sie ihre Eltern aus Deutschland nach New York. Sp\u00e4ter heiratete sie ihren Arbeitgeber und hie\u00df dann Marion Kiss. Sie verstarb im August 1992 in New York. Erika von Sp\u00e4th verstarb im August 1998 in Bremen. Frohmans Stiefschwester Rosa war 1939 nach England emigriert und 1960 nach Berlin zur\u00fcckgekehrt, wo sie 1962 verstarb. Seine Stiefschwester Anna ist w\u00e4hrend des Zweiten Weltkriegs verschollen. Heute lebt nur noch eine Gro\u00dfnichte von Harry Frommermann\/Frohman in Deutschland sowie entfernte Verwandte in den USA und Australien.<\/p>\n<p>Seit dem 7. September 1990 befindet sich an Harry Frommermanns fr\u00fcherem Wohnhaus und Gr\u00fcndungsort der Comedian Harmonists in der Stubenrauchstra\u00dfe 47 in Berlin-Friedenau eine Gedenktafel, die an die Gr\u00fcndung des weltber\u00fchmten Vokalensembles zum Jahreswechsel 1927\/28 und dessen erzwungene Trennung im Jahr 1935 erinnert. Sie wurde von Prof. Dr. Peter Czada initiiert, dem Begr\u00fcnder des Comedian-Harmonists-Archivs und Autor eines Buches \u00fcber die Comedian Harmonists.<\/p>\n<p>An der letzten bekannten Adresse der Familie Frommermann in Berlin (Charlottenburg-Wilmersdorf, Paulsborner Str. 20) wurden im August 2023 auf Initiative von Freunden der Comedian Harmonists Stolpersteine f\u00fcr Harry und Erna Frommernan als vertriebene j\u00fcdische B\u00fcrger verlegt.<\/p>\n<p>&nbsp;<\/p>\n<hr align=\"center\" size=\"2\" width=\"100%\">\n<p style=\"text-align: center;\">Unter Verwendung von Nachl\u00e4ssen und <a href=\"http:\/\/www.comedian-harmonists.net\/?page_id=30\" title=\"Literatur\"><strong>publizierten Quellen<\/strong><\/a>.<\/p>\n<p>&nbsp;<\/p>\n","protected":false},"excerpt":{"rendered":"<p>von Broody &nbsp; Max Harry FROMMERMANN (ab 1944 Harry Maxim Frohman) * 12.10.1906 in Berlin \u2020 29.10.1975 in Bremen &nbsp; Harry Frommermann wurde am 12. Oktober 1906 in seinem Elternhaus&hellip; <\/p>\n","protected":false},"author":1,"featured_media":0,"parent":20,"menu_order":4,"comment_status":"closed","ping_status":"closed","template":"","meta":{"footnotes":""},"class_list":["post-275","page","type-page","status-publish","hentry"],"_links":{"self":[{"href":"https:\/\/www.comedian-harmonists.net\/index.php?rest_route=\/wp\/v2\/pages\/275","targetHints":{"allow":["GET"]}}],"collection":[{"href":"https:\/\/www.comedian-harmonists.net\/index.php?rest_route=\/wp\/v2\/pages"}],"about":[{"href":"https:\/\/www.comedian-harmonists.net\/index.php?rest_route=\/wp\/v2\/types\/page"}],"author":[{"embeddable":true,"href":"https:\/\/www.comedian-harmonists.net\/index.php?rest_route=\/wp\/v2\/users\/1"}],"replies":[{"embeddable":true,"href":"https:\/\/www.comedian-harmonists.net\/index.php?rest_route=%2Fwp%2Fv2%2Fcomments&post=275"}],"version-history":[{"count":24,"href":"https:\/\/www.comedian-harmonists.net\/index.php?rest_route=\/wp\/v2\/pages\/275\/revisions"}],"predecessor-version":[{"id":2436,"href":"https:\/\/www.comedian-harmonists.net\/index.php?rest_route=\/wp\/v2\/pages\/275\/revisions\/2436"}],"up":[{"embeddable":true,"href":"https:\/\/www.comedian-harmonists.net\/index.php?rest_route=\/wp\/v2\/pages\/20"}],"wp:attachment":[{"href":"https:\/\/www.comedian-harmonists.net\/index.php?rest_route=%2Fwp%2Fv2%2Fmedia&parent=275"}],"curies":[{"name":"wp","href":"https:\/\/api.w.org\/{rel}","templated":true}]}}