{"id":329,"date":"2014-01-23T00:22:30","date_gmt":"2014-01-22T22:22:30","guid":{"rendered":"http:\/\/www.comedian-harmonists.net\/?page_id=329"},"modified":"2022-10-31T13:17:07","modified_gmt":"2022-10-31T11:17:07","slug":"soloaufnahmen","status":"publish","type":"page","link":"https:\/\/www.comedian-harmonists.net\/?page_id=329","title":{"rendered":"Soloaufnahmen"},"content":{"rendered":"<h5>Robert Biberti<\/h5>\n<p>&nbsp;<br \/>\n??.11.1939: Electrola E.G. 7007<br \/>\n<strong>\u201eSch\u00f6n ist das Soldatenleben (Potpourri)\u201c<\/strong><br \/>\nTeil 1: Es wollt ein M\u00e4del fr\u00fch aufstehn &#8211; Ja, sch\u00f6n bl\u00fchn die Heckenrosen &#8211; Sie hei\u00dft (<em>hie\u00df<\/em>) Marie &#8211; Mein Nam\u2018 ist Annemarie &#8211; Mein Schlesierland (ORA 4251-1)<br \/>\nTeil 2: Heut\u2018 geht es vom Ort (<em>an Bord<\/em>) &#8211; Erika &#8211; Schwarzbraun ist die Haselnuss &#8211; Im gr\u00fcnen Wald &#8211; Heidi-heido-heida &#8211; In der Heimat, in der Heimat (ORA 4252-1)<br \/>\nWill Glahe und sein Harmonika-Orchester, Bearbeitung: Hermann Krome.<br \/>\n(Mitwirkung Bibertis lt. seinem Tagebuch)<\/p>\n<p>08.03.1941: Electrola E.G. 7168<br \/>\n<strong>\u201eSie will nicht Blumen und nicht Schokolade\u201c<\/strong>, dt. Version von \u201eO Joseph, Joseph\u201c  (ORA 4910-1)<br \/>\n<strong>\u201ePeter, Peter\u201c<\/strong><br \/>\nR. B. (mit dem Orchester Hans Carste)<br \/>\n(Mitwirkung Bibertis lt. seinem Tagebuch)<\/p>\n<p>27.05.1941: Electrola E.G. 7188<br \/>\n<strong>\u201eWarte, mein M\u00e4del, dort in der Heimat\u201c<\/strong> (B\u00f6hmelt\/Balz) a. d. Film \u201eU-Boote westw\u00e4rts!\u201c (ORA 5048-1)<br \/>\n<strong>\u201eMein M\u00e4del muss treu sein\u201c<\/strong> (Profes\/Petrak) a. d. Film \u201eSp\u00e4htrupp Hallgarten\u201c (ORA 5049-1)<br \/>\nR. B. als Refrains\u00e4nger mit dem Orch. Bruno Seidler-Winkler<br \/>\n(Mitwirkung Bibertis lt seinem Tagebuch)<\/p>\n<p>01.10.1941: Electrola E.G.7224<br \/>\n<strong>\u201eSing, Nachtigall, sing!\u201c<\/strong> (Michael Jary\/Bruno Balz) (ORA 5193-1)<br \/>\nR\u00fcckseite?<br \/>\nOrch. Will Glahe<br \/>\n(Mitwirkung Bibertis lt seinem Tagebuch)<\/p>\n<p>01.10.1941: Electrola E.G. 7219<br \/>\n<strong>\u201eDu darfst mir nie mehr rote Rosen schenken\u201c<\/strong> (Michael Jary\/Bruno Balz) (ORA 5194-1)<br \/>\n<strong>\u201eF\u00fcr ein s\u00fc\u00dfes M\u00e4del\u201c<\/strong> (Michael Jary\/Bruno Balz) (ORA 5196-1)<br \/>\nR. B. mit dem Orch. Will Glahe<br \/>\n(Mitwirkung Bibertis lt seinem Tagebuch)<\/p>\n<p>01.10.1941: Electrola E.G. 7237<br \/>\n<strong>\u201eIn Berlin, in Berlin\u201c<\/strong> (M.\/T.: Ernst Becher) (ORA 5195-1)<br \/>\nR\u00fcckseite: \u201eEs klopft mein Herz bum-bum\u201c, ohne Gesang<br \/>\nR. B.  u. a. m. Orch. Will Glahe<br \/>\n(Mitwirkung Bibertis lt seinem Tagebuch)<\/p>\n<p>??.??.1942: Electrola E.H. 1317 (30 cm)<br \/>\n<strong>\u201eUnser Paul Lincke\u201c<\/strong> (2RA 5156\/2RA 5157)<br \/>\ndie&nbsp;Interpreten sind Margarete D\u00fcren, Egon Vogel, Hans Schillings und R. B.; Orch. Bruno Seidler-Winkler.<\/p>\n<p>??.??.1942: Electrola E.H. 1322 (30 cm)<br \/>\n<strong>\u201eDas \u00c4nnchen von Tharau\u201c<\/strong>, musikalischer Querschnitt durch die Operette (Komponist: Heinrich Strecker \/ Text: Bruno Hardt-Warden) (RA 5302-3\/RA5303-2)<br \/>\nR. B. mit Hildegard Erdmann, Hans Schillings und Walter Ecsy (Eccy?), mit Chor und Orchester: Berliner Rundfunkorchester, Leitung: Bruno Seidler-Winkler<br \/>\nBiberti singt u. a. \u201eWer wird auf der Schulbank kleben, sch\u00f6n ist nur das Kriegerleben!\u201c<\/p>\n<p>??.??.1943: Electrola E.H. 1329 (sowie La Voix de son Maitre L-1084) (30 cm)<br \/>\nQuerschnitt <strong>\u201eGl\u00fcckliche Reise\u201c<\/strong> von Eduard K\u00fcnneke, Teil 1 (2RA 5958) und Teil 2 (2RA 5959).<br \/>\nMit Margarete D\u00fcren, Liselotte Maikowsky, Ferdinand M\u00fcller-Heldrich, Robert Biberti, mit Orchester, Dirigent: Bruno Seidler-Winkler.<\/p>\n<p>(zw. 1954 und 1961 (Single) auf POLYDOR 23000 und 4546:<br \/>\n\u201eNur f\u00fcr Herrenabende: Es steht ein Wirtshaus an der Lahn\u201c mit Will Hoehne<br \/>\nPlattenaufschrift \u201eBiberti\u201c, dieser besa\u00df die Rechte am Text.)<br \/>\n&nbsp;<br \/>\n&nbsp;<\/p>\n<h5>Ari Leschnikoff<\/h5>\n<p>&nbsp;<br \/>\n\u2192 <a href=\"http:\/\/www.dragomir-dimitrov.net\/leschnikoff\/\" title=\"Diskographie der Soloaufnahmen von Ari Leschnikoff (von Dr. Dragomir Dimitrov)\" target=\"_blank\" rel=\"noopener noreferrer\"><strong>Diskographie der Soloaufnahmen von Ari Leschnikoff (von Dr. Dragomir Dimitrov)<\/strong><\/a><br \/>\n&nbsp;<br \/>\n&nbsp;<br \/>\nWird fortgesetzt&#8230;<br \/>\n&nbsp;<\/p>\n","protected":false},"excerpt":{"rendered":"<p>Robert Biberti &nbsp; ??.11.1939: Electrola E.G. 7007 \u201eSch\u00f6n ist das Soldatenleben (Potpourri)\u201c Teil 1: Es wollt ein M\u00e4del fr\u00fch aufstehn &#8211; Ja, sch\u00f6n bl\u00fchn die Heckenrosen &#8211; Sie hei\u00dft (hie\u00df)&hellip; <\/p>\n","protected":false},"author":1,"featured_media":0,"parent":22,"menu_order":5,"comment_status":"closed","ping_status":"closed","template":"","meta":{"footnotes":""},"class_list":["post-329","page","type-page","status-publish","hentry"],"_links":{"self":[{"href":"https:\/\/www.comedian-harmonists.net\/index.php?rest_route=\/wp\/v2\/pages\/329","targetHints":{"allow":["GET"]}}],"collection":[{"href":"https:\/\/www.comedian-harmonists.net\/index.php?rest_route=\/wp\/v2\/pages"}],"about":[{"href":"https:\/\/www.comedian-harmonists.net\/index.php?rest_route=\/wp\/v2\/types\/page"}],"author":[{"embeddable":true,"href":"https:\/\/www.comedian-harmonists.net\/index.php?rest_route=\/wp\/v2\/users\/1"}],"replies":[{"embeddable":true,"href":"https:\/\/www.comedian-harmonists.net\/index.php?rest_route=%2Fwp%2Fv2%2Fcomments&post=329"}],"version-history":[{"count":7,"href":"https:\/\/www.comedian-harmonists.net\/index.php?rest_route=\/wp\/v2\/pages\/329\/revisions"}],"predecessor-version":[{"id":2419,"href":"https:\/\/www.comedian-harmonists.net\/index.php?rest_route=\/wp\/v2\/pages\/329\/revisions\/2419"}],"up":[{"embeddable":true,"href":"https:\/\/www.comedian-harmonists.net\/index.php?rest_route=\/wp\/v2\/pages\/22"}],"wp:attachment":[{"href":"https:\/\/www.comedian-harmonists.net\/index.php?rest_route=%2Fwp%2Fv2%2Fmedia&parent=329"}],"curies":[{"name":"wp","href":"https:\/\/api.w.org\/{rel}","templated":true}]}}