{"id":38,"date":"2013-09-27T02:02:45","date_gmt":"2013-09-27T00:02:45","guid":{"rendered":"http:\/\/www.comedian-harmonists.net\/?page_id=38"},"modified":"2014-10-15T20:59:21","modified_gmt":"2014-10-15T18:59:21","slug":"eps-lps","status":"publish","type":"page","link":"https:\/\/www.comedian-harmonists.net\/?page_id=38","title":{"rendered":"EPs &#038; LPs"},"content":{"rendered":"<p><strong>von Martin Haberbauer<\/strong><br \/>\n&nbsp;<br \/>\nNach dem Zweiten Weltkrieg erschienen zun\u00e4chst drei EPs aus der Reihe &#8222;Unverg\u00e4nglich, unvergessen&#8220; mit \u00dcberspielungen von Schellackplatten der Comedian Harmonists. In den 70er Jahren wurden bei EMI Electrola f\u00fcnf Doppelalben ver\u00f6ffentlicht, die einen gro\u00dfen Teil der Aufnahmen der Originalgruppe und auch einige Titel ihrer Nachfolgegruppen enthalten. Weitere Schallplatten folgten (in erster Linie verschiedene Sammlungen mit den bekanntesten Titeln), und auch au\u00dferhalb von Deutschland gab es einige Ver\u00f6ffentlichungen. Mit dem Erscheinen der (beinahe) kompletten Werke der Comedian Harmonists und ihrer Nachfolgegruppen auf CD sind diese Tontr\u00e4ger nat\u00fcrlich nicht mehr aktuell und werden hier nur aus Gr\u00fcnden der Vollst\u00e4ndigkeit angef\u00fchrt.<\/p>\n<p><strong><\/p>\n<ul>\n\t&rarr; <a href=\"#EPUU\">Comedian Harmonists &#8211; Unverg\u00e4nglich, unvergessen (EPs)<\/a><br \/>\n\t&rarr; <a href=\"#DOLP\">Comedian Harmonists &#8211; Folge 1-5 (Doppel-LPs)<\/a><br \/>\n\t&rarr; <a href=\"#WELP\">weitere Comedian Harmonists Schallplatten &#8211; Deutschland<\/a><br \/>\n\t&rarr; <a href=\"#AUVD\">weitere Comedian Harmonists Schallplatten &#8211; Ausland<\/a>\n<\/ul>\n<p><\/strong><\/p>\n<hr align=\"center\" size=\"2\" width=\"100%\" \/>\n<h1>EPs<\/h1>\n<p>&nbsp;<\/p>\n<h3><a name=\"EPUU\"><\/a>Unverg\u00e4nglich, unvergessen: Die Comedian Harmonists I<br \/>\n(Electrola 7 EGW 11-8341, 1957)<\/h3>\n<p>1. Wochenend\u2019 und Sonnenschein<br \/>\n2. Veronika, der Lenz ist da<br \/>\n3. Liebling, mein Herz l\u00e4sst dich gr\u00fc\u00dfen<br \/>\n4. Ein Freund, ein guter Freund<br \/>\n&nbsp;<\/p>\n<h3>Unverg\u00e4nglich, unvergessen: Die Comedian Harmonists II<br \/>\n(Electrola 7 EGW 11-8346, 1957)<\/h3>\n<p>1. Mein lieber Schatz, bist du aus Spanien<br \/>\n2. Gitarren spielt auf<br \/>\n3. Sch\u00f6ne Lisa<br \/>\n4. Perpetuum Mobile<br \/>\n&nbsp;<\/p>\n<h3>Unverg\u00e4nglich, unvergessen: Die Comedian Harmonists III<br \/>\n(Electrola 7 EGW 11-8384, 1958)<\/h3>\n<p>1. Marie, Marie<br \/>\n2. Hof-Serenade<br \/>\n3. Wenn die Sonja russisch tanzt<br \/>\n4. Hein spielt abends so sch\u00f6n auf dem Schifferklavier<br \/>\n&nbsp;<\/p>\n<hr align=\"center\" size=\"2\" width=\"100%\" \/>\n<hr align=\"center\" size=\"2\" width=\"100%\" \/>\n<h1>LPs<\/h1>\n<p>&nbsp;<\/p>\n<h3><a name=\"DOLP\"><\/a>Comedian Harmonists<br \/>\n(EMI Electrola 1 C 148-31 094\/95 M, Doppel-LP)<\/h3>\n<p>&nbsp;<\/p>\n<table width=\"100%\" border=\"0\" cellspacing=\"0\" cellpadding=\"0\">\n<tbody>\n<tr>\n<td width=\"50%\"><strong>Seite 1:<\/strong><\/td>\n<td width=\"50%\"><strong>Seite 3:<\/strong><\/td>\n<\/tr>\n<tr>\n<td width=\"50%\">1. Veronika, der Lenz ist da<\/td>\n<td width=\"50%\">1. Sch\u00f6ne Isabella von Kastillien<\/td>\n<\/tr>\n<tr>\n<td width=\"50%\">2. Wochenend\u2019 und Sonnenschein<\/td>\n<td width=\"50%\">2. Der Onkel Bumba aus Kalumba tanzt nur Rumba<\/td>\n<\/tr>\n<tr>\n<td width=\"50%\">3. Ein Freund, ein guter Freund<\/td>\n<td width=\"50%\">3. In der Bar zum Krokodil<\/td>\n<\/tr>\n<tr>\n<td width=\"50%\">4. Gitarren spielt auf<\/td>\n<td width=\"50%\">4. Du armes Girl vom Chor<\/td>\n<\/tr>\n<tr>\n<td width=\"50%\">5. Mein kleiner gr\u00fcner Kaktus<\/td>\n<td width=\"50%\">5. Maskenball im G\u00e4nsestall<\/td>\n<\/tr>\n<tr>\n<td width=\"50%\">6. Liebesleid (Die Liebe kommt, die Liebe geht)<\/td>\n<td width=\"50%\">6. Puppenhochzeit<\/td>\n<\/tr>\n<tr>\n<td width=\"50%\">&nbsp;<\/td>\n<td width=\"50%\">&nbsp;<\/td>\n<\/tr>\n<tr>\n<td width=\"50%\"><strong>Seite 2:<\/strong><\/td>\n<td width=\"50%\"><strong>Seite 4:<\/strong><\/td>\n<\/tr>\n<tr>\n<td width=\"50%\">1. Das ist die Liebe der Matrosen<\/td>\n<td width=\"50%\">1. Eins, zwei, drei, vier<\/td>\n<\/tr>\n<tr>\n<td width=\"50%\">2. Bin kein Hauptmann, bin kein gro\u00dfes Tier<\/td>\n<td width=\"50%\">2. Tout Le Jour, Toute La Nuit<\/td>\n<\/tr>\n<tr>\n<td width=\"50%\">3. Du bist nicht die Erste<\/td>\n<td width=\"50%\">3. Creole Love Call<\/td>\n<\/tr>\n<tr>\n<td width=\"50%\">4. Ali-Baba<\/td>\n<td width=\"50%\">4. Wenn der Wind weht \u00fcber das Meer<\/td>\n<\/tr>\n<tr>\n<td width=\"50%\">5. Quand Il Pleut<\/td>\n<td width=\"50%\">5. Wie w\u00e4r\u2019s mit Lissabon<\/td>\n<\/tr>\n<tr>\n<td width=\"50%\">6. Baby<\/td>\n<td width=\"50%\">6. Lebewohl, gute Reise<\/td>\n<\/tr>\n<\/tbody>\n<\/table>\n<p>&nbsp;<br \/>\n<span style=\"text-decoration: underline;\">Anmerkungen<\/span>: Booklet-Text von R. Lorenzen; auch als Doppel-MusiCassette 1 C 278-30 310 M erh\u00e4ltlich.<br \/>\n&nbsp;<\/p>\n<hr align=\"center\" size=\"2\" width=\"100%\" \/>\n<h3>Comedian Harmonists, Folge 2<br \/>\n(EMI Electrola 1 C 148-31 468\/69 M, Doppel-LP)<\/h3>\n<p>&nbsp;<\/p>\n<table width=\"100%\" border=\"0\" cellspacing=\"0\" cellpadding=\"0\">\n<tbody>\n<tr>\n<td width=\"50%\"><strong>Seite 1:<\/strong><\/td>\n<td width=\"50%\"><strong>Seite 3:<\/strong><\/td>\n<\/tr>\n<tr>\n<td width=\"50%\">1. Mein lieber Schatz, bist du aus Spanien<\/td>\n<td width=\"50%\">1. Musketier-Marsch<\/td>\n<\/tr>\n<tr>\n<td width=\"50%\">2. Wir sind von Kopf bis Fu\u00df auf Liebe eingestellt<\/td>\n<td width=\"50%\">2. Hof-Serenade<\/td>\n<\/tr>\n<tr>\n<td width=\"50%\">3. Ah Maria, Mari<\/td>\n<td width=\"50%\">3. Marie, Marie<\/td>\n<\/tr>\n<tr>\n<td width=\"50%\">4. Eine kleine Fr\u00fchlingsweise (Humoreske)<\/td>\n<td width=\"50%\">4. Der alte Cowboy<\/td>\n<\/tr>\n<tr>\n<td width=\"50%\">5. Hunderttausendmal<\/td>\n<td width=\"50%\">5. Ich hab f\u00fcr dich \u2019nen Blumentopf bestellt<\/td>\n<\/tr>\n<tr>\n<td width=\"50%\">6. Liebling, mein Herz l\u00e4sst dich gr\u00fc\u00dfen<\/td>\n<td width=\"50%\">6. Ohne dich<\/td>\n<\/tr>\n<tr>\n<td width=\"50%\">7. Perpetuum mobile<\/td>\n<td width=\"50%\">7. Les Gars De La Marine<\/td>\n<\/tr>\n<tr>\n<td width=\"50%\">&nbsp;<\/td>\n<td width=\"50%\">&nbsp;<\/td>\n<\/tr>\n<tr>\n<td width=\"50%\"><strong>Seite 2:<\/strong><\/td>\n<td width=\"50%\"><strong>Seite 4:<\/strong><\/td>\n<\/tr>\n<tr>\n<td width=\"50%\">1. Sch\u00f6ne Lisa<\/td>\n<td width=\"50%\">1. Das Wirtshaus an der Lahn<\/td>\n<\/tr>\n<tr>\n<td width=\"50%\">2. Ein neuer Fr\u00fchling wird in die Heimat kommen<\/td>\n<td width=\"50%\">2. In einem k\u00fchlen Grunde<\/td>\n<\/tr>\n<tr>\n<td width=\"50%\">3. Tarantella Sincera<\/td>\n<td width=\"50%\">3. Die Dorfmusik<\/td>\n<\/tr>\n<tr>\n<td width=\"50%\">4. Irgendwo auf der Welt<\/td>\n<td width=\"50%\">4. Holzhackerlied<\/td>\n<\/tr>\n<tr>\n<td width=\"50%\">5. So ein Kuss kommt von allein<\/td>\n<td width=\"50%\">5. Hein spielt abends so sch\u00f6n auf dem Schifferklavier<\/td>\n<\/tr>\n<tr>\n<td width=\"50%\">6. Tag und Nacht<\/td>\n<td width=\"50%\">6. Ach, wie ist\u2019s m\u00f6glich dann<\/td>\n<\/tr>\n<tr>\n<td width=\"50%\">7. Hallo, was machst du heut, Daisy?<\/td>\n<td width=\"50%\">7. Muss I denn zum St\u00e4dtele hinaus<\/td>\n<\/tr>\n<\/tbody>\n<\/table>\n<p>&nbsp;<br \/>\n<span style=\"text-decoration: underline;\">Anmerkungen<\/span>: Booklet-Text von Dr. Stephan Pflicht; auch als Doppel-MusiCassette 1 C 278-31 470 M erh\u00e4ltlich.<br \/>\n&nbsp;<\/p>\n<hr align=\"center\" size=\"2\" width=\"100%\" \/>\n<h3>Comedian Harmonists, Folge 3<br \/>\n(EMI Electrola 1 C 148-32 255\/56 M, Doppel-LP)<\/h3>\n<p>&nbsp;<\/p>\n<table width=\"100%\" border=\"0\" cellspacing=\"0\" cellpadding=\"0\">\n<tbody>\n<tr>\n<td width=\"50%\"><strong>Seite 1:<\/strong><\/td>\n<td width=\"50%\"><strong>Seite 3:<\/strong><\/td>\n<\/tr>\n<tr>\n<td width=\"50%\">1. Einmal schafft\u2019s jeder<\/td>\n<td width=\"50%\">1. Hoppla, jetzt komm\u2019 ich<\/td>\n<\/tr>\n<tr>\n<td width=\"50%\">2. Ein bisschen Leichtsinn kann nicht schaden<\/td>\n<td width=\"50%\">2. F\u00fcnf-Uhr-Tee bei Familie Kraus<\/td>\n<\/tr>\n<tr>\n<td width=\"50%\">3. Heut Nacht hab ich getr\u00e4umt von dir<\/td>\n<td width=\"50%\">3. Whispering<\/td>\n<\/tr>\n<tr>\n<td width=\"50%\">4. Tea For Two<\/td>\n<td width=\"50%\">4. Ich k\u00fcsse Ihre Hand, Madame<\/td>\n<\/tr>\n<tr>\n<td width=\"50%\">5. Kleiner Mann, was nun?<\/td>\n<td width=\"50%\">5. Heute Nacht oder nie<\/td>\n<\/tr>\n<tr>\n<td width=\"50%\">6. Was dein roter Mund im Fr\u00fchling sagt<\/td>\n<td width=\"50%\">6. Italienisches Intermezzo (aus \u201eCasanova\u201c)<\/td>\n<\/tr>\n<tr>\n<td width=\"50%\">7. The Way With Every Sailor<\/td>\n<td width=\"50%\">7. Spanisches Intermezzo (aus \u201eCasanova\u201d)<\/td>\n<\/tr>\n<tr>\n<td width=\"50%\">&nbsp;<\/td>\n<td width=\"50%\">&nbsp;<\/td>\n<\/tr>\n<tr>\n<td width=\"50%\"><strong>Seite 2:<\/strong><\/td>\n<td width=\"50%\"><strong>Seite 4:<\/strong><\/td>\n<\/tr>\n<tr>\n<td width=\"50%\">1. Ein Lied geht um die Welt<\/td>\n<td width=\"50%\">1. Blume von Hawaii (mit Orch. Lewis Ruth)<\/td>\n<\/tr>\n<tr>\n<td width=\"50%\">2. Avec Les Pompiers<\/td>\n<td width=\"50%\">2. Night And Day<\/td>\n<\/tr>\n<tr>\n<td width=\"50%\">3. Wenn die Sonja russisch tanzt<\/td>\n<td width=\"50%\">3. Mein Herz ruft immer nur nach dir, oh Marita<\/td>\n<\/tr>\n<tr>\n<td width=\"50%\">4. Guter Mond, du gehst so stille<\/td>\n<td width=\"50%\">4. Barcarole<\/td>\n<\/tr>\n<tr>\n<td width=\"50%\">5. Leichte Kavallerie<\/td>\n<td width=\"50%\">5. Ich hab dich lieb, braune Madonna<\/td>\n<\/tr>\n<tr>\n<td width=\"50%\">6. Es f\u00fchrt kein andrer Weg zur Seligkeit<\/td>\n<td width=\"50%\">6. Jetzt trinken wir noch eins<\/td>\n<\/tr>\n<tr>\n<td width=\"50%\">7. V\u00e9ronique, Le Printemps Est L\u00e0<\/td>\n<td width=\"50%\">7. Auf Wiedersehn, my Dear<\/td>\n<\/tr>\n<\/tbody>\n<\/table>\n<p>&nbsp;<br \/>\n<span style=\"text-decoration: underline;\">Anmerkungen<\/span>: Booklet-Text von Dr. Stephan Pflicht; auch als Doppel-MusiCassette 1 C 448-32 257 M erh\u00e4ltlich.<br \/>\n&nbsp;<\/p>\n<hr align=\"center\" size=\"2\" width=\"100%\" \/>\n<h3>Comedian Harmonists Story<br \/>\n[= Comedian Harmonists, Folge 4]<br \/>\n(EMI Electrola 1 C 148-32 973\/74 M bzw. 1 C 134-15 6325 1, Doppel-LP)<\/h3>\n<p>&nbsp;<\/p>\n<table width=\"100%\" border=\"0\" cellspacing=\"0\" cellpadding=\"0\">\n<tbody>\n<tr>\n<td width=\"50%\"><strong>Seite 1 (Comedian Harmonists):<\/strong><\/td>\n<td width=\"50%\"><strong>Seite 3 (Meistersextett):<\/strong><\/td>\n<\/tr>\n<tr>\n<td width=\"50%\">1. Spanische Moritat<\/td>\n<td width=\"50%\">1. Wenn ich vergn\u00fcgt bin, muss ich singen<\/td>\n<\/tr>\n<tr>\n<td width=\"50%\">2. Liebling, mein Herz l\u00e4sst dich gr\u00fc\u00dfen<\/td>\n<td width=\"50%\">2. Tausendmal war ich im Traum bei dir<\/td>\n<\/tr>\n<tr>\n<td width=\"50%\">3. Kannst du pfeifen, Johanna?<\/td>\n<td width=\"50%\">3. Jetzt oder nie<\/td>\n<\/tr>\n<tr>\n<td width=\"50%\">4. Das alte Spinnrad<\/td>\n<td width=\"50%\">4. O, ich glaub\u2019, ich hab\u2019 mich verliebt<\/td>\n<\/tr>\n<tr>\n<td width=\"50%\">5. Guten Tag, gn\u00e4dige Frau<\/td>\n<td width=\"50%\">5. Ich hab f\u00fcr dich \u2019nen Blumentopf bestellt<\/td>\n<\/tr>\n<tr>\n<td width=\"50%\">6. Tr\u00e4ume, die nur um deine Liebe sich dreh\u2019n<\/td>\n<td width=\"50%\">6. Dr\u00fcben in der Heimat<\/td>\n<\/tr>\n<tr>\n<td width=\"50%\">7. Morgen muss ich fort von hier<\/td>\n<td width=\"50%\">7. Marecchiare<\/td>\n<\/tr>\n<tr>\n<td width=\"50%\">&nbsp;<\/td>\n<td width=\"50%\">&nbsp;<\/td>\n<\/tr>\n<tr>\n<td width=\"50%\"><strong>Seite 2 (Comedy Harmonists):<\/strong><\/td>\n<td width=\"50%\"><strong>Seite 4 (Beteiligung bzw. Aufn. einzeln. Mitglieder):<\/strong><\/td>\n<\/tr>\n<tr>\n<td width=\"50%\">1. Du passt so gut zu mir wie Zucker zum Kaffee<\/td>\n<td width=\"50%\">1. Donkey-Serenade (amerikanische Gruppe, 1949)<\/td>\n<\/tr>\n<tr>\n<td width=\"50%\">2. Guitar D&#8217;Amour<\/td>\n<td width=\"50%\">2. Sie will nicht Blumen und nicht Schokolade<\/td>\n<\/tr>\n<tr>\n<td width=\"50%\">3. Sous Le Ciel D&#8217;Afrique<\/td>\n<td width=\"50%\">(Robert Biberti, 1941)<\/td>\n<\/tr>\n<tr>\n<td width=\"50%\">4. Whistle While You Work<\/td>\n<td width=\"50%\">3. Was eine Frau im Fr\u00fchling tr\u00e4umt (Erwin Bootz, 1941)<\/td>\n<\/tr>\n<tr>\n<td width=\"50%\">5. Der Barbier von Sevilla, Ouvert\u00fcre (1937)<\/td>\n<td width=\"50%\">4. Zwei Tr\u00e4nen (Ari Leschnikoff, bulgarisch gesungen)<\/td>\n<\/tr>\n<tr>\n<td width=\"50%\">6. Sandm\u00e4nnchen<\/td>\n<td width=\"50%\">5. Rudolf Zeller spielt Melodien von Ralf Benatzky, Potp.<\/td>\n<\/tr>\n<tr>\n<td width=\"50%\">7. Auf Wiederseh\u2019n mein Fr\u00e4ulein, auf Wiederseh\u2019n<\/td>\n<td width=\"50%\">(Tiefe Sehnsucht \/ Yes Sir! \/ Einmal kommt der Tag)<\/td>\n<\/tr>\n<tr>\n<td width=\"50%\">mein Herr<\/td>\n<td width=\"50%\">6. Schomer Yisrael (Roman Cycowski, 1955)<\/td>\n<\/tr>\n<tr>\n<td width=\"50%\"><\/td>\n<td width=\"50%\">7. Hummelflug (Harry Frohman, 1953)<\/td>\n<\/tr>\n<\/tbody>\n<\/table>\n<p>&nbsp;<\/p>\n<p><span style=\"text-decoration: underline;\">Anmerkungen<\/span>: Booklet-Text von Prof. Dr. Peter Czada; auch als Doppel-MusiCassette 1 C 448-32 975 M bzw. 1 C <\/p>\n<p>434-15 6325 4  erh\u00e4ltlich.<br \/>\n&nbsp;<\/p>\n<hr align=\"center\" size=\"2\" width=\"100%\" \/>\n<h3>Comedian Harmonists, Folge 5<br \/>\n(EMI Electrola 1 C 148-46 078\/79 M, Doppel-LP)<\/h3>\n<p>&nbsp;<\/p>\n<table width=\"100%\" border=\"0\" cellspacing=\"0\" cellpadding=\"0\">\n<tbody>\n<tr>\n<td width=\"50%\"><strong>Seite 1:<\/strong><\/td>\n<td width=\"50%\"><strong>Seite 3:<\/strong><\/td>\n<\/tr>\n<tr>\n<td width=\"50%\">1. Ein Lied geht um die Welt<\/td>\n<td width=\"50%\">1. Eilali, eilali, eilala<\/td>\n<\/tr>\n<tr>\n<td width=\"50%\">2. Allein kann man nicht gl\u00fccklich<\/td>\n<td width=\"50%\">2. Tante, bleib hier<\/td>\n<\/tr>\n<tr>\n<td width=\"50%\">3. Ungarischer Tanz Nr. 5<\/td>\n<td width=\"50%\">3. Auf dem Heuboden<\/td>\n<\/tr>\n<tr>\n<td width=\"50%\">4. Florestan 1er, Prince De Monacco<\/td>\n<td width=\"50%\">4. Bei der Feuerwehr<\/td>\n<\/tr>\n<tr>\n<td width=\"50%\">5. Menuett<\/td>\n<td width=\"50%\">5. Natacha (frz.)<\/td>\n<\/tr>\n<tr>\n<td width=\"50%\">6. Ich tr\u00e4um\u2019 von einer M\u00e4rchennacht<\/td>\n<td width=\"50%\">6. Du hast mich betrogen<\/td>\n<\/tr>\n<tr>\n<td width=\"50%\">&nbsp;<\/td>\n<td width=\"50%\">&nbsp;<\/td>\n<\/tr>\n<tr>\n<td width=\"50%\"><strong>Seite 2:<\/strong><\/td>\n<td width=\"50%\"><strong>Seite 4:<\/strong><\/td>\n<\/tr>\n<tr>\n<td width=\"50%\">1. Ich hab Ihnen viel zu sagen, sehr verehrte<\/td>\n<td width=\"50%\">1. Heut fahr ich mit dir in die Natur<\/td>\n<\/tr>\n<tr>\n<td width=\"50%\">gn\u00e4dige Frau<\/td>\n<td width=\"50%\">2. Sah ein Knab ein R\u00f6slein steh\u2019n<\/td>\n<\/tr>\n<tr>\n<td width=\"50%\">2. J&#8217;Aime Une Tyrolinne<\/td>\n<td width=\"50%\">3. Was schenkst du mir dann?<\/td>\n<\/tr>\n<tr>\n<td width=\"50%\">3. Schade keine Frau<\/td>\n<td width=\"50%\">4. An der sch\u00f6nen blauen Donau<\/td>\n<\/tr>\n<tr>\n<td width=\"50%\">4. Halt dich an mich<\/td>\n<td width=\"50%\">5. Sonia (frz.)<\/td>\n<\/tr>\n<tr>\n<td width=\"50%\">5. Ich hab ein Zimmer, goldige Frau<\/td>\n<td width=\"50%\">6. Schlafe, mein Prinzchen, schlaf ein<\/td>\n<\/tr>\n<tr>\n<td width=\"50%\">6. Schlaf, mein Liebling<\/td>\n<td width=\"50%\"><\/td>\n<\/tr>\n<\/tbody>\n<\/table>\n<p>&nbsp;<\/p>\n<p><span style=\"text-decoration: underline;\">Anmerkungen<\/span>: Booklet-Text von Prof. Dr. Peter Czada; auch als Doppel-MusiCassette 1 C 448-46 080 M erh\u00e4ltlich.<br \/>\n&nbsp;<\/p>\n<hr align=\"center\" size=\"2\" width=\"100%\" \/>\n<h3><a name=\"WELP\"><\/a>Comedian Harmonists &#8211; Liebling, mein Herz l\u00e4sst dich gr\u00fc\u00dfen<br \/>\n(EMI Electrola E 73 762)<\/h3>\n<p>&nbsp;<br \/>\n<strong>Seite 1:<\/strong><br \/>\n1. Wochenend und Sonnenschein<br \/>\n2. Veronika, der Lenz ist da<br \/>\n3. Liebling, mein Herz l\u00e4sst dich gr\u00fc\u00dfen<br \/>\n4. Ein Freund, ein guter Freund<br \/>\n5. Mein lieber Schatz, bist du aus Spanien<br \/>\n6. Gitarren spielt auf<\/p>\n<p><strong>Seite 2:<\/strong><br \/>\n1. Sch\u00f6ne Lisa<br \/>\n2. Perpetuum mobile<br \/>\n3. Marie, Marie<br \/>\n4. Hof-Serenade<br \/>\n5. Wenn die Sonja russisch tanzt<br \/>\n6. Hein spielt abends so sch\u00f6n auf dem Schifferklavier<\/p>\n<p><span style=\"text-decoration: underline;\">Anmerkungen<\/span>: deutscher und englischer Booklet-Text von \u201eR.B.\u201c<br \/>\n&nbsp;<\/p>\n<hr align=\"center\" size=\"2\" width=\"100%\" \/>\n<h3>Comedian Harmonists &#8211; Wochenend und Sonnenschein<br \/>\n(Odeon 43 732 7 Club Edition)<\/h3>\n<p>&nbsp;<br \/>\n<strong>Seite 1:<\/strong><br \/>\n1. Wochenend&#8216; und Sonnenschein<br \/>\n2. Veronika, der Lenz ist da<br \/>\n3. Gitarren spielt auf<br \/>\n4. Liebling, mein Herz l\u00e4sst dich gr\u00fc\u00dfen<br \/>\n5. Es f\u00fchrt kein andrer Weg zur Seligkeit<br \/>\n6. Puppenhochzeit<br \/>\n7. Ein Freund, ein guter Freund<br \/>\n8. Irgendwo auf der Welt<\/p>\n<p><strong>Seite 2:<\/strong><br \/>\n1. Mein kleiner gr\u00fcner Kaktus<br \/>\n2. In der Bar zum Krokodil<br \/>\n3. Wir sind von Kopf bis Fu\u00df auf Liebe eingestellt<br \/>\n4. Blume von Hawaii (mit Lewis Ruth und seinem Tanzorchester)<br \/>\n5. Ein Lied geht um die Welt<br \/>\n6. In einem k\u00fchlen Grunde<br \/>\n7. Guter Mond du gehst so stille<br \/>\n8. Muss i denn zum St\u00e4dtele hinaus<br \/>\n&nbsp;<\/p>\n<hr align=\"center\" size=\"2\" width=\"100%\" \/>\n<h3>Comedian Harmonists &#8211; Unverg\u00e4ngliche Erfolge<br \/>\n(EMI Electrola 65 972 2 Club-Sonderauflage)<\/h3>\n<p>&nbsp;<br \/>\n<strong>Seite 1:<\/strong><br \/>\n1. Veronika, der Lenz ist da<br \/>\n2. Liebling, mein Herz l\u00e4sst dich gr\u00fc\u00dfen<br \/>\n3. Ein Freund, ein guter Freund<br \/>\n4. Du bist nicht die Erste<br \/>\n5. Das ist die Liebe der Matrosen<br \/>\n6. Gitarren spielt auf<br \/>\n7. Ah Maria, Mari<br \/>\n8. Perpetuum Mobile<\/p>\n<p><strong>Seite 2:<\/strong><br \/>\n1. Mein lieber Schatz, bist du aus Spanien?<br \/>\n2. Wir sind von Kopf bis Fu\u00df auf Liebe eingestellt<br \/>\n3. Wochenend und Sonnenschein<br \/>\n4. Die Liebe kommt, die Liebe geht<br \/>\n5. Eine kleine Fr\u00fchlingsweise<br \/>\n6. Irgendwo auf der Welt<br \/>\n7. Ali-Baba<br \/>\n8. Lebewohl, gute Reise<br \/>\n&nbsp;<\/p>\n<hr align=\"center\" size=\"2\" width=\"100%\" \/>\n<h3>Comedian Harmonists &#8211; Die alte Welle<br \/>\n(Crystal 048 CRY 31 909 M)<\/h3>\n<p>&nbsp;<br \/>\n<strong>Seite 1:<\/strong><br \/>\n1. Veronika, der Lenz ist da<br \/>\n2. Ein Freund, ein guter Freund<br \/>\n3. Der Onkel Bumba aus Kalumba tanzt nur Rumba<br \/>\n4. Mein lieber Schatz, bist du aus Spanien<br \/>\n5. Eine kleine Fr\u00fchlingsweise<br \/>\n6. Liebling, dein Herz l\u00e4sst mich gr\u00fc\u00dfen<\/p>\n<p><strong>Seite 2:<\/strong><br \/>\n1. Eins, zwei, drei, vier<br \/>\n2. So ein Kuss kommt von allein<br \/>\n3. Hallo, was machst du heut, Daisy?<br \/>\n4. Ich hab f\u00fcr dich \u2019nen Blumentopf bestellt<br \/>\n5. Mein kleiner gr\u00fcner Kaktus<br \/>\n6. Lebewohl, gute Reise<\/p>\n<p><span style=\"text-decoration: underline;\">Anmerkungen<\/span>: auch als MusiCassette 224 CRY 31 909 M erh\u00e4ltlich.<br \/>\n&nbsp;<\/p>\n<hr align=\"center\" size=\"2\" width=\"100%\" \/>\n<h3>Comedian Harmonists &#8211; Melodien, die man nie vergisst<br \/>\n(Crystal 056 CRY 32 959 M)<\/h3>\n<p>&nbsp;<br \/>\n<strong>Seite 1:<\/strong><br \/>\n1. Veronika, der Lenz ist da<br \/>\n2. Mein kleiner gr\u00fcner Kaktus<br \/>\n3. Eine kleine Fr\u00fchlingsweise<br \/>\n4. Mein lieber Schatz, bist du aus Spanien<br \/>\n5. Ich hab&#8216; f\u00fcr dich &#8217;nen Blumentopf bestellt<br \/>\n6. Gitarren spielt auf<br \/>\n7. Der Onkel Bumba aus Kalumba<br \/>\n8. Wochenend und Sonnenschein<\/p>\n<p><strong>Seite 2:<\/strong><br \/>\n1. Ein Freund, ein guter Freund<br \/>\n2. Liebling, mein Herz l\u00e4sst dich gr\u00fc\u00dfen<br \/>\n3. Du bist nicht die Erste<br \/>\n4. Die Liebe kommt, die Liebe geht (Liebesleid)<br \/>\n5. Barcarole (aus &#8222;Hoffmanns Erz\u00e4hlungen&#8220;)<br \/>\n6. Ach wie ist&#8217;s m\u00f6glich dann<br \/>\n7. In einem k\u00fchloen Grunde<br \/>\n8. Muss i denn zum St\u00e4dtele hinaus<\/p>\n<p><span style=\"text-decoration: underline;\">Anmerkungen<\/span>: auch als MusiCassette 256 CRY 32 959 M erh\u00e4ltlich.<br \/>\n&nbsp;<\/p>\n<hr align=\"center\" size=\"2\" width=\"100%\" \/>\n<h3>Comedian Harmonists<br \/>\n(AMIGA Stereo 8 45 089, 1971)<\/h3>\n<p>&nbsp;<br \/>\n<strong>Seite 1:<\/strong><br \/>\n1. Ein Freund, ein guter Freund<br \/>\n2. Wochenend\u2019 und Sonnenschein<br \/>\n3. Liebling, mein Herz l\u00e4sst dich gr\u00fc\u00dfen<br \/>\n4. Mein lieber Schatz, bist du aus Spanien<br \/>\n5. Gitarren spielt auf<br \/>\n6. Perpetuum Mobile<\/p>\n<p><strong>Seite 2:<\/strong><br \/>\n1. Veronika, der Lenz ist da<br \/>\n2. Marie, Marie<br \/>\n3. Sch\u00f6ne Lisa<br \/>\n4. Hof-Serenade<br \/>\n5. Hein spielt abends so sch\u00f6n auf dem Schifferklavier<br \/>\n6. Ich hab f\u00fcr dich \u2019nen Blumentopf bestellt<\/p>\n<p><span style=\"text-decoration: underline;\">Anmerkungen<\/span>: Booklet-Text von H.P. Hofmann; &#8222;Stereotranskription&#8220;.<br \/>\n&nbsp;<\/p>\n<hr align=\"center\" size=\"2\" width=\"100%\" \/>\n<h3><a name=\"AUVD\"><\/a>Virtuosi In Harmony &#8211; The Comedy Harmonists<br \/>\n(EMI Australia EME. 260411)<\/h3>\n<p>&nbsp;<br \/>\n<strong>Seite 1:<\/strong><br \/>\n1. The Way With Every Sailor (Comedian Harmonists)<br \/>\n2. Over The Blue (Comedian Harmonists)<br \/>\n3. Tea For Two (Comedian Harmonists)<br \/>\n4. Whispering (Comedian Harmonists)<br \/>\n5. The Donkey Serenade (Comedy Harmonists)<br \/>\n6. Whistle While You Work (Comedy Harmonists)<br \/>\n7. Dwarf&#8217;s Yodel Song (Comedy Harmonists)<br \/>\n8. Ti-Pi-Tin (Comedy Harmonists)<br \/>\n9. Night And Day (Comedian Harmonists)<\/p>\n<p><strong>Seite 2:<\/strong><br \/>\n1. Congo Lullaby (Comedy Harmonists)<br \/>\n2. Love Me A Little Today (Comedy Harmonists)<br \/>\n3. Solitude (Comedy Harmonists)<br \/>\n4. Creole Love Call (Comedian Harmonists)<br \/>\n5. Perpetuum Mobile (Comedian Harmonists)<br \/>\n6. In A Persian Market (Comedy Harmonists)<br \/>\n7. The Barber Of Seville, Overture (Comedy Harmonists)<br \/>\n&nbsp;<\/p>\n<hr align=\"center\" size=\"2\" width=\"100%\" \/>\n<h3>Comedy Harmonists &#8211; The Original Comedy Harmonists<br \/>\n(His Masters Voice EMI MCLP 1753)<\/h3>\n<p>&nbsp;<br \/>\n<strong>Seite 1:<\/strong><br \/>\n1. Wochenend und Sonnenschein<br \/>\n2. Veronika, der Lenz ist da<br \/>\n3. Liebling, mein Herz l\u00e4sst dich gr\u00fc\u00dfen<br \/>\n4. Ein Freund, ein guter Freund<br \/>\n5. Mein lieber Schatz, bist du aus Spanien<br \/>\n6. Gitarren spielt auf<\/p>\n<p><strong>Seite 2:<\/strong><br \/>\n1. Sch\u00f6ne Lisa<br \/>\n2. Perpetuum Mobile<br \/>\n3. Marie, Marie<br \/>\n4. Hof-Serenade<br \/>\n5. Wenn die Sonja russisch tanzt<br \/>\n6. Hein spielt abends so sch\u00f6n auf dem Schifferklavier<\/p>\n<p><span style=\"text-decoration: underline;\">Anmerkungen<\/span>: englischer Booklet-Text von Peter Gammond; trotz des Titels ausschlie\u00dflich Aufnahmen der Originalgruppe.<br \/>\n&nbsp;<\/p>\n<hr align=\"center\" size=\"2\" width=\"100%\" \/>\n<h3>Comedy Harmonists &#8211; The Comedy Harmonists<br \/>\n(World Record Club R 03898 &amp; 03899, 2LP-Set)<\/h3>\n<p>&nbsp;<br \/>\n<span style=\"text-decoration: underline;\">Anmerkungen<\/span>: entspricht der ersten EMI Electrola Doppel-LP; englischer Booklet-Text von Ernst Grossmann unter Verwendung des deutschen Textes zur ersten Doppel-LP von R. Lorenzen.<br \/>\n&nbsp;<\/p>\n<hr align=\"center\" size=\"2\" width=\"100%\" \/>\n&nbsp;<br \/>\n<span style=\"text-decoration: underline;\">Quellen<\/span>: Eberhard Fechner &#8211; Die Comedian Harmonists: Sechs Lebensl\u00e4ufe; Peter Czada, G\u00fcnter Gro\u00dfe \u2013 Comedian Harmonists: Ein Vokalensemble erobert die Welt; Cover der verschiedenen LPs und EPs;<br \/>\n&nbsp;<\/p>\n","protected":false},"excerpt":{"rendered":"<p>von Martin Haberbauer &nbsp; Nach dem Zweiten Weltkrieg erschienen zun\u00e4chst drei EPs aus der Reihe &#8222;Unverg\u00e4nglich, unvergessen&#8220; mit \u00dcberspielungen von Schellackplatten der Comedian Harmonists. In den 70er Jahren wurden bei&hellip; <\/p>\n","protected":false},"author":1,"featured_media":0,"parent":22,"menu_order":3,"comment_status":"closed","ping_status":"closed","template":"","meta":{"footnotes":""},"class_list":["post-38","page","type-page","status-publish","hentry"],"_links":{"self":[{"href":"https:\/\/www.comedian-harmonists.net\/index.php?rest_route=\/wp\/v2\/pages\/38","targetHints":{"allow":["GET"]}}],"collection":[{"href":"https:\/\/www.comedian-harmonists.net\/index.php?rest_route=\/wp\/v2\/pages"}],"about":[{"href":"https:\/\/www.comedian-harmonists.net\/index.php?rest_route=\/wp\/v2\/types\/page"}],"author":[{"embeddable":true,"href":"https:\/\/www.comedian-harmonists.net\/index.php?rest_route=\/wp\/v2\/users\/1"}],"replies":[{"embeddable":true,"href":"https:\/\/www.comedian-harmonists.net\/index.php?rest_route=%2Fwp%2Fv2%2Fcomments&post=38"}],"version-history":[{"count":7,"href":"https:\/\/www.comedian-harmonists.net\/index.php?rest_route=\/wp\/v2\/pages\/38\/revisions"}],"predecessor-version":[{"id":1198,"href":"https:\/\/www.comedian-harmonists.net\/index.php?rest_route=\/wp\/v2\/pages\/38\/revisions\/1198"}],"up":[{"embeddable":true,"href":"https:\/\/www.comedian-harmonists.net\/index.php?rest_route=\/wp\/v2\/pages\/22"}],"wp:attachment":[{"href":"https:\/\/www.comedian-harmonists.net\/index.php?rest_route=%2Fwp%2Fv2%2Fmedia&parent=38"}],"curies":[{"name":"wp","href":"https:\/\/api.w.org\/{rel}","templated":true}]}}