{"id":408,"date":"2014-02-10T15:47:21","date_gmt":"2014-02-10T13:47:21","guid":{"rendered":"http:\/\/www.comedian-harmonists.net\/?page_id=408"},"modified":"2014-10-15T21:50:05","modified_gmt":"2014-10-15T19:50:05","slug":"interessantes-kurioses","status":"publish","type":"page","link":"https:\/\/www.comedian-harmonists.net\/?page_id=408","title":{"rendered":"Fakten &#038; Kuriosa"},"content":{"rendered":"<p><strong>von Dominik David<\/strong><br \/>\n&nbsp;<br \/>\nIm Folgenden sollen einige interessante und wissenswerte Fakten sowie Kurioses erl\u00e4utert werden. Dabei werden auch einige Ger\u00fcchte und Missverst\u00e4ndnisse aufgegriffen, die sich auch nach \u00fcber 80 Jahren immer noch hartn\u00e4ckig halten.<\/p>\n<ul>\n<li><strong><a href=\"#Announce\">Wie viele Bewerber kamen auf Harry Frommermanns Annonce im Berliner Lokalanzeiger?<\/a><\/strong><\/li>\n<li><strong><a href=\"#Jopie\">Stimmt es, dass Jopie Heesters auch bei Harry Frommermann vorsang?<\/a><\/strong><\/li>\n<li><strong><a href=\"#ErsterAuftritt\">Wie lange wurde bis zu einem ersten Auftritt geprobt?<\/a><\/strong><\/li>\n<li><strong><a href=\"#Gage\">Gab es wirklich keine Gage?<\/a><\/strong><\/li>\n<li><strong><a href=\"#Strafe\">Musste ein Comedian Harmonist wirklich Strafe zahlen, wenn er zu einer Probe zu sp\u00e4t kam?<\/a><\/strong><\/li>\n<li><strong><a href=\"#Einkommen\">Was verdienten die Comedian Harmonists?<\/a><\/strong><\/li>\n<li><strong><a href=\"#Musikausbildung\">Stimmt es, dass Harry Frommermann nie eine akademische Musikausbildung erhielt?<\/a><\/strong><\/li>\n<li><strong><a href=\"#Faxen\">Hat die Gruppe auf der B\u00fchne wirklich \u201eFaxen\u201c gemacht?<\/a><\/strong><\/li>\n<li><strong><a href=\"#takes\">Warum gibt es von den meisten Titeln so viele \u201etakes\u201c?<\/a><\/strong><\/li>\n<li><strong><a href=\"#Kaktus\">War \u201eMein kleiner gr\u00fcner Kaktus\u201c der gr\u00f6\u00dfte Hit der Comedian Harmonists?<\/a><\/strong><\/li>\n<li><strong><a href=\"#Schellack1\">Was ist dann die seltenste Originalplatte der Gruppe?<\/a><\/strong><\/li>\n<li><strong><a href=\"#Schellack2\">Wie teuer sind originale Schellackplatten der Comedian Harmonists?<\/a><\/strong><\/li>\n<li><strong><a href=\"#Schellack3\">Wo kann man Originalplatten der Comedian Harmonists kaufen?<\/a><\/strong><\/li>\n<li><strong><a href=\"#Presse\">Wie reagierte und berichtete die Presse?<\/a><\/strong><\/li>\n<li><strong><a href=\"#Harry-Erna-Bob\">Gab es die Dreiecksbeziehung Harry-Erna-Bob wie im Film von Joseph Vilsmaier wirklich?<\/a><\/strong><\/li>\n<li><strong><a href=\"#Hochzeit\">Stimmt es, dass Roman und Mary Cycowski in Deutschland nicht mehr heiraten durften?<\/a><\/strong><\/li>\n<li><strong><a href=\"#Juden\">Stimmt es, dass Harry Frommermann, Erich Collin und Roman Cycowski die letzten arbeiteten Juden in Deutschland waren?<\/a><\/strong><\/li>\n<li><strong><a href=\"#Stuttgart\">Gab es wirklich einen Auftritt, bei dem Nazis \u201eJuden raus!\u201c w\u00e4hrend des Konzertes riefen?<\/a><\/strong><\/li>\n<li><strong><a href=\"#Ursula\">Lie\u00df Erwin Bootz sich wirklich von seiner Frau w\u00e4hrend der Amerikatournee scheiden?<\/a><\/strong><\/li>\n<li><strong><a href=\"#Aktiv\">Warum blieben die Comedian Harmonists noch so lange aktiv, obwohl abzusehen war, dass sie aufgrund der j\u00fcdischen Mitglieder nichtmehr lange zusammen auftreten durften?<\/a><\/strong><\/li>\n<li><strong><a href=\"#Wiedersehen\">Haben sich die Comedian Harmonists wirklich nie mehr wieder gesehen?<\/a><\/strong><\/li>\n<li><strong><a href=\"#Noten\">Wo kann man Originalnoten der Comedian Harmonists bekommen?<\/a><\/strong><\/li>\n<\/ul>\n<hr align=\"center\" size=\"2\" width=\"100%\" \/>\n<p><a name=\"Announce\"><\/a><\/p>\n<blockquote><p><b>Wie viele Bewerber kamen auf Harry Frommermanns Annonce im Berliner Lokalanzeiger?<\/b><\/p><\/blockquote>\n<p>Sehr viele, es waren wohl um die 70 bis 100 M\u00e4nner. Man darf sich das Vorsingen allerdings nicht so vorstellen, dass sich alle Bewerber im engen Treppenhaus vor Frommermanns Wohnung gedr\u00e4ngelt haben. Alle wurden nach ihrer Bewerbung zu einer bestimmten Uhrzeit einbestellt, auch Robert Biberti. Viele waren entweder unbegabt oder zwar stimmlich interessant, winkten aber ab, als es hie\u00df, es g\u00e4be keine Gage. Der damalige Andrang h\u00e4ngt zweifellos mit der wirtschaftlichen Situation in der Weimarer Republik zusammen, die insgesamt von einer hohen Arbeitslosigkeit gepr\u00e4gt war. Er hat aber nichts mit der eigentlichen Weltwirtschaftskrise zu tun, wie oft missverst\u00e4ndlich angenommen wird. Die war n\u00e4mlich erst 1929 &#8211; das Vorsingen aber Ende 1927.<\/p>\n<p>&nbsp;<br \/>\n<a name=\"Jopie\"><\/a><\/p>\n<blockquote><p><b>Stimmt es, dass Jopie Heesters auch bei Harry Frommermann vorsang?<\/b><\/p><\/blockquote>\n<p>Nein, Johannes (Jopie) Heesters hat nie bei Harry Frommermann vorgesungen. Dieses Ger\u00fccht h\u00e4lt sich hartn\u00e4ckigst bis heute. Fakt ist aber, dass Heesters 1927 noch nicht einmal in Deutschland war. Er kam erst 1936 nach Berlin. Dies wurde uns auch im pers\u00f6nlichen Gespr\u00e4ch mit Johannes Heesters best\u00e4tigt.<\/p>\n<p>&nbsp;<br \/>\n<a name=\"ErsterAuftritt\"><\/a><\/p>\n<blockquote><p><b>Wie lange wurde bis zu einem ersten Auftritt geprobt?<\/b><\/p><\/blockquote>\n<p>Monatelang. Die erste Probe fand Anfang Januar 1928 statt. Bis sie sich \u00fcberhaupt trauten irgendwo vorzusingen, sollte es Juni 1928 werden. Und dieses erste Vorsingen war wohl ein totales Desaster. Erst nach einem Probesingen vor Bruno Levi im Sp\u00e4tsommer desselben Jahres kam es zu einem Vertrag mit Eric Charell, der erste Auftritt fand Anfang September 1928 statt. Es waren also gut acht Monate harter Arbeit vergangen.<\/p>\n<p>&nbsp;<br \/>\n<a name=\"Gage\"><\/a><\/p>\n<blockquote><p><b>Gab es wirklich keine Gage f\u00fcr die mehrmonatige Probephase?<\/b><\/p><\/blockquote>\n<p>In den Probemonaten vor den ersten Auftritten bekamen die S\u00e4nger keinen Pfennig f\u00fcr die Arbeit. Harry Frommermann sagte von Beginn an ausdr\u00fccklich, dass er keine Gage zahlen kann. Er hatte gerade genug Geld, um ein Klavier zu mieten.<\/p>\n<p>&nbsp;<br \/>\n<a name=\"Strafe\"><\/a><\/p>\n<blockquote><p><b>Musste ein Comedian Harmonist wirklich Strafe zahlen, wenn er zu einer Probe zu sp\u00e4t kam?<\/b><\/p><\/blockquote>\n<p>Ja! F\u00fcr das Zusp\u00e4tkommen zu Proben musste Strafe gezahlt werden. F\u00fcr eine Minute drei Reichsmark, f\u00fcr f\u00fcnf Minuten acht Reichsmark und so weiter. Ebenso ist es korrekt, dass Erwin Bootz am h\u00e4ufigsten und die h\u00f6chsten Summen zahlen musste. Ari Leschnikoff hingegen konnte im hohen Alter stolz behaupten, immer am p\u00fcnktlichsten gewesen zu sein.<\/p>\n<p>&nbsp;<br \/>\n<a name=\"Einkommen\"><\/a><\/p>\n<blockquote><p><b>Was verdienten die Comedian Harmonists?<\/b><\/p><\/blockquote>\n<p>Roman Cycowski meinte dazu einmal: \u201eIch habe 60.000 Mark versteuert. Im Jahr!\u201c Die Einnahmen der Comedian Harmonists kamen dabei vor allem aus den Live-Auftritten. Mussten sie in den Anfangsjahren noch vergleichsweise geringe Festgeldgagen akzeptieren, die kaum \u00fcber 300 Mark pro Auftritt gingen, konnten sie mit dem gr\u00f6\u00dfer werdenden Erfolg auch ihre Verhandlungsbasis verbessern. Sie erhielten schlie\u00dflich Garantiesummen und prozentuale Beteiligungen am Kartenverkauf. Ein Beispiel aus dem Jahr 1932: Bei Auff\u00fchrungsst\u00e4tten mit mindestens 1.000 Pl\u00e4tzen erhielten sie zwischen 50 und 60 Prozent der Brutto-Einnahmen, in jedem Fall aber mindestens 600 Reichsmark garantiert. Die Karten kosteten dabei zwischen einer und vier Reichsmark. Je nach Saalgr\u00f6\u00dfe kamen die Comedian Harmonists daher auf Einnahmen zwischen 600 und 2.400 Reichsmark pro Abend! Zuz\u00fcglich der Einnahmen aus dem Verkauf von Programmbl\u00e4ttern. Weitere Einnahmem\u00f6glichkeiten waren die Platteneinspielungen, die jeweils garantiert 350 Reichsmark pro Titel brachten sowie der Verkauf der Platten, bei dem die Comedian Harmonists mit einem bestimmten Prozentsatz pro verkaufter Platte am Verkaufspreis beteiligt waren (das sind die sogenannten Tantiemen). F\u00fcr Radiosendungen erhielt das Ensemble zwischen 500 und 1.000 Mark, wobei es hier Lizenzgeb\u00fchren f\u00fcr gesendete Schallplatten gab und Gage f\u00fcr Rundfunkauftritte. Filmaufnahmen wurden mit bis zu 1.500 Mark pro Drehtag bezahlt.<\/p>\n<p>&nbsp;<br \/>\n<a name=\"Musikausbildung\"><\/a><\/p>\n<blockquote><p><b>Stimmt es, dass Harry Frommermann nie eine akademische Musikausbildung erhielt?<\/b><\/p><\/blockquote>\n<p>Ja! Das ist das Faszinierende an seiner musikalischen Genialit\u00e4t, denn es war Harry Frommermann, der die Idee zur Gruppengr\u00fcndung hatte und die meisten Arrangements schrieb, wobei auch Erwin Bootz nach seinem Einstieg wesentlich zur Entwicklung des ungew\u00f6hnlichen Klangk\u00f6rpers beigetragen hat. Harry Frommermanns Vater hatte zwar Musik studiert, war der Inhaber einer Kantorenschule und selber Kantor, was Harry nat\u00fcrlich pr\u00e4gte, aber au\u00dfer Klavierunterricht als Kind hatte Harry keine weitere Ausbildung. Roman Cycowski sagte sp\u00e4ter einmal: \u201eHarry hat mehr gearbeitet wie wir alle anderen zusammen.&#8220;<\/p>\n<p>&nbsp;<br \/>\n<a name=\"Faxen\"><\/a><\/p>\n<blockquote><p><b>Hat die Gruppe auf der B\u00fchne wirklich \u201eFaxen\u201c gemacht?<\/b><\/p><\/blockquote>\n<p>Ja, das ist goldrichtig und muss betont werden! In den wenigen erhaltenen Fotos wird etwas dokumentiert, was wir uns heute kaum noch vorstellen k\u00f6nnen: die Komik, der Humor, der Esprit des Ensembles. Die sechs standen nicht wie Salzs\u00e4ulen an einem Fleck und r\u00fchrten sich keinen Millimeter, Mimik und Gestik w\u00e4hrend des Singens geh\u00f6rten untrennbar zum B\u00fchnenprogramm. Wichtig ist dabei allerdings, dass die Comedian Harmonists keine Requisiten verwendeten wie es die modernen Gruppen \u00fcberwiegend machen. Ihre Komik entstand <span style=\"text-decoration: underline;\">nur<\/span> aus Mimik und Gestik.<\/p>\n<p>&nbsp;<br \/>\n<a name=\"takes\"><\/a><\/p>\n<blockquote><p><b>Warum gibt es von den meisten Titeln so viele \u201etakes\u201c?<\/b><\/p><\/blockquote>\n<p>Die Aufnahmetechnik f\u00fcr Schellackplatten war enorm aufw\u00e4ndig: Einspielungen wurden zun\u00e4chst auf Wachsplatten mitgeschnitten, die aber nicht sofort kontrolliert werden konnten. Erwin Bootz erkl\u00e4rte: \u201eSpielte man nun diese [Wachs]Platte auf einem Grammophon ab, war sie vernichtet, also zu Presszwecken nicht mehr zu gebrauchen. Wir mussten also jede Aufnahme auf Verdacht machen.\u201c Von jedem Titel wurden daher mehrere <i>takes<\/i>, mehrere Versuche aufgenommen. Anschlie\u00dfend wurden von jedem <i>take<\/i> Testpressungen hergestellt, die dann probeweise geh\u00f6rt werden konnten. Erst dabei konnte entschieden werden, welches <i>take<\/i> in den Handel gehen konnte oder ob aus technischen oder musikalischen Gr\u00fcnden Neuaufnahmen angesetzt werden mussten.<\/p>\n<p>&nbsp;<br \/>\n<a name=\"Kaktus\"><\/a><\/p>\n<blockquote><p><b>War \u201eMein kleiner gr\u00fcner Kaktus\u201c der gr\u00f6\u00dfte Hit der Comedian Harmonists?<\/b><\/p><\/blockquote>\n<p>Aus heutiger Sicht k\u00f6nnte man das vermuten \u2013 der \u201eKaktus\u201c ist heutzutage aber viel ber\u00fchmter und beliebter als er zur Zeit der Comedian Harmonists war. Die Platte mit dem Titel wurde am 15. November 1934 aufgenommen, als die Comedian Harmonists schon gar nicht mehr in Deutschland auftraten, war ein Tagesschlager von vielen und wurde hierzulande nur bis 1938 verkauft. Eine Erkennungsmelodie der Gruppe \u2013 wie er es heute ist \u2013 war \u201eMein kleiner gr\u00fcner Kaktus\u201c damals mitnichten, obwohl zumindest die S\u00e4nger die Qualit\u00e4t des Textes, der Komposition und des Arrangements erkannt haben d\u00fcrften.<\/p>\n<p>Beide Nachfolgegruppen hatten den Titel im Repertoire und hegten den \u201eKaktus\u201c weiter. Zum <em>Evergreen<\/em> hat er es damals dennoch nicht geschafft. Erst etwa 50 Jahre nach seiner Entstehung \u2013 durch die B\u00fchnenprogramme und einen Film von Otto Waalkes, der das St\u00fcck parodierte \u2013 wurde die Nummer zum \u201eNon-plus-ultra\u201c der Comedian Harmonists, zu der Melodie schlechthin, die jeder kennt, auch wenn er mit dem Namen der Interpreten nichts anzufangen wei\u00df. Das ist \u00fcbrigens ein entscheidender Grund daf\u00fcr, warum die Platte mit dem \u201ekleinen gr\u00fcnen Kaktus\u201c heute bisweilen f\u00fcr vierstellige Preise gehandelt wird. Seit der Titel durch Ottos Klamaukversion popul\u00e4r geworden ist, wollen viele Sammler eine heute sehr bekannte Platte, die sich in den 1930er Jahren kaum verkauft hat. Folglich: Geringes Angebot + gro\u00dfe Nachfrage = hohe Preise.<\/p>\n<p>&nbsp;<br \/>\n<a name=\"Schellack1\"><\/a><\/p>\n<blockquote><p><b>Was ist dann die seltenste Originalplatte der Gruppe?<\/b><\/p><\/blockquote>\n<p>Die Seltenheit von einzelnen Platten ist gar nicht so leicht zu bestimmen: Sie h\u00e4ngt nat\u00fcrlich davon ab, wie viele Exemplare in der Schellack-\u00c4ra von einer Platte verkauft wurden, aber eben auch davon, wie beliebt Platten heute sind, wie viele den Krieg \u00fcberstanden haben und wo sie urspr\u00fcnglich verkauft wurden. Die seltensten Platten der Comedian Harmonists sind aber sicher die beiden Platten der Amerikanischen Gruppe, die nur auf dem Label \u201eChant du monde\u201c ver\u00f6ffentlicht wurden. Von ihnen sind heute jeweils nur ein, zwei Exemplare in Sammlerhand bekannt. An dieser Stelle muss man auf <a title=\"Phonopassion\" href=\"http:\/\/www.phonopassion.de\/\" target=\"blank\"><strong>Andreas Schmauder<\/strong><\/a> verweisen, der durch seine Recherche verl\u00e4ssliche Angaben zu den Verkaufszahlen machen konnte.<\/p>\n<p>&nbsp;<br \/>\n<a name=\"Schellack2\"><\/a><\/p>\n<blockquote><p><b>Wie teuer sind originale Schellackplatten der Comedian Harmonists?<\/b><\/p><\/blockquote>\n<p>Die Frage ist in etwa so leicht zu beantworten wie: Was kostet ein Auto?!? Das h\u00e4ngt auch von ganz vielen Faktoren ab \u2013 ist es ein Neuwagen, ein Vorf\u00fchrer, ein Gebrauchter, ein Re-Import usw. Auch wenn Comedian-Harmonists-Platten (zum Gl\u00fcck!) in einer anderen Preisklasse gehandelt werden als Autos, ist der Vergleich gar nicht so schlecht. Bei den Schellacks ist entscheidend, wie selten, wie gesucht und wie gut oder schlecht erhalten die jeweilige Platte ist. H\u00e4ufige Titel wie \u201eDas ist die Liebe der Matrosen\u201c, der vor allem als \u201eLes gars de la marine\u201c in Frankreich ein regelrechter Verkaufsschlager war, kann man heute f\u00fcr einen geringen zweistelligen Betrag erwerben. Andere Platten, etwa der beliebte und nicht so h\u00e4ufige \u201ekleine gr\u00fcne Kaktus\u201c k\u00f6nnen 1.000 Euro und mehr kosten. Der (bislang bekannte) Spitzenpreis f\u00fcr eine Comedian-Harmonists-Platte, eine extrem seltene Werbeaufnahme mit \u201eMarie, Marie\u201c, betrug 1.500 Euro.<\/p>\n<p>&nbsp;<br \/>\n<a name=\"Schellack3\"><\/a><\/p>\n<blockquote><p><b>Wo kann man Originalplatten der Comedian Harmonists kaufen?<\/b><\/p><\/blockquote>\n<p>Neben bekannten Internetauktionsh\u00e4usern gibt es in Deutschland eine Reihe von namhaften Schellackh\u00e4ndlern, die immer wieder entsprechende Originalplatten anbieten. Auf dem Flohmarkt wird man leider nur sehr selten f\u00fcndig. Bevor man sich eine Platte oder gar mehrere anschafft, ist es sehr empfehlenswert, sich \u00fcber l\u00e4ngeren Zeitraum kundig zu machen, um nicht \u00fcberteuerte Preise f\u00fcr Allerweltsplatten zu bezahlen. Dazu kann es schon sehr hilfreich sein, Gebote bei eBay zu beobachten.<\/p>\n<p>&nbsp;<br \/>\n<a name=\"Presse\"><\/a><\/p>\n<blockquote><p><b>Wie reagierte und berichtete die Presse?<\/b><\/p><\/blockquote>\n<p>Robert Biberti sagte dazu einmal: \u201eDie Presse reagierte mit wenigen, mit ganz wenigen Ausnahmen, gro\u00dfartig.\u201c<br \/>\nEbenso meinte Erwin Bootz : \u201eWie einer mal so sch\u00f6n sagte: Sie tanzten auf ihren Schreibmaschinen.\u201c<br \/>\nDas alles trifft auf die ersten Jahre, also vor 1933, zu. Danach wurden auch politisch verrissene Kritiken aufgrund der sich zuspitzenden politischen Situation in Deutschland h\u00e4ufiger. Dabei wurde der Musikstil als &#8222;nicht mehr zeitgem\u00e4\u00df&#8220; oder &#8222;nicht zu den nationalsozialistischen Kunstauffassungen passend&#8220; angesehen.<\/p>\n<p>&nbsp;<br \/>\n<a name=\"Harry-Erna-Bob\"><\/a><\/p>\n<blockquote><p><b>Gab es die Dreiecksbeziehung Harry-Erna-Bob wie im Film von Joseph Vilsmaier wirklich?<\/b><\/p><\/blockquote>\n<p>Nein. Harry Frommermann und Erna Eggstein heirateten als erstes Paar der Gruppe bereits 1931. Die Filmfigur Erna hat mit ihr au\u00dfer dem Vornamen nichts gemeinsam! Robert Biberti lernte seine langj\u00e4hrige Freundin Hilde 1934 kennen, heiratete diese aber erst 1944.<\/p>\n<p>&nbsp;<br \/>\n<a name=\"Hochzeit\"><\/a><\/p>\n<blockquote><p><strong>Stimmt es, dass Roman und Mary Cycowski in Deutschland nicht mehr heiraten durften?<\/strong><\/p><\/blockquote>\n<p>Nein. Roman Cycowski lernte seine sp\u00e4tere Frau Maria Panzram 1929 bei Auftritten der Comedian Harmonists in K\u00f6ln kennen. Die Trauung erfolgte allerdings erst 1937 in London. Roman Cycowski erinnerte sich Jahrzehnte sp\u00e4tert: &#8222;Wir wollten ja schon 1933 heiraten, Mary war darum auch zum j\u00fcdischen Glauben \u00fcbergetreten. Aber dann kam der Hitler und seine Rassengesetze, wir mussten fliehen und in den ersten zwei Jahren war unsere materielle Lage so unsicher, dass ich mich nicht traute, Mary darum zu bitten. 1937 aber hatte sich durch den Vertrag nach Australien alles zum Guten gewendet und so haben wir versucht, in Wien zu heiraten. Ich hatte meinen \u00f6sterreichischen Pass, Mary aber war noch immer Deutsche. Ich bin also hingegangen zum Tempel, zum Rabbiner, doch der hat mir gesagt: &#8222;Mit Deutschen wollen wir nichts zu tun haben. Das ist eine gef\u00e4hrliche Geschichte.&#8220; &#8211; Und obwohl ich ihnen erkl\u00e4rte, dass sie schon seit vier Jahren zum Judentum \u00fcbergetreten sei, wollten die uns nicht verheiraten. Sie hatten Angst. Und da wir sowieso nach London mussten, weil dort das Schiff nach Australien ging, haben wir uns eben dort trauen lassen.&#8220; (Quelle: Eberhard Fechner &#8222;Die Comedian Harmonists &#8211; Sechs Lebensl\u00e4ufe&#8220;)<br \/>\nDie Rassengesetze traten erst im Herbst 1935 in Kraft, also zu einer Zeit als Roman und Mary schon in Wien waren. Warum die beiden wirklich nicht noch 1933 geheiratet haben, wissen wir heute nicht. M\u00f6glicherweise gab es Probleme mit Beamten die sich schon damals weigerten die beiden zu trauen oder es gab Komplikationen mit der Staatenlosigkeit Romans.<br \/>\nSomit waren die beiden ganze 61 Jahre verheiratet.<\/p>\n<p>&nbsp;<br \/>\n<a name=\"Juden\"><\/a><\/p>\n<blockquote><p><b>Stimmt es, dass Harry Frommermann, Erich Collin und Roman Cycowski die letzten arbeiteten Juden in Deutschland waren?<\/b><\/p><\/blockquote>\n<p>Nein. Es gab auch nach 1935 noch j\u00fcdische K\u00fcnstler in Deutschland, die ihrem Beruf (wenn auch zumeist nicht ungest\u00f6rt) nachgingen, offiziell bis 1939.<\/p>\n<p>&nbsp;<br \/>\n<a name=\"Stuttgart\"><\/a><\/p>\n<blockquote><p><b>Gab es wirklich einen Auftritt, bei dem Nazis \u201eJuden raus!\u201c w\u00e4hrend des Konzertes riefen?<\/b><\/p><\/blockquote>\n<p>Ja, das stimmt! Das war laut unseren Informationen im M\u00e4rz 1934 in der damaligen Liederhalle in Stuttgart. Dabei schrie eine Gruppe von\u00a0M\u00e4nnern diese antisemitische Hetzparole von der Empore herunter. Die Comedian Harmonists stoppten das Konzert und Robert Biberti sagte zu seinen Kollegen: \u201eRuhig, ruhig, ganz ruhig bleiben!\u201c Roman Cycowski erz\u00e4hlte gegen\u00fcber Fechner auch, man habe gro\u00dfe Angst gehabt, die Unruhestifter k\u00f6nnten verletzt oder gar den Balkon hinuntergest\u00fcrzt werden, da die Stimmung im Publikum wohl ausgesprochen angespannt war. Aufseher des Konzertsaals f\u00fchrten die Verursacher des Aufruhrs schlie\u00dflich aus dem Saal, das Konzert konnte fortgesetzt werden.<\/p>\n<p>&nbsp;<br \/>\n<a name=\"Ursula\"><\/a><\/p>\n<blockquote><p><b>Lie\u00df Erwin Bootz sich wirklich von seiner Frau w\u00e4hrend der Amerikatournee scheiden?<\/b><\/p><\/blockquote>\n<p>Nein. Er heiratete Ursula erst 1933. Die Ehe hielt tats\u00e4chlich nicht sehr lange, es sollte aber bis 1938 dauern bis sie geschieden war. Zeit seines Lebens warfen die anderen f\u00fcnf ihm vor, er habe sich von ihr nur scheiden lassen, weil sie J\u00fcdin war. Dem entgegen behauptete Erwin Bootz bis zum Schluss, er sei zum Zeitpunkt der Heirat einfach unreif gewesen.<\/p>\n<p>&nbsp;<br \/>\n<a name=\"Aktiv\"><\/a><\/p>\n<blockquote><p><b>Warum blieben die Comedian Harmonists noch so lange aktiv, obwohl abzusehen war, dass sie aufgrund der j\u00fcdischen Mitglieder nicht mehr lange zusammen auftreten durften?<\/b><\/p><\/blockquote>\n<p>Die Frage lie\u00dfe sich wohl mit einem einzigen Wort beantworten: Hoffnung. Sie hofften bis zum Schluss, dass man eine Ausnahmeregelung f\u00fcr sie finden w\u00fcrde \u2013 eben weil sie so popul\u00e4r waren und Devisen nach Deutschland brachten. Erst das Schreiben der Reichsmusikkammer vom Februar 1935 zerst\u00f6rte auch den letzten Rest an Zuversicht.<\/p>\n<p>&nbsp;<br \/>\n<a name=\"Wiedersehen\"><\/a><\/p>\n<blockquote><p><b>Haben sich die Comedian Harmonists wirklich nie mehr wieder gesehen?<\/b><\/p><\/blockquote>\n<p>Gerade das dramatische Ende des Films von Joseph Vilsmaier suggeriert dem Zuschauer, die Comedian Harmonists h\u00e4tten sich nie wiedergesehen. Zwar kam es nie zu einem gemeinsamen Treffen aller Gruppenmitglieder, aber untereinander gab es durchaus Kontakte und auch einige wenige Besuche. So hielten die emigrierten Mitglieder Erich Collin, Roman Cycowski und Harry Frommermann immer Kontakt zueinander, \u00e4hnlich die in Deutschland gebliebenen Robert Biberti und Erwin Bootz. Auch zwischen den 1935 Getrennten gab es zum Teil rege Briefwechsel &#8211; etwa zwischen Frommermann und Biberti, die sich jahrelang dar\u00fcber stritten, wer die Comedian Harmonists gegr\u00fcndet habe. Nur zu Leschnikoff gab es kaum Kontakt, was vor allem daran gelegen haben d\u00fcrfte, dass er im kommunistischen Bulgarien lebte. Mit Bootz korrespondierte er, mit Biberti kam keine Verbindung mehr zustande. Dieser lehnte jeglichen Kontakt zu Leschnikoff ab, dem er die Schuld am Ende des Meister-Sextetts gab. Zu dem 1975 geplanten Revival der Comedian Harmonists, einer Wiedervereinigung aller Gruppenmitglieder (bis auf den bereits verstorbenen Erich Collin, der durch Alfred Grunert ersetzt werden sollte) f\u00fcr einen gemeinsamen Auftritt, kam es leider nie.<\/p>\n<p>&nbsp;<br \/>\n<a name=\"Noten\"><\/a><\/p>\n<blockquote><p><b>Wo kann man Originalnoten der Comedian Harmonists bekommen?<\/b><\/p><\/blockquote>\n<p>Die heute erh\u00e4ltlichen Noten f\u00fcr verschiedene Besetzungen sind <a title=\"Noten\" href=\"http:\/\/www.comedian-harmonists.net\/?page_id=443\" target=\"blank\"><strong>hier<\/strong><\/a> auf der Website gelistet. Nur die vier Hefte des Gustav-Bosse-Verlags \u201eComedian Harmonists: Das Original\u201c sind aber tats\u00e4chlich Rekonstruktionen der urspr\u00fcnglichen Arrangements. F\u00fcr andere Titel muss man sich an Musiker seines Vertrauens wenden oder \u2013 wie viele Nachahmer das m\u00fchevoll getan haben \u2013 die alten Aufnahmen Note f\u00fcr Note abh\u00f6ren.<br \/>\n&nbsp;<\/p>\n","protected":false},"excerpt":{"rendered":"<p>von Dominik David &nbsp; Im Folgenden sollen einige interessante und wissenswerte Fakten sowie Kurioses erl\u00e4utert werden. Dabei werden auch einige Ger\u00fcchte und Missverst\u00e4ndnisse aufgegriffen, die sich auch nach \u00fcber 80&hellip; <\/p>\n","protected":false},"author":2,"featured_media":0,"parent":15,"menu_order":9,"comment_status":"closed","ping_status":"closed","template":"","meta":{"footnotes":""},"class_list":["post-408","page","type-page","status-publish","hentry"],"_links":{"self":[{"href":"https:\/\/www.comedian-harmonists.net\/index.php?rest_route=\/wp\/v2\/pages\/408","targetHints":{"allow":["GET"]}}],"collection":[{"href":"https:\/\/www.comedian-harmonists.net\/index.php?rest_route=\/wp\/v2\/pages"}],"about":[{"href":"https:\/\/www.comedian-harmonists.net\/index.php?rest_route=\/wp\/v2\/types\/page"}],"author":[{"embeddable":true,"href":"https:\/\/www.comedian-harmonists.net\/index.php?rest_route=\/wp\/v2\/users\/2"}],"replies":[{"embeddable":true,"href":"https:\/\/www.comedian-harmonists.net\/index.php?rest_route=%2Fwp%2Fv2%2Fcomments&post=408"}],"version-history":[{"count":85,"href":"https:\/\/www.comedian-harmonists.net\/index.php?rest_route=\/wp\/v2\/pages\/408\/revisions"}],"predecessor-version":[{"id":1203,"href":"https:\/\/www.comedian-harmonists.net\/index.php?rest_route=\/wp\/v2\/pages\/408\/revisions\/1203"}],"up":[{"embeddable":true,"href":"https:\/\/www.comedian-harmonists.net\/index.php?rest_route=\/wp\/v2\/pages\/15"}],"wp:attachment":[{"href":"https:\/\/www.comedian-harmonists.net\/index.php?rest_route=%2Fwp%2Fv2%2Fmedia&parent=408"}],"curies":[{"name":"wp","href":"https:\/\/api.w.org\/{rel}","templated":true}]}}