{"id":521,"date":"2014-02-26T23:10:45","date_gmt":"2014-02-26T21:10:45","guid":{"rendered":"http:\/\/www.comedian-harmonists.net\/?page_id=521"},"modified":"2021-11-08T17:39:07","modified_gmt":"2021-11-08T15:39:07","slug":"hans-rexeis","status":"publish","type":"page","link":"https:\/\/www.comedian-harmonists.net\/?page_id=521","title":{"rendered":"Hans Rexeis"},"content":{"rendered":"<p><strong>von Broody<\/strong><br \/>\n&nbsp;<\/p>\n<h5>\n<p style=\"text-align: center;\">Johann (\u201e<span style=\"text-decoration: underline;\">Hans<\/span>\u201c) REXEIS<\/p>\n<\/h5>\n<p>&nbsp;<br \/>\n<b>* 30.12.1901 in Lannach bei Graz (\u00d6sterreich)<br \/>\n\u2020 6.6.1980 in Vorau (\u00d6sterreich)<\/b><br \/>\n&nbsp;<br \/>\nDer \u00d6sterreicher Hans Rexeis entstammte einer katholischen Familie. Sein Vater Johann war Geigenbauer und \u2013lehrer, die Mutter hie\u00df Maria. Sein j\u00fcngerer Bruder Gottfried war Konzertmeister der Plattenfirmen \u201eDeutsche Grammophon\u201c und \u201eUltraphon\u201c in Berlin und nach dem Krieg in Graz Professor am Konservatorium, wo er Geige unterrichtete.<br \/>\nHans Rexeis hatte Ende der 1920er Jahre auf Vermittlung seines Bruders an der Musikhochschule Berlin Geige und Gesang bei Max Barth studiert. Daher kannte er Roman Cycowski und m\u00f6glicherweise auch Erich Collin. Rexeis spielte Violine im Orchester der Staatsoper in Graz und war danach Stehgeiger in Berlin, Wien, Graz, Linz und K\u00f6nigsberg in Ostpreu\u00dfen. Daneben machte er auch Schallplattenaufnahmen auf Elite Spezial und Electrola mit der Kapelle Eugen Jahn.<br \/>\nMit seiner Verlobten Theresia Parfuhs (* 20.10.1901 &#8211; \u2020 22.10.1983) hatte Hans Rexeis eine gemeinsame Tochter Veronika (\u201eVera\u201c) die nach unterschiedlichen Quellen am 25.10.1919 oder am 13.10.1920 geboren wurde. Am 18. Juli 1923 heirateten Hans Rexeis und Theresia Parfuhs in Graz.<br \/>\nIn den Jahren 1933\/34 machte Hans Rexeis einige Aufnahmen als Tenor f\u00fcr das Label Brillant Special. Dazu geh\u00f6ren die Titel \u201cBella Venezia\u201d mit dem Orchester Hans Schindler, die Schubert-Lieder \u201eLeise flehen meine Lieder\u201c und \u201eIch schnitt es gern in alle Rinden ein\u201c sowie \u201eSchenkt man sich Rosen in Tirol\u201c mit der Kapelle Eugen Jahn. Dar\u00fcber hinaus entstanden 1933 auch  mehrere Aufnahmen f\u00fcr das Label Longophon, darunter \u201eAn der Donau, wenn der Wein bl\u00fcht\u201c, \u201eTausend Sterne leuchten in der blauen Fr\u00fchlingsnacht\u201c, \u201eIn Deine H\u00e4nde\u2026\u201c und \u201eSch\u00f6n ist jeder Tag, den Du mir schenkst, Marie-Luise\u201c, begleitet vom Orchester Gerhard Hoffmann. Bei der Aufnahme \u201eUngeduld\u201c aus \u201eDie sch\u00f6ne M\u00fcllerin\u201c wurde Hans Rexeis vom Orchester Friedel Rexeis begleitet, das von seinem Bruder Gottfried geleitet wurde . 1934 erschienen die Filmtitel \u201eTausend rote Rosen bl\u00fchn\u201c und \u201eEin Walzer f\u00fcr Dich\u201c auf Brillant Special.<br \/>\nAb Fr\u00fchjahr 1935 war Hans Rexeis erster Tenor der in Wien gegr\u00fcndeten Comedy Harmonists, wahrscheinlich auf Vermittlung von Roman Cycowski. Seine Ehefrau Theresia begleitete die Gruppe jedoch nicht auf ihren Auslandstourneen und blieb mit der Tochter zu Hause. 1939 lebten sie in Ovada (Italien). Hans Rexeis versuchte, f\u00fcr seine Familie Einreisevisa nach Australien zu bekommen.<br \/>\nNach der Aufl\u00f6sung der Gruppe im Fr\u00fchjahr 1941 blieb Hans Rexeis zun\u00e4chst \u2013 ebenso wie Harry Frommermann und Rudolf Mayreder \u2013 in New York. Im April 1941 entstanden dort acht Aufnahmen f\u00fcr die Marke Victor mit Orchesterbegleitung: \u201eEs ist nicht f\u00fcr lang\u201c, \u201eHalli-Hallo-Halli\u201c, \u201eH\u00fchnerhof\u201c, \u201eLudwig-Ludwig\u201c, \u201eDie Postkutsche\u201c, \u201eDas Kreuz bei der Fichte\u201c, \u201eDer Scherenschleifer\u201c und \u201eWenn der Kuckuck ruft\u201c. Danach ging Hans Rexeis nach Kuba, wo er bis 1946 als Musiklehrer t\u00e4tig war. W\u00e4hrend dieser Zeit bem\u00fchte er sich um seine Einb\u00fcrgerung in die USA. Anschlie\u00dfend ging er aus nicht bekannten Gr\u00fcnden nach Italien und gr\u00fcndete in Genua eine Gesangsschule, die \u201eScuola di Canto\u201c in der Via Davide Chiossone 1-2, wo er lange Jahre als Musiklehrer t\u00e4tig war. Er lebte 1961 in Genua in der Via A. Crocco 3 B. Ein schweres Augenleiden zwang ihn ab den 1970er Jahren zu immer neuen Operationen, die seine schwindende Sehkraft aber nicht wiederherzustellen vermochten. Zuletzt lie\u00df er sich in der Schweiz behandeln, jedoch ohne Erfolg. Die medizinischen Behandlungen kosteten ihn sein gesamtes Geld. Da er noch immer die \u00f6sterreichische Staatsb\u00fcrgerschaft besa\u00df, jedoch seinen Lebensunterhalt nun nicht mehr aus eigener Kraft bestreiten konnte, wurde der v\u00f6llig mittellose 78-j\u00e4hrige Hans Rexeis im Dezember 1979 nach \u00d6sterreich ausgewiesen. Er lebte mit seiner Frau noch ein halbes Jahr in einem Altenheim in Birkfeld in der N\u00e4he von Graz.<br \/>\nHans Rexeis starb am 6. Juni 1980, geistig verwirrt und fast vollst\u00e4ndig erblindet, in einem Krankenhaus in Vorau in \u00d6sterreich. Er wurde in Birkfeld bestattet.<br \/>\nDie Ehefrau von Hans Rexeis verstarb 1983 in \u00d6sterreich und wurde neben ihrem Ehemann beigesetzt. Seine Tochter hatte Ende der 1950er Jahre in die Schweiz geheiratet und verstarb dort im Jahr 2004.<br \/>\nDer \u00e4ltere Bruder von Hans Rexeis, Josef (1899\u20131994), war Ringk\u00e4mpfer und errang mehrere Meistertitel. Sp\u00e4ter war er als Fleischh\u00e4ndler t\u00e4tig. Ein j\u00fcngerer Bruder (geboren ca. 1907) war von Geburt an geistig behindert und fiel 1942 in der Euthanasieanstalt Schloss Hartheim bei Linz der sogenannten \u201eT4-Aktion\u201c der Nationalsozialisten zur Ausrottung \u201eunwerten Lebens\u201c zum Opfer.<\/p>\n<p>Im Jahr 2009 ver\u00f6ffentlichte der \u00f6sterreichische Sammler und Kenner der Comedian Harmonists, Michael Hortig, in der \u201eFOX auf 78\u201c einen Artikel \u00fcber Hans Rexeis unter dem Titel \u201eThe Lost Harmonist\u201c.<\/p>\n<p>&nbsp;<\/p>\n<hr width=\"100%\" size=\"2\" align=\"center\">\n<p style=\"text-align: center;\">Unter Verwendung von Nachl\u00e4ssen und <a href=\"http:\/\/www.comedian-harmonists.net\/?page_id=30\" title=\"Literatur\"><strong>publizierten Quellen<\/strong><\/a>.<\/p>\n<p>&nbsp;<\/p>\n","protected":false},"excerpt":{"rendered":"<p>von Broody &nbsp; Johann (\u201eHans\u201c) REXEIS &nbsp; * 30.12.1901 in Lannach bei Graz (\u00d6sterreich) \u2020 6.6.1980 in Vorau (\u00d6sterreich) &nbsp; Der \u00d6sterreicher Hans Rexeis entstammte einer katholischen Familie. Sein Vater&hellip; <\/p>\n","protected":false},"author":1,"featured_media":0,"parent":509,"menu_order":0,"comment_status":"closed","ping_status":"closed","template":"","meta":{"footnotes":""},"class_list":["post-521","page","type-page","status-publish","hentry"],"_links":{"self":[{"href":"https:\/\/www.comedian-harmonists.net\/index.php?rest_route=\/wp\/v2\/pages\/521","targetHints":{"allow":["GET"]}}],"collection":[{"href":"https:\/\/www.comedian-harmonists.net\/index.php?rest_route=\/wp\/v2\/pages"}],"about":[{"href":"https:\/\/www.comedian-harmonists.net\/index.php?rest_route=\/wp\/v2\/types\/page"}],"author":[{"embeddable":true,"href":"https:\/\/www.comedian-harmonists.net\/index.php?rest_route=\/wp\/v2\/users\/1"}],"replies":[{"embeddable":true,"href":"https:\/\/www.comedian-harmonists.net\/index.php?rest_route=%2Fwp%2Fv2%2Fcomments&post=521"}],"version-history":[{"count":8,"href":"https:\/\/www.comedian-harmonists.net\/index.php?rest_route=\/wp\/v2\/pages\/521\/revisions"}],"predecessor-version":[{"id":1865,"href":"https:\/\/www.comedian-harmonists.net\/index.php?rest_route=\/wp\/v2\/pages\/521\/revisions\/1865"}],"up":[{"embeddable":true,"href":"https:\/\/www.comedian-harmonists.net\/index.php?rest_route=\/wp\/v2\/pages\/509"}],"wp:attachment":[{"href":"https:\/\/www.comedian-harmonists.net\/index.php?rest_route=%2Fwp%2Fv2%2Fmedia&parent=521"}],"curies":[{"name":"wp","href":"https:\/\/api.w.org\/{rel}","templated":true}]}}