{"id":525,"date":"2014-02-26T23:13:06","date_gmt":"2014-02-26T21:13:06","guid":{"rendered":"http:\/\/www.comedian-harmonists.net\/?page_id=525"},"modified":"2016-05-16T16:45:40","modified_gmt":"2016-05-16T14:45:40","slug":"fritz-kramer","status":"publish","type":"page","link":"https:\/\/www.comedian-harmonists.net\/?page_id=525","title":{"rendered":"Fritz Kramer"},"content":{"rendered":"<p><strong>von Broody<\/strong><br \/>\n&nbsp;<\/p>\n<h5>\n<p style=\"text-align: center;\">Dr. Friedrich (\u201e<span style=\"text-decoration: underline;\">Fritz<\/span>\u201c) KRAMER<\/h5>\n<\/p>\n<p><b>* 12.11.1904 in Wien<br \/>\n\u2020 15.02.1988 in New York<\/b><br \/>\n&nbsp;<br \/>\nFritz Kramer wurde am 12. November 1904 in Wien als Sohn j\u00fcdischer Eltern geboren. Er studierte Musik am Wiener Konservatorium bei Richard Robert (Klavier), Otto Stieglitz (Cello), Otto Berg (Komposition) und Rudolf Nilius (Dirigieren).<br \/>\nFritz Kramer war Pianist und Repetitor an der Volksoper Wien, Anfang der 1930er Jahre geh\u00f6rte er zum Orchester am Wiener Scala-Theater unter Hanns Robert Korngold. Hier soll er auch gemeinsam mit Paul Weiss an der Komposition zu dem musikalischen Lustspiel \u201eSie, Johann \u2026 !\u201c von Ernst Behrendt und Fritz Gr\u00fcnbaum beteiligt gewesen sein. Fritz Kramer heiratete in erster Ehe Herma Gertrude (\u201eGerti\u201c) Kramer (*1901).<br \/>\nIm Sommer 1937 wurde ihm die Stelle als Pianist der Comedy Harmonists angeboten, als Ersatz f\u00fcr Ernst Engel, der wegen pers\u00f6nlicher Probleme in Paris ausschied. Sein erstes Konzert mit der Gruppe hatte Fritz Kramer am 22. Juli 1937 im australischen Perth im \u201eHis Majesty\u2019s Theatre\u201c. Kurz danach infizierte er sich in Australien mit Gelbsucht. 1938 wohnte Familie Kramer in Wien in der Invalidenstr. 17. Nach der Flucht der Comedy Harmonists aus Wien wohnten sie in London, Harley Road 5. Seine Frau Gerti begleitete ihn auf den Tourneen durch Australien, S\u00fcd- und Nordamerika.<\/p>\n<p>Wie auch mehrere andere Mitglieder der Comedy Harmonists besch\u00e4ftigte sich auch Fritz Kramer nach der Aufl\u00f6sung der Gruppe im Fr\u00fchjahr 1941 weiter mit Musik. Er lebte zun\u00e4chst in Sugar Hill im Norden des Staates Washington und ging dann gemeinsam mit Hans Rexeis nach Kuba, um von dort aus seine Einb\u00fcrgerung in die USA zu betreiben. Bis 1946 war er dort als Konzertpianist und Musiklehrer sowie als Leiter der Musikabteilung des Buena Vista College in Havanna t\u00e4tig und schrieb die Musik f\u00fcr H\u00f6rspiele eines Radiosenders. In Havanna traf Fritz Kramer den Kubaner Aurelio de la Vega wieder, Dozent am Musikinstitut \u201eAda Inglesias\u201c, den er bereits am Wiener Konservatorium kennengelernt hatte. De la Vega war sp\u00e4ter ein bekannter Komponist und nach einem Studium der Au\u00dfenpolitik Kulturattach\u00e9 des kubanischen Konsulats in Los Angeles. Nach der R\u00fcckkehr in die USA begleitete Fritz Kramer in den folgenden Jahren namhafte Solisten am Klavier. Zum Jahreswechsel 1946\/47 trat er gemeinsam mit der farbigen Operns\u00e4ngerin Camilla Williams vom New Yorker Opernhaus mit Liedern von Mozart, Schubert, Brahms und Bizet auf und spielte solistische Ausz\u00fcge aus Tschaikowskis \u201eNussknacker-Suite\u201c. Auch der Tenor Ferruccio Tagliavini wurde von Fritz Kramer gemeinsam mit dem Geiger Jascha Veissi begleitet. Am Jahresende 1947 ging Kramer mit dem aus \u00d6sterreich stammenden Bariton Igor Gorin, den er wahrscheinlich schon aus seiner Zeit in Wien kannte, auf Tournee. Bei der mehrmonatigen Konzertreise, die sie auch in acht St\u00e4dte Kanadas f\u00fchrte, begleitete Fritz Kramer Opernarien von Brahms, H\u00e4ndel, Debussy und Moussorgski, aber auch Lieder von Komponisten wie Benjamin Britten und Heitor Villa-Lobos, und pr\u00e4sentierte eigene Solo-Interpretationen von Brahms und Chopin sowie den Strauss-Walzer \u201eG\u2019schichten aus dem Wiener Wald\u201c. 1947\/48 trat er zusammen mit einer Harfenistin als Begleiter f\u00fcr die Rezitative der K\u00fcnstlerin Michael Strange auf.<br \/>\nAm 11. Dezember 1950 wurde Fritz Kramer in die USA eingeb\u00fcrgert. In den folgenden Jahren war er Klavierlehrer in New York, unter anderem an der New York University. Er wohnte in der West End Avenue 255 und stand in pers\u00f6nlichem Kontakt zu Harry Frohman und Rudolf Mayreder. 1952 lernte Fritz Kramer seine sp\u00e4tere zweite Ehefrau Eleonore (* 23.04.1926) kennen, die in New York lebte und auf der Suche nach einem Gesangslehrer war. Die gelernte Kinderg\u00e4rtnerin aus Polen war 1945 vor den herannahenden russischen Truppen geflohen und sp\u00e4ter nach Amerika emigriert. Am 23. Februar 1952 trat Fritz Kramer in der New Yorker Town Hall bei einem Kurt-Weill-Ged\u00e4chtnisabend im Duett mit dem Pianisten Walter Joseph auf, der 1931 kurzzeitig Pianist der urspr\u00fcnglichen Comedian Harmonists war. Beide begleiteten abwechselnd verschiedene S\u00e4nger zu 11 St\u00fccken aus Weills \u201eDreigroschenoper\u201c. Im April 1952 \u00fcbernahm Fritz Kramer die Klavierbegleitung der argentinischen Sopranistin Regina Taddia zu Opernarien aus \u201eDie Zauberfl\u00f6te\u201c, \u201eDie Hochzeit des Figaro\u201c, \u201eLa Boheme\u201c sowie zu Liedern s\u00fcdamerikanischer Komponisten. Im selben Jahr f\u00fchrte er mit der Geigerin Olive Kailasam Lieder von Schubert und Saint Saens auf. 1953 begleitete er die aus Ungarn stammende Schauspielerin Ilona Massey zu Liedern von Franz Lehar.<\/p>\n<p>Mitte der 1950er Jahre wurde in Erw\u00e4gung gezogen, Fritz Kramer als Pianist f\u00fcr die geplante neue amerikanische Gruppe von Erich Collin einzusetzen. Auch eine eigene Gruppe Frohmans unter Mitwirkung von Rudolf Mayreder war vor\u00fcbergehend im Gespr\u00e4ch. All diese Pl\u00e4ne zerschlugen sich aber, weil Kramer vertraglich gebunden war.<br \/>\n1956 leitete Fritz Kramer gemeinsam mit Franzi Ascher 15 w\u00f6chentliche Opernkonzerte der New School of Music in New York. Ende der 1950er Jahre begleitete er Chorkonzerte in New York am Klavier. Au\u00dferdem war Fritz Kramer f\u00fcr die K\u00fcnstleragentur von Sol Hurok, der schon die Konzerttournee der Comedy Harmonists in den USA organisiert hatte, als Klavierbegleiter ber\u00fchmter Geiger wie dem Franzosen Zino Francescatti, dem polnisch-j\u00fcdischen Solisten Henryk Szeryng sowie von Yehudi Menuhin t\u00e4tig. 1961 heiratete Fritz Kramer seine zweite Frau Eleonore. Im selben Jahr begleitete er den Tenor Marco Sorisio und dessen Bruder Roberto (Bariton) bei einem Konzert in New York am Klavier. Zwischen 1961 und 1965 leitete Fritz Kramer f\u00fcr die New Yorker Philharmonische Gesellschaft im Lincoln-Center zahlreiche einw\u00f6chige Theoriekurse (pre-philharmonic lectures). Ab 1965 bis zu seinem Tod wirkte er als Doktor der Musikwissenschaft an der Manhattan School of Music und lehrte neben Musikwissenschaft auch Musikgeschichte und -literatur. Bei ihm studierte unter anderem Richard A. Gradone, sp\u00e4ter Professor f\u00fcr Musik an der New York University. 1966 begleitete Fritz Kramer die Altistin Lione Jodis am Piano. Er unterrichtete auch Privatsch\u00fcler wie den sp\u00e4teren Komponisten, Computermusiker und Professor f\u00fcr Musik Neil Burton Rolnick sowie den Dirigenten William Shoucair, Gr\u00fcnder und Direktor des Dorchester Symphony Orchestra und des Jamaica Plain Symphony Orchestra. Daneben nahm Fritz Kramer an Musikfestivals in Wien, Salzburg, Z\u00fcrich und Edinburgh teil und gestaltete mehrere Jahre lang die Wagner-Festspiele in Bayreuth und Seattle mit. Er hielt auch Vortr\u00e4ge \u00fcber Musik und wirkte von 1982 bis 1988 zus\u00e4tzlich an einem Musik-College in New York. Zudem war er weiter solistisch t\u00e4tig und gab Abende mit Kompositionen von Franz Schubert bis Cole Porter. In den Sommermonaten kehrte er immer wieder nach Sugar Hill zur\u00fcck, besuchte aber auch regelm\u00e4\u00dfig seine Heimat \u00d6sterreich, wo er sich auch mit Rudolf Mayreder traf.<br \/>\nFritz Kramer verstarb am 15. Februar 1988 in New York.<br \/>\nErst nach seinem Tod wurde im Mai 1989 die Kinderoper \u201eOne Day In The Woods\u201c nach dem Kinderbuch der Schriftstellerin Jean Craighead George uraufgef\u00fchrt, vertont von Fritz Kramer nach Motiven von Strauss und Wagner.<br \/>\nEleonore Kramer starb im Sommer 2012. Ihre Asche wurde gemeinsam mit der von Fritz Kramer in Sugar Hill beigesetzt. Sie hinterlie\u00df den North Country Chamber Players eine betr\u00e4chtliche Spende zur Gestaltung von Schulkonzerten und zur Unterst\u00fctzung junger Musiker.<\/p>\n<p>&nbsp;<\/p>\n<hr align=\"center\" size=\"2\" width=\"100%\">\n<p style=\"text-align: center;\">Unter Verwendung von Nachl\u00e4ssen und <a href=\"http:\/\/www.comedian-harmonists.net\/?page_id=30\" title=\"Literatur\"><strong>publizierten Quellen<\/strong><\/a>.<\/p>\n<p>&nbsp;<\/p>\n","protected":false},"excerpt":{"rendered":"<p>von Broody &nbsp; Dr. Friedrich (\u201eFritz\u201c) KRAMER * 12.11.1904 in Wien \u2020 15.02.1988 in New York &nbsp; Fritz Kramer wurde am 12. November 1904 in Wien als Sohn j\u00fcdischer Eltern&hellip; <\/p>\n","protected":false},"author":1,"featured_media":0,"parent":509,"menu_order":0,"comment_status":"closed","ping_status":"closed","template":"","meta":{"footnotes":""},"class_list":["post-525","page","type-page","status-publish","hentry"],"_links":{"self":[{"href":"https:\/\/www.comedian-harmonists.net\/index.php?rest_route=\/wp\/v2\/pages\/525","targetHints":{"allow":["GET"]}}],"collection":[{"href":"https:\/\/www.comedian-harmonists.net\/index.php?rest_route=\/wp\/v2\/pages"}],"about":[{"href":"https:\/\/www.comedian-harmonists.net\/index.php?rest_route=\/wp\/v2\/types\/page"}],"author":[{"embeddable":true,"href":"https:\/\/www.comedian-harmonists.net\/index.php?rest_route=\/wp\/v2\/users\/1"}],"replies":[{"embeddable":true,"href":"https:\/\/www.comedian-harmonists.net\/index.php?rest_route=%2Fwp%2Fv2%2Fcomments&post=525"}],"version-history":[{"count":14,"href":"https:\/\/www.comedian-harmonists.net\/index.php?rest_route=\/wp\/v2\/pages\/525\/revisions"}],"predecessor-version":[{"id":625,"href":"https:\/\/www.comedian-harmonists.net\/index.php?rest_route=\/wp\/v2\/pages\/525\/revisions\/625"}],"up":[{"embeddable":true,"href":"https:\/\/www.comedian-harmonists.net\/index.php?rest_route=\/wp\/v2\/pages\/509"}],"wp:attachment":[{"href":"https:\/\/www.comedian-harmonists.net\/index.php?rest_route=%2Fwp%2Fv2%2Fmedia&parent=525"}],"curies":[{"name":"wp","href":"https:\/\/api.w.org\/{rel}","templated":true}]}}