{"id":81,"date":"2013-09-27T03:21:29","date_gmt":"2013-09-27T01:21:29","guid":{"rendered":"http:\/\/www.comedian-harmonists.net\/?page_id=81"},"modified":"2016-10-11T09:34:28","modified_gmt":"2016-10-11T07:34:28","slug":"amerikanische-gruppe","status":"publish","type":"page","link":"https:\/\/www.comedian-harmonists.net\/?page_id=81","title":{"rendered":"Amerikanische Gruppe"},"content":{"rendered":"<h3>Chronologie<\/h3>\n<p><strong>von Broody<\/strong><br \/>\n&nbsp;<\/p>\n<h3 align=\"center\">1947<\/h3>\n<p>&nbsp;<\/p>\n<ul>\n<li>Der mittlerweile 48-j\u00e4hrige <span style=\"text-decoration: underline;\"><a href=\"http:\/\/www.comedian-harmonists.net\/?page_id=1475#COLLIN\" title=\"Eric A. Collin Biographie\"><strong>Erich (Eric) Collin<\/strong><\/a><\/span>, der seit Mitte 1947 arbeitslos ist, sucht geeignete S\u00e4nger und stellt eine <strong>neue Formation mit dem Namen \u201eComedian Harmonists\u201c<\/strong> auf, die au\u00dfer ihm ausschlie\u00dflich aus j\u00fcngeren amerikanischen S\u00e4ngern besteht. Roman Cycowski lehnt die Mitwirkung wegen seiner Festanstellung als Kantor ab, ebenso Harry Frohman, der zu dieser Zeit noch beim RIAS Berlin besch\u00e4ftigt ist. Beide stimmen jedoch der Benutzung des Namens \u201eComedian Harmonists\u201c zu. Die Arrangements besorgt zun\u00e4chst Bert Reisfeld.<\/li>\n<li>Die n\u00e4heren Umst\u00e4nde der Gr\u00fcndungsphase sind nicht bekannt. Zur neuen Formation geh\u00f6ren der erste Tenor <span style=\"text-decoration: underline;\"><a href=\"http:\/\/www.comedian-harmonists.net\/?page_id=1475#BIXLER\" title=\"Fred Bixler Biographie\"><strong>Fred Bixler<\/strong><\/a><\/span> (32), der zweite Tenor <span style=\"text-decoration: underline;\"><a href=\"http:\/\/www.comedian-harmonists.net\/?page_id=1475#POLLACK\" title=\"Murray Pollack Biographie\"><strong>Murray Pollack<\/strong><\/a><\/span> (29), der Tenor-Buffo <span style=\"text-decoration: underline;\"><a href=\"http:\/\/www.comedian-harmonists.net\/?page_id=1475#SHUTEROFF\" title=\"Nicholas Shuteroff Biographie\"><strong>Nicholas Shuteroff<\/strong><\/a><\/span> (33), Erich Collin als Bariton, <span style=\"text-decoration: underline;\"><a href=\"http:\/\/www.comedian-harmonists.net\/?page_id=1475#ATKINS\" title=\"Arthur Atkins Biographie\"><strong>Arthur Atkins<\/strong><\/a><\/span> (35) als Bass und <span style=\"text-decoration: underline;\"><a href=\"http:\/\/www.comedian-harmonists.net\/?page_id=1475#CATHCART\" title=\"Jack Cathcart Biographie\"><strong>Jack Cathcart<\/strong><\/a><\/span> (36) am Piano. Cathcart \u00fcbernimmt auch das Arrangieren und leitet die Proben.<\/li>\n<li>Die Gruppe tritt am Jahresende mit dem <strong>Programm \u201eFrom Classics to Jazz\u201c<\/strong> in Kalifornien auf. Vom Repertoire der urspr\u00fcnglichen Comedian Harmonists wird nur der Titel \u201eDas ist die Liebe der Matrosen\u201c weiter verwendet. Die St\u00fccke sind stilistisch meist am aktuellen Swing orientiert.<\/li>\n<\/ul>\n<p>&nbsp;<\/p>\n<h3 align=\"center\">1948<\/h3>\n<p><strong>September<\/strong><\/p>\n<ul>\n<li>Beginn einer Europa-Tournee, Auftritte in Stockholm und Helsinki.<\/li>\n<li>Der w\u00e4hrend der \u00dcberfahrt von Finnland nach Norwegen an akuten Magengeschw\u00fcren erkrankte Shuteroff stirbt am 20. September in einem Krankenhaus in Bergen.<\/li>\n<li>Collin bef\u00fcrchtet den Abbruch der Tournee und die damit verbundene Konventionalstrafe. Er telegrafiert am selben Tag an Harry Frohman, der seit Anfang des Jahres in der Schweiz lebt: \u201eWant you to join us immediately.\u201c<\/li>\n<li><span style=\"text-decoration: underline;\"><a href=\"http:\/\/www.comedian-harmonists.net\/?page_id=1475#FROHMAN\" title=\"Harry Frohman Biographie\"><strong>Harry Frohman<\/strong><\/a><\/span> (40) fliegt unverz\u00fcglich nach Oslo, wo die Gruppe gerade auftritt.<\/li>\n<\/ul>\n<p><strong>Oktober<\/strong><\/p>\n<ul>\n<li><strong>Erster Auftritt in der Besetzung mit Frohman<\/strong> im d\u00e4nischen Slagelse am 6. Oktober. Weitere Auftritte in Aarhus und Kopenhagen. Frohman steuert auch wieder eigene Arrangements bei, so den \u201eHummelflug\u201c von Rimski-Korsakow.<\/li>\n<\/ul>\n<p><strong>Dezember<\/strong><\/p>\n<ul>\n<li>Auftritte in Br\u00fcssel und im Club des Champs Elys\u00e9es in Paris.<\/li>\n<\/ul>\n<p>&nbsp;<\/p>\n<h3 align=\"center\">1949<\/h3>\n<p><strong>Januar<\/strong><\/p>\n<ul>\n<li>Konzerte in Paris, im Casino von Chaudfontaine bei L\u00fcttich, weitere Auftritte in Den Haag und Rotterdam.<\/li>\n<\/ul>\n<p><strong>Februar<\/strong><\/p>\n<ul>\n<li>Konzerte in Basel und Z\u00fcrich.<\/li>\n<li>Aufnahme von 6 Titeln f\u00fcr das Label Chant du Monde am 8. Februar in Basel.<\/li>\n<\/ul>\n<p><strong>M\u00e4rz<\/strong><\/p>\n<ul>\n<li>Konzerte in Florenz, Rom und Mailand.<\/li>\n<li>Wegen Disziplinschwierigkeiten der neuen Mitglieder und weil ein neues Repertoire nicht schnell genug zustande kommt, <strong>trennt sich die Gruppe<\/strong> in Mailand am Ende der Tournee. Ein Angebot f\u00fcr eine weitere sechsmonatige Konzerttournee wird ausgeschlagen. Frohman will verhindern, dass der Name \u201eComedian Harmonists\u201c Schaden erleidet, und zieht seine Einwilligung zur Namensnutzung zur\u00fcck. Er bleibt in Italien, w\u00e4hrend Erich Collin zu seiner Familie nach Kalifornien zur\u00fcckkehrt.<\/li>\n<li>Biberti in einem Brief an Imlau 1949: <em>\u201eIch h\u00e4tte es gern gesehen, wenn meine alten Kollegen Erfolg gehabt h\u00e4tten. Eine bedeutende Sch\u00e4digung des Namens, die in der Schweiz und in Skandinavien bestimmt noch sehr lange nachwirkt, w\u00e4re so vermieden worden.\u201c<\/em><\/li>\n<\/ul>\n<p>&nbsp;<\/p>\n<hr align=\"center\" size=\"2\" width=\"100%\">\n<p style=\"text-align: center;\">Unter Verwendung von Nachl\u00e4ssen und <a href=\"http:\/\/www.comedian-harmonists.net\/?page_id=30\" title=\"Literatur\"><strong>publizierten Quellen<\/strong><\/a>.<\/p>\n<p>&nbsp;<\/p>\n","protected":false},"excerpt":{"rendered":"<p>Chronologie von Broody &nbsp; 1947 &nbsp; Der mittlerweile 48-j\u00e4hrige Erich (Eric) Collin, der seit Mitte 1947 arbeitslos ist, sucht geeignete S\u00e4nger und stellt eine neue Formation mit dem Namen \u201eComedian&hellip; <\/p>\n","protected":false},"author":1,"featured_media":0,"parent":18,"menu_order":4,"comment_status":"closed","ping_status":"closed","template":"","meta":{"footnotes":""},"class_list":["post-81","page","type-page","status-publish","hentry"],"_links":{"self":[{"href":"https:\/\/www.comedian-harmonists.net\/index.php?rest_route=\/wp\/v2\/pages\/81","targetHints":{"allow":["GET"]}}],"collection":[{"href":"https:\/\/www.comedian-harmonists.net\/index.php?rest_route=\/wp\/v2\/pages"}],"about":[{"href":"https:\/\/www.comedian-harmonists.net\/index.php?rest_route=\/wp\/v2\/types\/page"}],"author":[{"embeddable":true,"href":"https:\/\/www.comedian-harmonists.net\/index.php?rest_route=\/wp\/v2\/users\/1"}],"replies":[{"embeddable":true,"href":"https:\/\/www.comedian-harmonists.net\/index.php?rest_route=%2Fwp%2Fv2%2Fcomments&post=81"}],"version-history":[{"count":7,"href":"https:\/\/www.comedian-harmonists.net\/index.php?rest_route=\/wp\/v2\/pages\/81\/revisions"}],"predecessor-version":[{"id":1701,"href":"https:\/\/www.comedian-harmonists.net\/index.php?rest_route=\/wp\/v2\/pages\/81\/revisions\/1701"}],"up":[{"embeddable":true,"href":"https:\/\/www.comedian-harmonists.net\/index.php?rest_route=\/wp\/v2\/pages\/18"}],"wp:attachment":[{"href":"https:\/\/www.comedian-harmonists.net\/index.php?rest_route=%2Fwp%2Fv2%2Fmedia&parent=81"}],"curies":[{"name":"wp","href":"https:\/\/api.w.org\/{rel}","templated":true}]}}