{"id":897,"date":"2014-06-20T01:44:36","date_gmt":"2014-06-19T23:44:36","guid":{"rendered":"http:\/\/www.comedian-harmonists.net\/?page_id=897"},"modified":"2014-06-20T02:42:19","modified_gmt":"2014-06-20T00:42:19","slug":"die-kardosch-saenger","status":"publish","type":"page","link":"https:\/\/www.comedian-harmonists.net\/?page_id=897","title":{"rendered":"Kardosch-S\u00e4nger"},"content":{"rendered":"<p><strong>von Josef Westner<\/strong><br \/>\n&nbsp;<br \/>\n<div id=\"attachment_899\" style=\"width: 906px\" class=\"wp-caption aligncenter\"><a href=\"http:\/\/www.comedian-harmonists.net\/wp-content\/uploads\/KS1.jpg\"><img loading=\"lazy\" decoding=\"async\" aria-describedby=\"caption-attachment-899\" src=\"http:\/\/www.comedian-harmonists.net\/wp-content\/uploads\/KS1.jpg\" alt=\"Eines der bekanntesten Bilder der Kardosch-S\u00e4nger, entstanden im Berliner Wintergarten. V.l.n.r.: Istv\u00e1n Kardo\u0161, Zeno Costa, Rudi Schuricke, Fritz Angermann \u2013 unten: Paul von Nyiri\" width=\"896\" height=\"653\" class=\"size-full wp-image-899\" srcset=\"https:\/\/www.comedian-harmonists.net\/wp-content\/uploads\/KS1.jpg 896w, https:\/\/www.comedian-harmonists.net\/wp-content\/uploads\/KS1-300x218.jpg 300w\" sizes=\"auto, (max-width: 896px) 100vw, 896px\" \/><\/a><p id=\"caption-attachment-899\" class=\"wp-caption-text\">Eines der bekanntesten Bilder der Kardosch-S\u00e4nger, entstanden im Berliner Wintergarten. V.l.n.r.: Istv\u00e1n Kardo\u0161, Zeno Costa, Rudi Schuricke, Fritz Angermann \u2013 unten: Paul von Nyiri<\/p><\/div><\/p>\n<h3 style=\"text-align: center;\">Jedes weitere Wort ist zuviel<\/h3>\n<p>&nbsp;<br \/>\n<strong>\u201eEs war im Januar. Wir fuhren t\u00e4glich 3 bis 5 Stunden mit unserem wundersch\u00f6nen, stromlinierten \u201aFunkexpre\u00df\u2019 \u00fcber verschneite und vereiste Chausseen. Jeden Tag eine neue Stadt, ein neues Hotel, ein neuer Saal, ein neues Publikum. Dann ins Bett! Pl\u00f6tzlich klopft es dreimal. Ich traue meinen Ohren nicht. Wieder dreimal, etwas energischer. \u201aWer ist denn da?\u2019 \u2013 \u201aFremdenpolizei! Winterhilfe! Verehrer! usw.\u2019 vernehme ich die etwas angeheiterte Stimme unseres Managers. Um Gottes Willen, was ist dann nachts um 3 Uhr los? \u201aIn der Bar beginnt gerade ein Nachtkabarett, das Volks w\u00fcnscht die Kardosch-S\u00e4nger zu h\u00f6ren, die anderen vier sind schon da\u2019. Nach zwanzig Minuten taumeln von allen Seite schlaftrunken, aber pflichtbewu\u00dft-solidarische Kardosch-S\u00e4nger \u2013 die alle mit demselben Trick geweckt wurden \u2013 in die mit vornehmem Publikum besetzte Bar; sie fluchten noch eine Weile, dann ergaben sie sich ihrem Schicksal. Wir sangen uns in die Sektstimmung der Anwesenden hinein. Unsere Rache war barmherzig. Wir gingen mit einem Tablett \u2013 nach alter Zigeunerart \u2013 im Saal herum und bald war die Winterhilfe um einige hundert Mark reicher geworden. Die Zeitungen waren am n\u00e4chsten Tage voll davon. Meine Emp\u00f6rung \u00fcber die n\u00e4chtliche Ruhest\u00f6rung war dadurch bes\u00e4nftigt, doch ist seither mein fester Glaube an \u201aMy home \u2013 my castle\u2019 m\u00e4chtig ersch\u00fcttert und so oft ich seitdem im Palasthotel \u00fcbernachte, \u00fcbermannt mich eine komische Angst und ein unsicheres Gef\u00fchl. Und wenn ich schlafen gehe, stopfe ich mir Watte in die Ohren, um so gegen solche moralischen \u00dcberf\u00e4lle einigerma\u00dfen gesch\u00fctzt zu sein.\u201c<\/strong><\/p>\n<p>Diese Anekdote, die (angeblich) Stephan Kardosch 1935 f\u00fcr den \u201eTon\u201c zu Papier brachte, mag der Fantasie der Lindstr\u00f6m A.G. entsprungen sein, die f\u00fcr das Werbe-\u201eMagazin f\u00fcr Musik- und Tanzfreunde\u201c verantwortlich zeichnete. Andererseits zeigt die Geschichte doch die Beliebtheit der Gruppe, die im Kern durchaus der Realit\u00e4t entsprochen haben d\u00fcrfte. \u00dcberhaupt scheint es von den Kardosch-S\u00e4ngern mehr Mythen als Fakten zu geben \u2013 auch von Erna Eggstein, der ersten Frau des Comedian-Harmonists-Gr\u00fcnders Harry Frommermann ist eine entsprechende Legende \u00fcberliefert: Es soll einen Moment in der Geschichte der Comedian Harmonists gegeben haben, wo dem Gruppengr\u00fcnder der Ausschluss aus dem Ensemble drohte. Seine Frau will davon durch die Kardosch-S\u00e4nger erfahren haben, die sich am Nachbartisch eines Lokals lautstark dar\u00fcber freuten, dass Frommermann bald als neuer Kollege zu ihnen sto\u00dfen werde. Die ersch\u00fctterte Erna Eggstein soll ihrem geknickten Mann geraten haben, sich unentbehrlich zu machen und so viele Arrangements wie nur m\u00f6glich zu schreiben. Harry Frommermann blieb bekanntlich bei den Comedian Harmonists \u2013 was an dieser Geschichte Mythos, was Wahrheit ist, wird man wohl nie endg\u00fcltig erfahren. Eines aber steht fest: Die Kardosch-S\u00e4nger hatten Mitte der 1930er Jahre einen exzellenten Ruf. Wenn es f\u00fcr die Comedian Harmonists \u00fcberhaupt so etwas wie eine ernstzunehmende Konkurrenz gegeben hat \u2013 dann waren die Kardosch-S\u00e4nger die bedeutendsten Rivalen, die sich zwar in Stil und Repertoire an die Comedian Harmonists anlehnten, aber durchaus eine eigene, reizvolle Note entwickelten.<\/p>\n<p>Entscheidend f\u00fcr den Erfolg und die au\u00dfergew\u00f6hnliche Qualit\u00e4t der Gruppe waren sicher zwei Faktoren: Zum einen setzte sich das Ensemble aus vier begabten, unterschiedlichen Stimmen zusammen. Paul von Nyiri war nicht nur einer der profunden, sondern auch einer der technisch brillantesten B\u00e4sse, die zu jener Zeit f\u00fcr Gesangsgruppen t\u00e4tig waren. Seine solistische Dominanz bei St\u00fccken wie \u201eSchmetterlinge im Regen\u201c oder \u201eWer hat Angst vor dem b\u00f6sen Wolf?\u201c ist beeindruckend und begeisternd. Fritz Angermanns d\u00fcnne, anpassungsf\u00e4hige, trockene, \u2013 ja, man m\u00f6chte fast sagen \u2013 heisere Baritonstimme eignete sich hervorragend f\u00fcr lange, beinahe erz\u00e4hlte Textpassagen wie \u201eIn Turkestan\u201c, \u201eWenn der Bobby und die Lisa\u201c oder \u201eWovon soll der Schornstein rauchen?\u201c. Die feine Stimme des zweiten Tenors Rudi Schuricke wurde nicht nur bei leisen, dezenten Titeln in Szene gesetzt (\u201eKleine Rosmarie\u201c), sondern schmiegte sich wenn n\u00f6tig auch perfekt an den ersten Tenor (\u201eSie hie\u00df Marietta\u201c). Die F\u00e4higkeit Schurickes, Instrumente zu imitieren, war mit der des Comedian-Harmonists-Gr\u00fcnders Frommermann durchaus vergleichbar \u2013 \u201eDer kleine Postillon\u201c und \u201eSie tr\u00e4gt ein kleines J\u00e4ckchen in blau\u201c sind hier als Paradebeispiele zu nennen. Obwohl Zeno Costa nur selten rein solistisch in Erscheinung trat \u2013 einzig \u201eAde zur guten Nacht\u201c ist mir als gr\u00f6\u00dfere Ausnahme dieser Regel pr\u00e4sent \u2013, trug er mit seinem oft melodief\u00fchrenden, klaren, in den H\u00f6hen strahlenden Tenor entscheidend zum unverwechselbaren Klang der Gruppe bei. Den F\u00e4higkeiten dieser vier S\u00e4nger wurde in den Arrangements Rechnung getragen, womit wir beim zweiten Erfolgsfaktor des Ensembles angelangt sind: Die S\u00e4tze von Stephan Kardosch hoben sich nicht nur auf Grund ihrer Kreativit\u00e4t und der Auswahl des Repertoires von \u00fcbrigen Vokalgruppen ab, sondern zeichneten sich auch dadurch aus, dass die vier S\u00e4nger gekonnt in Szene gesetzt wurden \u2013 Schw\u00e4chen der einzelnen Stimmen wurden zumeist geschickt umgangen. Viele Einspielungen \u2013 besonders deutlich bei \u201eWarum, weshalb, wieso?\u201c und \u201eViele hunderttausend wei\u00dfe Bl\u00fcten\u201c \u2013 belegen, dass der Klavierpart weniger als Begleitung, sondern vielmehr als f\u00fcnfte Stimme gedacht war, die jedes Lied wie ein roter Faden motivisch durchzog und zusammenband.<\/p>\n<p><a href=\"http:\/\/www.comedian-harmonists.net\/wp-content\/uploads\/KS2.jpg\"><img loading=\"lazy\" decoding=\"async\" src=\"http:\/\/www.comedian-harmonists.net\/wp-content\/uploads\/KS2.jpg\" alt=\"Kardosch S\u00e4nger - 2\" width=\"895\" height=\"653\" class=\"aligncenter size-full wp-image-900\" srcset=\"https:\/\/www.comedian-harmonists.net\/wp-content\/uploads\/KS2.jpg 895w, https:\/\/www.comedian-harmonists.net\/wp-content\/uploads\/KS2-300x218.jpg 300w\" sizes=\"auto, (max-width: 895px) 100vw, 895px\" \/><\/a><\/p>\n<p>Istv\u00e1n Kardo\u0161, wie der Ungar eigentlich hie\u00df, hatte die Gesangsgruppe wohl Mitte 1932 aufgebaut. Vokalgruppenerfahrungen hatte Kardo\u0161 vorher bereits bei den Five Songs gesammelt \u2013 die Zusammenh\u00e4nge zwischen diesem Ensemble und den Kardosch-S\u00e4ngern sind bis heute nicht gekl\u00e4rt. Vielfach wird davon ausgegangen, dass letzteres Ensemble eine Art Nachfolgegruppe der Five Songs ist. Personelle Kontinuit\u00e4ten lassen sich dabei aber kaum feststellen. Lediglich der zweite Tenor der Anfangsphase k\u00f6nnte den Five Songs entstammen \u2013 sein Name ist allerdings nicht belegt. Bekannt ist lediglich, dass Rudi Schuricke erst ein Jahr nach der Gr\u00fcndung zum Ensemble stie\u00df, angeblich weil Kardo\u0161 ihn \u00fcber den K\u00f6nigsberger Rundfunk geh\u00f6rt hatte und von seiner Stimme begeistert war \u2013 ein weiterer Mythos der Gruppengeschichte. Erstmals zu h\u00f6ren ist Schuricke in der Einspielung von \u201eHallo, kleines Fr\u00e4ulein\u201c mit Barnabas von G\u00e9czy vom Oktober 1933. Mit ihm und seinem Orchester waren die Kardosch-S\u00e4nger Anfang 1935 auch auf Deutschlandtournee. Dar\u00fcber hinaus sind nur wenige Auftritte und Konzertreisen der Gruppe belegt \u2013 Tourneen nach D\u00e4nemark und in die Niederlande, Rundfunkengagements in Kopenhagen, Hilversum, Frankfurt und Berlin, Reisen durch ganz Deutschland und nat\u00fcrlich Auftritte in der Reichshauptstadt, darunter eine halbj\u00e4hrige Verpflichtung an das Theater am Kurf\u00fcrstendamm.<\/p>\n<p>Die davon erhaltenen Pressestimmen zeichnen ein durchgehend positives Bild der Publikumsreaktionen:<\/p>\n<blockquote><p>Vier auserlesene Stimmen, die zusammen einen Klang ergeben, der in Sch\u00f6nheit und Feinheit die Comedian Harmonists \u00fcbertrifft.<br \/>\nEin \u00e4u\u00dferst musikalisches und kultiviertes Quartett mit einem Repertoire, das alle Register von Schuberts \u201eSt\u00e4ndchen\u201c bis \u201eStormy weather\u201c und \u201eButterflies in the rain\u201c zieht.<br \/>\nDvorak\u2019s Humoresque wurde mit einer technischen Meisterschaft gesungen, die imponiert.<br \/>\nKopenhagen, 1933<\/p><\/blockquote>\n<blockquote><p>Mit ihren k\u00fcnstlerisch fein abgestimmten und mit schauspielerischem Elan vorgetragenen Liedern brachten sie gesangliche Kammermusik mit feinster Modulation.<br \/>\nM\u00fcnchen, 1934<\/p><\/blockquote>\n<blockquote><p>Den harmonischen Zusammenklang stimmlicher und mimischer Leistungen wussten sie zu beispiellosen Wirkungen zu gestalten.<br \/>\nMannheim, 1934<\/p><\/blockquote>\n<blockquote><p>Dann aber kam der Haupterfolg des Abends: die Kardosch-S\u00e4nger. Mit ihren humorvollen, k\u00fcnstlerisch fein abgestimmten Darbietungen versetzten sie das Publikum in ungeheuere Begeisterung, die nach jedem Auftreten noch m\u00e4chtiger anschwoll und sich fast nicht mehr legen wollte.<br \/>\nFriedrichshafen, 1934<\/p><\/blockquote>\n<blockquote><p>Es grenzt oftmals an Stimmbandakrobatik in kaum zu \u00fcbertreffender harmonischer Zusammenarbeit.<br \/>\nKarlsruhe, 1934\n<\/p><\/blockquote>\n<blockquote><p>Das singt und klingt, wie ein Instrument. H\u00f6chstkultivierte Sprache vereinigt sich mit farbigster Tongebung.<br \/>\nNeunkirchen, 1934<\/p><\/blockquote>\n<div id=\"attachment_901\" style=\"width: 768px\" class=\"wp-caption aligncenter\"><a href=\"http:\/\/www.comedian-harmonists.net\/wp-content\/uploads\/KS3.jpg\"><img loading=\"lazy\" decoding=\"async\" aria-describedby=\"caption-attachment-901\" src=\"http:\/\/www.comedian-harmonists.net\/wp-content\/uploads\/KS3.jpg\" alt=\"Werbeannonce aus dem Kuranzeiger von Bad W\u00f6rishofen vom August 1934\" width=\"758\" height=\"665\" class=\"size-full wp-image-901\" srcset=\"https:\/\/www.comedian-harmonists.net\/wp-content\/uploads\/KS3.jpg 758w, https:\/\/www.comedian-harmonists.net\/wp-content\/uploads\/KS3-300x263.jpg 300w\" sizes=\"auto, (max-width: 758px) 100vw, 758px\" \/><\/a><p id=\"caption-attachment-901\" class=\"wp-caption-text\">Werbeannonce aus dem Kuranzeiger von Bad W\u00f6rishofen vom August 1934<\/p><\/div>\n<p>Bedenkt man die Qualit\u00e4t der Gruppe und die zitierte Begeisterung allerorten, wirkt das folgende negative Urteil, am 8. M\u00e4rz 1935 in den Kieler Neuesten Nachrichten gedruckt, geradezu kurios: \u201eEine Entt\u00e4uschung waren dagegen \u2013 offen gesagt \u2013 die den Rundfunkh\u00f6rern schon bekannten F\u00fcnf Kardosch-S\u00e4nger, eine trockene Imitation der Comedian Harmonists, denen sie weder an Stimmmaterial noch an Kehlfertigkeit entfernt gleichkommen. Solange sie flotte Schlager mit Humor bringen, wird man sie noch gern h\u00f6ren, bei etwas schwierigeren Aufgaben hapert es bereits. Wenn aber schlie\u00dflich gar Schuberts \u201aSt\u00e4ndchen\u2019 von einem schm\u00e4chtigen, gedeckten Falsett-Tenor gehaucht wird, w\u00e4hrend die \u00fcbrigen S\u00e4nger eine Begleitung auf die Silben \u201ahm, hm, pang, pang, lori, lori\u2019 u.s.w. dazusummen \u2013 dann ist das weder sch\u00f6n, noch geschmackvoll!\u201c So sehr diese Bewertung auch eine Frage des pers\u00f6nlichen Geschmacks sein mag, der Vergleich, die Rivalit\u00e4t, die Konkurrenz der beiden Gruppen verfolgt die Kardosch-S\u00e4nger \u2013 damals wie heute.<\/p>\n<p>Selbst die Verpflichtung f\u00fcr den Film \u201eRoman einer Nacht\u201c verdanken sie den Comedian Harmonists, die, wie eine Vereinbarung im Nachlass des Comedian-Harmonists-Basses Robert Biberti beweist, eigentlich f\u00fcr den Streifen vorgesehen waren. Als die Comedian Harmonists \u2013 aus welchen Gr\u00fcnden auch immer \u2013 die Aufnahmetermine nicht wahrnehmen konnten, sprangen die Kardosch-S\u00e4nger ein. M\u00f6glicherweise so kurzfristig, dass nicht alle S\u00e4nger f\u00fcr die Aufnahme vor der Kamera zur Verf\u00fcgung standen und durch Statisten ersetzt wurden? Vielleicht sind Tenor Zeno Coste und Bariton Fritz Angermann deshalb im Bild nicht zu identifizieren, obwohl unzweifelhaft zu h\u00f6ren? Das Ensemble tritt jedenfalls beim finalen Ball der Filmhandlung mit \u201eEin kleines bisschen Liebe\u201c und dem Titellied in Erscheinung. Obwohl die Stimmen zweifelsfrei die der Kardosch-S\u00e4nger \u2013 noch ohne Rudi Schuricke \u2013 sind, l\u00e4sst sich bei den zeitweiligen Gro\u00dfaufnahmen im Film nur Bass Paul von Nyiri eindeutig erkennen. Vergleiche mit Bildern \u2013 auch mit Fotos der vermeintlichen Vorg\u00e4nger Five Songs \u2013 lieferten keine \u00dcbereinstimmungen.<\/p>\n<p><a href=\"http:\/\/www.comedian-harmonists.net\/wp-content\/uploads\/KS4.jpg\"><img loading=\"lazy\" decoding=\"async\" src=\"http:\/\/www.comedian-harmonists.net\/wp-content\/uploads\/KS4.jpg\" alt=\"Kardosch S\u00e4nger - 4\" width=\"719\" height=\"993\" class=\"aligncenter size-full wp-image-902\" srcset=\"https:\/\/www.comedian-harmonists.net\/wp-content\/uploads\/KS4.jpg 719w, https:\/\/www.comedian-harmonists.net\/wp-content\/uploads\/KS4-217x300.jpg 217w\" sizes=\"auto, (max-width: 719px) 100vw, 719px\" \/><\/a><\/p>\n<p>Dieses Aushilfsengagement darf nicht dar\u00fcber hinwegt\u00e4uschen (ist vielmehr Beleg daf\u00fcr), dass die Kardosch-S\u00e4nger im Filmgesch\u00e4ft bereits bestens etabliert waren. Bereits 1932 wurden drei Spielfilme ver\u00f6ffentlicht, an denen sie mitgewirkt hatten \u2013 \u201eJa, treu ist die Soldatenliebe\u201c, \u201eModerne Mitgift\u201c und \u201eGr\u00fcn ist die Heide\u201c \u2013, 1933 folgten mit \u201eTausend f\u00fcr einen Nacht\u201c, \u201eKeinen Tag ohne dich\u201c, \u201eRoman einer Nacht\u201c und \u201eGl\u00fcckliche Reise\u201c vier weitere. Nur die beiden letztgenannten sind \u2013 soweit mir bekannt \u2013 erhalten, wobei die Kardosch-S\u00e4nger in \u201eGl\u00fcckliche Reise\u201c ausschlie\u00dflich zu h\u00f6ren sind. Beginnend im Vorspann leiten die S\u00e4nger den Film mit dem Lied \u201eDr\u00fcben in der Heimat\u201c ein. Statt des Ensembles selbst, das hier Ekkehard Arendt begleitet, ist eine Gruppe Farbiger im Bild zu sehen.<\/p>\n<p>Bei allen Erfolgen \u2013 die Kardosch-S\u00e4nger sind wohl in einem weiteren Punkt den Comedian Harmonists \u00e4hnlich: Beide Gruppen erlitten das gleiche Schicksal. Die Kardosch-S\u00e4nger verschwinden fast zeitgleich, nur wenige Monate nach den Comedian Harmonists, von den B\u00fchnen, aus den Film-, Platten- und Rundfunkstudios. Die Gr\u00fcnde daf\u00fcr sind nicht bekannt \u2013 die j\u00fcdische Abstammung einzelner Ensemblemitglieder oder eine Arbeitserschwernis f\u00fcr ausl\u00e4ndische Musiker bleiben reine Spekulation. Belegbar ist, dass zumindest Paul von Nyiri nach 1936 aus dem Berliner Adressbuch verschwindet und wie sein Landsmann Istv\u00e1n Kardo\u0161 wieder in Ungarn auftaucht. Zeno Costa \u2013 nicht Coste, wie meist \u00f6ffentlich angegeben \u2013 blieb dagegen in Deutschland, half zwischenzeitlich beim Meister-Sextett als zweiter Tenor aus und war zumindest bis 1942 Mitglied der Genossenschaft deutscher B\u00fchnenangeh\u00f6riger. Rudi Schuricke fand bei den Spree-Revellers eine neue musikalische Heimat, w\u00e4hrend Fritz Angermann wohl als Kleindarsteller in die Filmbranche wechselte.<\/p>\n<div id=\"attachment_903\" style=\"width: 844px\" class=\"wp-caption aligncenter\"><a href=\"http:\/\/www.comedian-harmonists.net\/wp-content\/uploads\/KS5.jpg\"><img loading=\"lazy\" decoding=\"async\" aria-describedby=\"caption-attachment-903\" src=\"http:\/\/www.comedian-harmonists.net\/wp-content\/uploads\/KS5.jpg\" alt=\"Am 19. Januar 1935 mit dem \u201eEmde-Orchester\u201c in Dessau, v.l.n.r.: Zeno Costa, Rudi Schuricke, Fritz Angermann und Paul von Nyiri\" width=\"834\" height=\"1087\" class=\"size-full wp-image-903\" srcset=\"https:\/\/www.comedian-harmonists.net\/wp-content\/uploads\/KS5.jpg 834w, https:\/\/www.comedian-harmonists.net\/wp-content\/uploads\/KS5-230x300.jpg 230w, https:\/\/www.comedian-harmonists.net\/wp-content\/uploads\/KS5-785x1024.jpg 785w\" sizes=\"auto, (max-width: 834px) 100vw, 834px\" \/><\/a><p id=\"caption-attachment-903\" class=\"wp-caption-text\">Am 19. Januar 1935 mit dem \u201eEmde-Orchester\u201c in Dessau, v.l.n.r.: Zeno Costa, Rudi Schuricke, Fritz Angermann und Paul von Nyiri<\/p><\/div>\n<p>Zwischen September 1932 und Dezember 1935 hatten die Kardosch-S\u00e4nger \u2013 vorwiegend f\u00fcr die Schallplattenfirmen Telefunken, Odeon und die Deutsche Grammophongesellschaft \u2013 rund 80 St\u00fccke eingespielt. Von der \u201eSonja vom Ural\u201c \u00fcber \u201eIn der Nacht, da gib acht!\u201c und \u201eWissen Sie schon?\u201c bis hin zu \u201eIch schw\u00f6re nur auf Liese\u201c haben sie dabei unz\u00e4hlige musikalische Kostbarkeiten geschaffen. Ihr perfekter Klangk\u00f6rper macht dieses umfangreiche Werkspektrum noch heute zu einem h\u00f6renswerten Schatz der Vokalgruppenszene jener Zeit. Und den unumg\u00e4nglichen Vergleich mit den legend\u00e4ren Comedian Harmonists brauchen die Kardosch-S\u00e4nger dabei nicht zu scheuen. Ganz im Gegenteil. Oder, wie die Wiesbadener Zeitung im Januar 1934 titelte: \u201eJedes weitere Wort ist bei ihrem vollendeten K\u00fcnstlertum zuviel\u201c.<br \/>\n&nbsp;<\/p>\n<p style=\"text-align: center;\"><a href=\"http:\/\/www.comedian-harmonists.net\/wp-content\/uploads\/KSLabel-1.jpg\"><img loading=\"lazy\" decoding=\"async\" src=\"http:\/\/www.comedian-harmonists.net\/wp-content\/uploads\/KSLabel-1-150x150.jpg\" alt=\"KSLabel 1\" width=\"150\" height=\"150\" class=\"alignnone size-thumbnail wp-image-904\" srcset=\"https:\/\/www.comedian-harmonists.net\/wp-content\/uploads\/KSLabel-1-150x150.jpg 150w, https:\/\/www.comedian-harmonists.net\/wp-content\/uploads\/KSLabel-1-300x300.jpg 300w, https:\/\/www.comedian-harmonists.net\/wp-content\/uploads\/KSLabel-1-330x330.jpg 330w, https:\/\/www.comedian-harmonists.net\/wp-content\/uploads\/KSLabel-1.jpg 567w\" sizes=\"auto, (max-width: 150px) 100vw, 150px\" \/><\/a><a href=\"http:\/\/www.comedian-harmonists.net\/wp-content\/uploads\/KSLabel-2.jpg\"><img loading=\"lazy\" decoding=\"async\" src=\"http:\/\/www.comedian-harmonists.net\/wp-content\/uploads\/KSLabel-2-150x150.jpg\" alt=\"KSLabel 2\" width=\"150\" height=\"150\" class=\"alignnone size-thumbnail wp-image-905\" srcset=\"https:\/\/www.comedian-harmonists.net\/wp-content\/uploads\/KSLabel-2-150x150.jpg 150w, https:\/\/www.comedian-harmonists.net\/wp-content\/uploads\/KSLabel-2-300x300.jpg 300w, https:\/\/www.comedian-harmonists.net\/wp-content\/uploads\/KSLabel-2-330x330.jpg 330w, https:\/\/www.comedian-harmonists.net\/wp-content\/uploads\/KSLabel-2.jpg 567w\" sizes=\"auto, (max-width: 150px) 100vw, 150px\" \/><\/a><a href=\"http:\/\/www.comedian-harmonists.net\/wp-content\/uploads\/KSLabel-3.jpg\"><img loading=\"lazy\" decoding=\"async\" src=\"http:\/\/www.comedian-harmonists.net\/wp-content\/uploads\/KSLabel-3-150x150.jpg\" alt=\"KSLabel 3\" width=\"150\" height=\"150\" class=\"alignnone size-thumbnail wp-image-906\" srcset=\"https:\/\/www.comedian-harmonists.net\/wp-content\/uploads\/KSLabel-3-150x150.jpg 150w, https:\/\/www.comedian-harmonists.net\/wp-content\/uploads\/KSLabel-3-300x300.jpg 300w, https:\/\/www.comedian-harmonists.net\/wp-content\/uploads\/KSLabel-3-330x330.jpg 330w, https:\/\/www.comedian-harmonists.net\/wp-content\/uploads\/KSLabel-3.jpg 567w\" sizes=\"auto, (max-width: 150px) 100vw, 150px\" \/><\/a><br \/>\n<a href=\"http:\/\/www.comedian-harmonists.net\/wp-content\/uploads\/KSLabel-4.jpg\"><img loading=\"lazy\" decoding=\"async\" src=\"http:\/\/www.comedian-harmonists.net\/wp-content\/uploads\/KSLabel-4-150x150.jpg\" alt=\"KSLabel 4\" width=\"150\" height=\"150\" class=\"alignnone size-thumbnail wp-image-907\" srcset=\"https:\/\/www.comedian-harmonists.net\/wp-content\/uploads\/KSLabel-4-150x150.jpg 150w, https:\/\/www.comedian-harmonists.net\/wp-content\/uploads\/KSLabel-4-300x300.jpg 300w, https:\/\/www.comedian-harmonists.net\/wp-content\/uploads\/KSLabel-4-330x330.jpg 330w, https:\/\/www.comedian-harmonists.net\/wp-content\/uploads\/KSLabel-4.jpg 567w\" sizes=\"auto, (max-width: 150px) 100vw, 150px\" \/><\/a><a href=\"http:\/\/www.comedian-harmonists.net\/wp-content\/uploads\/KSLabel-5.jpg\"><img loading=\"lazy\" decoding=\"async\" src=\"http:\/\/www.comedian-harmonists.net\/wp-content\/uploads\/KSLabel-5-150x150.jpg\" alt=\"KSLabel 5\" width=\"150\" height=\"150\" class=\"alignnone size-thumbnail wp-image-908\" srcset=\"https:\/\/www.comedian-harmonists.net\/wp-content\/uploads\/KSLabel-5-150x150.jpg 150w, https:\/\/www.comedian-harmonists.net\/wp-content\/uploads\/KSLabel-5-300x300.jpg 300w, https:\/\/www.comedian-harmonists.net\/wp-content\/uploads\/KSLabel-5-330x330.jpg 330w, https:\/\/www.comedian-harmonists.net\/wp-content\/uploads\/KSLabel-5.jpg 567w\" sizes=\"auto, (max-width: 150px) 100vw, 150px\" \/><\/a><\/p>\n<p>&nbsp;<\/p>\n<hr align=\"center\" size=\"2\" width=\"100%\">\n&nbsp;<br \/>\n<em>Ohne die umfassende Hilfe zahlreicher Sammlerkollegen und Historiker w\u00e4re dieser Artikel nicht m\u00f6glich gewesen. Daher m\u00f6chte ich mich ganz herzlich bei Hans Buchholz, Michael Hortig, Karsten Lehl, Theo Niemeyer, G\u00e9za G\u00e1bor Simon und vor allem Hans-Joachim Schr\u00f6er bedanken.<\/em><br \/>\n&nbsp;<\/p>\n<p style=\"text-align: center;\">(Dieser Artikel ist urspr\u00fcnglich im Rahmen der Internetpr\u00e4senz <a href=\"http:\/\/grammophon-platten.de\/page.php?64\" title=\"Die Kardosch S\u00e4nger\" target=\"_blank\"><strong>Grammophon-Platten.de<\/strong><\/a> erschienen.)<\/p>\n<p>&nbsp;<\/p>\n","protected":false},"excerpt":{"rendered":"<p>von Josef Westner &nbsp; Jedes weitere Wort ist zuviel &nbsp; \u201eEs war im Januar. Wir fuhren t\u00e4glich 3 bis 5 Stunden mit unserem wundersch\u00f6nen, stromlinierten \u201aFunkexpre\u00df\u2019 \u00fcber verschneite und vereiste&hellip; <\/p>\n","protected":false},"author":1,"featured_media":0,"parent":42,"menu_order":0,"comment_status":"closed","ping_status":"closed","template":"","meta":{"footnotes":""},"class_list":["post-897","page","type-page","status-publish","hentry"],"_links":{"self":[{"href":"https:\/\/www.comedian-harmonists.net\/index.php?rest_route=\/wp\/v2\/pages\/897","targetHints":{"allow":["GET"]}}],"collection":[{"href":"https:\/\/www.comedian-harmonists.net\/index.php?rest_route=\/wp\/v2\/pages"}],"about":[{"href":"https:\/\/www.comedian-harmonists.net\/index.php?rest_route=\/wp\/v2\/types\/page"}],"author":[{"embeddable":true,"href":"https:\/\/www.comedian-harmonists.net\/index.php?rest_route=\/wp\/v2\/users\/1"}],"replies":[{"embeddable":true,"href":"https:\/\/www.comedian-harmonists.net\/index.php?rest_route=%2Fwp%2Fv2%2Fcomments&post=897"}],"version-history":[{"count":6,"href":"https:\/\/www.comedian-harmonists.net\/index.php?rest_route=\/wp\/v2\/pages\/897\/revisions"}],"predecessor-version":[{"id":947,"href":"https:\/\/www.comedian-harmonists.net\/index.php?rest_route=\/wp\/v2\/pages\/897\/revisions\/947"}],"up":[{"embeddable":true,"href":"https:\/\/www.comedian-harmonists.net\/index.php?rest_route=\/wp\/v2\/pages\/42"}],"wp:attachment":[{"href":"https:\/\/www.comedian-harmonists.net\/index.php?rest_route=%2Fwp%2Fv2%2Fmedia&parent=897"}],"curies":[{"name":"wp","href":"https:\/\/api.w.org\/{rel}","templated":true}]}}